{"id":133,"date":"2025-03-20T18:04:56","date_gmt":"2025-03-20T18:04:56","guid":{"rendered":"https:\/\/symwair.com\/?page_id=133"},"modified":"2026-03-27T11:35:01","modified_gmt":"2026-03-27T10:35:01","slug":"podminky-pouziti","status":"publish","type":"page","link":"https:\/\/symwair.com\/cs\/terms-of-use\/","title":{"rendered":"Podm\u00ednky pou\u017eit\u00ed"},"content":{"rendered":"<div class=\"wp-block-group has-global-padding is-layout-constrained wp-block-group-is-layout-constrained\">\n<h4 class=\"wp-block-heading has-base-color has-text-color has-link-color wp-elements-8410c29562dbdcba4ea33939a5f8f6f3\">1. <strong>Zaveden\u00ed<\/strong> <\/h4>\n\n\n\n<p class=\"has-base-color has-text-color has-link-color wp-elements-5e901612d0b5a781bc65c237323d2ae9\">Tyto podm\u00ednky pou\u017eit\u00ed upravuj\u00ed pou\u017e\u00edv\u00e1n\u00ed webov\u00fdch str\u00e1nek um\u00edst\u011bn\u00fdch na adrese <strong>symwair.com<\/strong> (d\u00e1le jen \u201estr\u00e1nka\u201c), kterou provozuje <strong>SYMWAIR<\/strong>. Vstupem na str\u00e1nky nebo jejich pou\u017e\u00edv\u00e1n\u00edm souhlas\u00edte s t\u00edm, \u017ee budete dodr\u017eovat tyto Podm\u00ednky a budete jimi v\u00e1z\u00e1ni. Pokud s t\u011bmito Podm\u00ednkami nesouhlas\u00edte, nem\u011bli byste str\u00e1nky pou\u017e\u00edvat.<\/p>\n\n\n\n<h4 class=\"wp-block-heading has-base-color has-text-color has-link-color wp-elements-efcfd88ffb8ccbb06a355c553908fafd\">2. <strong>Definice<\/strong><\/h4>\n\n\n\n<ol class=\"wp-block-list\">\n<li><\/li>\n<\/ol>\n\n\n\n<ul class=\"wp-block-list\">\n<li class=\"has-base-color has-text-color has-link-color wp-elements-5e2d39b4cc00334e7476ee7dfe5940a6\"><strong>&quot;U\u017eivatel&quot;<\/strong>: Jak\u00e1koli osoba, kter\u00e1 p\u0159istupuje na str\u00e1nky nebo je pou\u017e\u00edv\u00e1.<\/li>\n\n\n\n<li class=\"has-base-color has-text-color has-link-color wp-elements-1926b4ab2c83ebbfa693a1ac34c26590\"><strong>&quot;Servis&quot;<\/strong>: Odkazuje na jak\u00e9koli slu\u017eby nab\u00edzen\u00e9 na Str\u00e1nce, v\u010detn\u011b, ale bez omezen\u00ed na konzultace, software a slu\u017eby z\u00e1kaznick\u00e9 podpory.<\/li>\n\n\n\n<li class=\"has-base-color has-text-color has-link-color wp-elements-13d849b0a1a3e9069de476b1ba1f822f\"><strong>&quot;Obsah&quot;<\/strong>: Zahrnuje ve\u0161ker\u00fd text, grafiku, obr\u00e1zky, videa a dal\u0161\u00ed materi\u00e1ly dostupn\u00e9 na Str\u00e1nce.<\/li>\n<\/ul>\n\n\n\n<h4 class=\"wp-block-heading has-base-color has-text-color has-link-color wp-elements-f8b538b91405ec971929c1a6d49314ee\"><strong>3. P\u0159ijet\u00ed podm\u00ednek<\/strong> <\/h4>\n\n\n\n<p class=\"has-base-color has-text-color has-link-color wp-elements-3383068a9c5d26a24c22210ba1fe8f9f\">Vstupem na str\u00e1nky nebo jejich pou\u017e\u00edv\u00e1n\u00edm souhlas\u00edte s dodr\u017eov\u00e1n\u00edm t\u011bchto podm\u00ednek a v\u0161ech p\u0159\u00edslu\u0161n\u00fdch z\u00e1kon\u016f a na\u0159\u00edzen\u00ed, v\u010detn\u011b z\u00e1kon\u016f EU o ochran\u011b dat, z\u00e1kon\u016f o du\u0161evn\u00edm vlastnictv\u00ed a z\u00e1kon\u016f upravuj\u00edc\u00edch online obchod.<\/p>\n\n\n\n<h4 class=\"wp-block-heading has-base-color has-text-color has-link-color wp-elements-d0b4dc8fd469946914f4984bef93ff66\"><strong>4. Pou\u017e\u00edv\u00e1n\u00ed str\u00e1nek<\/strong> <\/h4>\n\n\n\n<p class=\"has-base-color has-text-color has-link-color wp-elements-a4e15431d23167ffbd1699c4b49b5507\">Str\u00e1nky m\u016f\u017eete pou\u017e\u00edvat pouze pro z\u00e1konn\u00e9 \u00fa\u010dely a souhlas\u00edte s t\u00edm, \u017ee se nebudete zapojovat do \u017e\u00e1dn\u00fdch \u010dinnost\u00ed, kter\u00e9 by mohly:<\/p>\n\n\n\n<ul class=\"wp-block-list\">\n<li class=\"has-base-color has-text-color has-link-color wp-elements-c398fbaf8b97e63b7d918ca172a603b7\">Poru\u0161ujte jak\u00e9koli m\u00edstn\u00ed, n\u00e1rodn\u00ed nebo mezin\u00e1rodn\u00ed z\u00e1kony nebo p\u0159edpisy.<\/li>\n\n\n\n<li class=\"has-base-color has-text-color has-link-color wp-elements-731e7e318f66c33d7a153ed15079c4dd\">Po\u0161kozovat, deaktivovat, p\u0159et\u011b\u017eovat nebo naru\u0161ovat str\u00e1nky.<\/li>\n\n\n\n<li class=\"has-base-color has-text-color has-link-color wp-elements-7404d421a56451ed3bd3f31d87ae48d0\">Poru\u0161ovat pr\u00e1va du\u0161evn\u00edho vlastnictv\u00ed spole\u010dnosti SYMWAIR nebo jak\u00e9koli t\u0159et\u00ed strany.<\/li>\n<\/ul>\n\n\n\n<h4 class=\"wp-block-heading has-base-color has-text-color has-link-color wp-elements-8aaaf40650604d41204af01b4df5202a\"><strong>5. Registrace \u00fa\u010dtu<\/strong> <\/h4>\n\n\n\n<p class=\"has-base-color has-text-color has-link-color wp-elements-bda96a8c1e43c54c36831eb98f2bc354\">Pro p\u0159\u00edstup k ur\u010dit\u00fdm slu\u017eb\u00e1m na Str\u00e1nce si mo\u017en\u00e1 budete muset zaregistrovat \u00fa\u010det. Souhlas\u00edte s t\u00edm, \u017ee b\u011bhem procesu registrace poskytnete p\u0159esn\u00e9, \u00fapln\u00e9 a aktu\u00e1ln\u00ed informace. Jste odpov\u011bdn\u00ed za zachov\u00e1n\u00ed d\u016fv\u011brnosti informac\u00ed o va\u0161em \u00fa\u010dtu.<\/p>\n\n\n\n<h4 class=\"wp-block-heading has-base-color has-text-color has-link-color wp-elements-4811d7d63daaff5f8afb1e2f0ec484e5\"><strong>6. Ochrana soukrom\u00ed a dat<\/strong> <\/h4>\n\n\n\n<p class=\"has-base-color has-text-color has-link-color wp-elements-1034eba5d01eb16601e13c3a1b150474\">SYMWAIR respektuje va\u0161e soukrom\u00ed. Va\u0161e pou\u017e\u00edv\u00e1n\u00ed str\u00e1nek se tak\u00e9 \u0159\u00edd\u00ed na\u0161imi <strong>Z\u00e1sady ochrany osobn\u00edch \u00fadaj\u016f<\/strong>, kter\u00fd vysv\u011btluje, jak shroma\u017e\u010fujeme, uchov\u00e1v\u00e1me a zpracov\u00e1v\u00e1me va\u0161e osobn\u00ed \u00fadaje v souladu s <strong>Obecn\u00e9 na\u0159\u00edzen\u00ed o ochran\u011b osobn\u00edch \u00fadaj\u016f (GDPR)<\/strong>.<\/p>\n\n\n\n<ul class=\"wp-block-list\">\n<li class=\"has-base-color has-text-color has-link-color wp-elements-02ae176ac628580dd9cf1746ef5f827d\"><strong>Spr\u00e1vce \u00fadaj\u016f<\/strong>: SYMWAIR je spr\u00e1vcem \u00fadaj\u016f pro zpracov\u00e1n\u00ed va\u0161ich osobn\u00edch \u00fadaj\u016f.<\/li>\n\n\n\n<li class=\"has-base-color has-text-color has-link-color wp-elements-d454f7a1ab1fd2f9604e80bd1618609a\"><strong>Va\u0161e pr\u00e1va<\/strong>: M\u00e1te pr\u00e1vo na p\u0159\u00edstup, opravu, vymaz\u00e1n\u00ed a omezen\u00ed zpracov\u00e1n\u00ed va\u0161ich osobn\u00edch \u00fadaj\u016f, jak je pops\u00e1no v Z\u00e1sad\u00e1ch ochrany osobn\u00edch \u00fadaj\u016f.<\/li>\n<\/ul>\n\n\n\n<h4 class=\"wp-block-heading has-base-color has-text-color has-link-color wp-elements-24f98bed0139a854da67bb7308149b62\"><strong>7. Soubory cookie<\/strong> <\/h4>\n\n\n\n<p class=\"has-base-color has-text-color has-link-color wp-elements-694f4d2976a9f53252e5bf4a9fad73cf\">Pou\u017e\u00edv\u00e1n\u00edm str\u00e1nek souhlas\u00edte s na\u0161\u00edm pou\u017e\u00edv\u00e1n\u00edm soubor\u016f cookie, jak je pops\u00e1no v na\u0161em <strong>Z\u00e1sady pou\u017e\u00edv\u00e1n\u00ed soubor\u016f cookie<\/strong>. P\u0159edvolby soubor\u016f cookie m\u016f\u017eete spravovat v nastaven\u00ed prohl\u00ed\u017ee\u010de.<\/p>\n\n\n\n<h4 class=\"wp-block-heading has-base-color has-text-color has-link-color wp-elements-b58cf480b157929d9bc08f246ebfb9b4\"><strong>8. Du\u0161evn\u00ed vlastnictv\u00ed<\/strong> <\/h4>\n\n\n\n<p class=\"has-base-color has-text-color has-link-color wp-elements-923caa1312a9eabf59c0b82a932b8f72\">Ve\u0161ker\u00fd obsah na str\u00e1nce je majetkem spole\u010dnosti SYMWAIR nebo jej\u00edch poskytovatel\u016f licenc\u00ed a je chr\u00e1n\u011bn autorsk\u00fdm pr\u00e1vem, ochrann\u00fdmi zn\u00e1mkami a dal\u0161\u00edmi z\u00e1kony o du\u0161evn\u00edm vlastnictv\u00ed. Bez v\u00fdslovn\u00e9ho souhlasu spole\u010dnosti SYMWAIR nesm\u00edte pou\u017e\u00edvat Obsah pro \u017e\u00e1dn\u00e9 komer\u010dn\u00ed \u00fa\u010dely.<\/p>\n\n\n\n<h4 class=\"wp-block-heading has-base-color has-text-color has-link-color wp-elements-4d10d9ae6988d240e97295be3c4f456c\"><strong>9. Odkazy t\u0159et\u00edch stran<\/strong> <\/h4>\n\n\n\n<p class=\"has-base-color has-text-color has-link-color wp-elements-d048d23b9f8a19746c8d13e7733295ea\">Str\u00e1nky mohou obsahovat odkazy na webov\u00e9 str\u00e1nky t\u0159et\u00edch stran. Spole\u010dnost SYMWAIR tyto str\u00e1nky nekontroluje ani neschvaluje a nenese odpov\u011bdnost za jejich obsah nebo postupy. Webov\u00e9 str\u00e1nky t\u0159et\u00edch stran nav\u0161t\u011bvujete na vlastn\u00ed nebezpe\u010d\u00ed.<\/p>\n\n\n\n<h4 class=\"wp-block-heading has-base-color has-text-color has-link-color wp-elements-3d059f794d7cbda60f0ceb6418cad8b9\"><strong>10. Z\u0159eknut\u00ed se odpov\u011bdnosti a omezen\u00ed odpov\u011bdnosti<\/strong><\/h4>\n\n\n\n<ul class=\"wp-block-list\">\n<li class=\"has-base-color has-text-color has-link-color wp-elements-f4fa893894ca99ea58645c9388aaa55b\">Str\u00e1nky a slu\u017eby jsou poskytov\u00e1ny \u201etak, jak jsou\u201c, bez jak\u00e9koli z\u00e1ruky, a\u0165 u\u017e v\u00fdslovn\u00e9 nebo p\u0159edpokl\u00e1dan\u00e9, v\u010detn\u011b, ale bez omezen\u00ed na p\u0159esnost nebo \u00faplnost obsahu nebo slu\u017eeb.<\/li>\n\n\n\n<li class=\"has-base-color has-text-color has-link-color wp-elements-74a9aca6ac2d125c4d342d0437348dc1\">Spole\u010dnost SYMWAIR nenese odpov\u011bdnost za \u017e\u00e1dn\u00e9 \u0161kody, ztr\u00e1ty nebo v\u00fddaje vypl\u00fdvaj\u00edc\u00ed z pou\u017e\u00edv\u00e1n\u00ed nebo nemo\u017enosti pou\u017e\u00edvat str\u00e1nky, s v\u00fdjimkou p\u0159\u00edpad\u016f, kdy to vy\u017eaduj\u00ed platn\u00e9 z\u00e1kony.<\/li>\n<\/ul>\n\n\n\n<h4 class=\"wp-block-heading has-base-color has-text-color has-link-color wp-elements-540a2a2eb5993af6cf04c093dda89d8e\"><strong>11. Rozhodn\u00e9 pr\u00e1vo<\/strong> <\/h4>\n\n\n\n<p class=\"has-base-color has-text-color has-link-color wp-elements-9730cab7d0a1d5d25960ed1216970049\">Tyto Podm\u00ednky se budou \u0159\u00eddit a vykl\u00e1dat v souladu se z\u00e1kony Evropsk\u00e9 unie a z\u00e1kony zem\u011b, kde je spole\u010dnost SYMWAIR usazena, bez ohledu na jej\u00ed kolizn\u00ed z\u00e1sady.<\/p>\n\n\n\n<h4 class=\"wp-block-heading has-base-color has-text-color has-link-color wp-elements-f0850f6d01ff4bb7f0c07dd507ca268d\"><strong>12. \u0158e\u0161en\u00ed spor\u016f<\/strong> <\/h4>\n\n\n\n<p class=\"has-base-color has-text-color has-link-color wp-elements-369612d513274a400f414fffa1bf5c97\">Jak\u00e9koli spory vypl\u00fdvaj\u00edc\u00ed z t\u011bchto Podm\u00ednek nebo s nimi souvisej\u00edc\u00ed budou podl\u00e9hat v\u00fdlu\u010dn\u00e9 jurisdikci soud\u016f v zemi, kde je spole\u010dnost SYMWAIR usazena, nestanov\u00ed-li z\u00e1vazn\u00e9 pr\u00e1vo EU jinak.<\/p>\n\n\n\n<h4 class=\"wp-block-heading has-base-color has-text-color has-link-color wp-elements-5157a1fd122e3b363cbae4705252cfa3\"><strong>13. \u00dapravy<\/strong> <\/h4>\n\n\n\n<p class=\"has-base-color has-text-color has-link-color wp-elements-1318746ae800bc9c25cd79278ce99f64\">Spole\u010dnost SYMWAIR si vyhrazuje pr\u00e1vo tyto Podm\u00ednky kdykoli upravit. Jak\u00e9koli zm\u011bny budou zve\u0159ejn\u011bny na t\u00e9to str\u00e1nce s aktualizovan\u00fdm datem revize. Doporu\u010dujeme v\u00e1m pravideln\u011b kontrolovat tyto Podm\u00ednky.<\/p>\n\n\n\n<h4 class=\"wp-block-heading has-base-color has-text-color has-link-color wp-elements-45617667ec6af0a268fd15d55a08d5a1\"><strong>14. Kontaktn\u00ed informace<\/strong> <\/h4>\n\n\n\n<p class=\"has-base-color has-text-color has-link-color wp-elements-c3982ac8570eacfb182a1b4e7c0af0b1\">M\u00e1te-li jak\u00e9koli dotazy nebo obavy t\u00fdkaj\u00edc\u00ed se t\u011bchto podm\u00ednek, kontaktujte n\u00e1s na adrese:<\/p>\n\n\n\n<ul class=\"wp-block-list\">\n<li class=\"has-base-color has-text-color has-link-color wp-elements-fdab59b518994f6932593cd791a0c3bf\">E-mail: symwairoffice(at)gmail.com<\/li>\n\n\n\n<li class=\"has-base-color has-text-color has-link-color wp-elements-5904a7863aa321b8e26be8e6cb5e4997\">Adresa: SYMWAIR sro, Cintorinska 2368\/22, SK \u2013 811 08 Bratislava<\/li>\n<\/ul>\n<\/div>\n\n\n\n<p><\/p>","protected":false},"excerpt":{"rendered":"<p>1. Introduction These Terms of Use govern the use of the website located at symwair.com (the &#8220;Site&#8221;), operated by SYMWAIR. By accessing or using the Site, you agree to comply with and be bound by these Terms. If you do not agree to these Terms, you should not use the Site. 2. Definitions 3. Acceptance [&hellip;]<\/p>\n","protected":false},"author":1,"featured_media":252,"parent":0,"menu_order":0,"comment_status":"closed","ping_status":"closed","template":"","meta":{"footnotes":""},"class_list":["post-133","page","type-page","status-publish","has-post-thumbnail","hentry"],"yoast_head":"<!-- This site is optimized with the Yoast SEO plugin v27.5 - https:\/\/yoast.com\/product\/yoast-seo-wordpress\/ -->\n<title>Terms of Use: Your Rights and Responsibilities - Digitalization of Business Processes &amp; BPM Solution for Companies<\/title>\n<meta name=\"description\" content=\"Understand the terms of use for SYMWAIR&#039;s website. Learn how these terms govern your experience on our Site.\" \/>\n<meta name=\"robots\" content=\"index, follow, max-snippet:-1, max-image-preview:large, max-video-preview:-1\" \/>\n<link rel=\"canonical\" href=\"https:\/\/symwair.com\/cs\/podminky-pouziti\/\" \/>\n<meta property=\"og:locale\" content=\"cs_CZ\" \/>\n<meta property=\"og:type\" content=\"article\" \/>\n<meta property=\"og:title\" content=\"Terms of Use: Your Rights and Responsibilities - Digitalization of Business Processes &amp; BPM Solution for Companies\" \/>\n<meta property=\"og:description\" content=\"Understand the terms of use for SYMWAIR&#039;s website. Learn how these terms govern your experience on our Site.\" \/>\n<meta property=\"og:url\" content=\"https:\/\/symwair.com\/cs\/podminky-pouziti\/\" \/>\n<meta property=\"og:site_name\" content=\"Digitalization of Business Processes &amp; BPM Solution for Companies\" \/>\n<meta property=\"article:modified_time\" content=\"2026-03-27T10:35:01+00:00\" \/>\n<meta property=\"og:image\" content=\"https:\/\/symwair.com\/wp-content\/uploads\/2025\/03\/cropped-symwair_logo.png\" \/>\n\t<meta property=\"og:image:width\" content=\"512\" \/>\n\t<meta property=\"og:image:height\" content=\"512\" \/>\n\t<meta property=\"og:image:type\" content=\"image\/png\" \/>\n<meta name=\"twitter:card\" content=\"summary_large_image\" \/>\n<meta name=\"twitter:label1\" content=\"Odhadovan\u00e1 doba \u010dten\u00ed\" \/>\n\t<meta name=\"twitter:data1\" content=\"3 minuty\" \/>\n<script type=\"application\/ld+json\" class=\"yoast-schema-graph\">{\"@context\":\"https:\\\/\\\/schema.org\",\"@graph\":[{\"@type\":\"WebPage\",\"@id\":\"https:\\\/\\\/symwair.com\\\/terms-of-use\\\/\",\"url\":\"https:\\\/\\\/symwair.com\\\/terms-of-use\\\/\",\"name\":\"Terms of Use: Your Rights and Responsibilities - Digitalization of Business Processes &amp; BPM Solution for Companies\",\"isPartOf\":{\"@id\":\"https:\\\/\\\/symwair.com\\\/#website\"},\"primaryImageOfPage\":{\"@id\":\"https:\\\/\\\/symwair.com\\\/terms-of-use\\\/#primaryimage\"},\"image\":{\"@id\":\"https:\\\/\\\/symwair.com\\\/terms-of-use\\\/#primaryimage\"},\"thumbnailUrl\":\"https:\\\/\\\/symwair.com\\\/wp-content\\\/uploads\\\/2025\\\/03\\\/cropped-symwair_logo.png\",\"datePublished\":\"2025-03-20T18:04:56+00:00\",\"dateModified\":\"2026-03-27T10:35:01+00:00\",\"description\":\"Understand the terms of use for SYMWAIR's website. Learn how these terms govern your experience on our Site.\",\"breadcrumb\":{\"@id\":\"https:\\\/\\\/symwair.com\\\/terms-of-use\\\/#breadcrumb\"},\"inLanguage\":\"cs\",\"potentialAction\":[{\"@type\":\"ReadAction\",\"target\":[\"https:\\\/\\\/symwair.com\\\/terms-of-use\\\/\"]}]},{\"@type\":\"ImageObject\",\"inLanguage\":\"cs\",\"@id\":\"https:\\\/\\\/symwair.com\\\/terms-of-use\\\/#primaryimage\",\"url\":\"https:\\\/\\\/symwair.com\\\/wp-content\\\/uploads\\\/2025\\\/03\\\/cropped-symwair_logo.png\",\"contentUrl\":\"https:\\\/\\\/symwair.com\\\/wp-content\\\/uploads\\\/2025\\\/03\\\/cropped-symwair_logo.png\",\"width\":512,\"height\":512,\"caption\":\"symwair_logo.png\"},{\"@type\":\"BreadcrumbList\",\"@id\":\"https:\\\/\\\/symwair.com\\\/terms-of-use\\\/#breadcrumb\",\"itemListElement\":[{\"@type\":\"ListItem\",\"position\":1,\"name\":\"Home\",\"item\":\"https:\\\/\\\/symwair.com\\\/\"},{\"@type\":\"ListItem\",\"position\":2,\"name\":\"Terms of Use\"}]},{\"@type\":\"WebSite\",\"@id\":\"https:\\\/\\\/symwair.com\\\/#website\",\"url\":\"https:\\\/\\\/symwair.com\\\/\",\"name\":\"Smart Workflow Automation & Innovation\",\"description\":\"SYMWAIR\",\"publisher\":{\"@id\":\"https:\\\/\\\/symwair.com\\\/#organization\"},\"alternateName\":\"SYMWAIR\",\"potentialAction\":[{\"@type\":\"SearchAction\",\"target\":{\"@type\":\"EntryPoint\",\"urlTemplate\":\"https:\\\/\\\/symwair.com\\\/?s={search_term_string}\"},\"query-input\":{\"@type\":\"PropertyValueSpecification\",\"valueRequired\":true,\"valueName\":\"search_term_string\"}}],\"inLanguage\":\"cs\"},{\"@type\":\"Organization\",\"@id\":\"https:\\\/\\\/symwair.com\\\/#organization\",\"name\":\"Symwair, s.r.o.\",\"alternateName\":\"SYMWAIR\",\"url\":\"https:\\\/\\\/symwair.com\\\/\",\"logo\":{\"@type\":\"ImageObject\",\"inLanguage\":\"cs\",\"@id\":\"https:\\\/\\\/symwair.com\\\/#\\\/schema\\\/logo\\\/image\\\/\",\"url\":\"https:\\\/\\\/symwair.com\\\/wp-content\\\/uploads\\\/2025\\\/03\\\/symwair_logo.png\",\"contentUrl\":\"https:\\\/\\\/symwair.com\\\/wp-content\\\/uploads\\\/2025\\\/03\\\/symwair_logo.png\",\"width\":1000,\"height\":1000,\"caption\":\"Symwair, s.r.o.\"},\"image\":{\"@id\":\"https:\\\/\\\/symwair.com\\\/#\\\/schema\\\/logo\\\/image\\\/\"}}]}<\/script>\n<!-- \/ Yoast SEO plugin. -->","yoast_head_json":{"title":"Podm\u00ednky pou\u017eit\u00ed: Va\u0161e pr\u00e1va a povinnosti - Digitalizace obchodn\u00edch proces\u016f a \u0159e\u0161en\u00ed BPM pro firmy","description":"Pochopte podm\u00ednky pou\u017e\u00edv\u00e1n\u00ed webov\u00fdch str\u00e1nek SYMWAIR. Zjist\u011bte, jak tyto podm\u00ednky upravuj\u00ed va\u0161e pou\u017e\u00edv\u00e1n\u00ed na\u0161ich str\u00e1nek.","robots":{"index":"index","follow":"follow","max-snippet":"max-snippet:-1","max-image-preview":"max-image-preview:large","max-video-preview":"max-video-preview:-1"},"canonical":"https:\/\/symwair.com\/cs\/podminky-pouziti\/","og_locale":"cs_CZ","og_type":"article","og_title":"Terms of Use: Your Rights and Responsibilities - Digitalization of Business Processes &amp; BPM Solution for Companies","og_description":"Understand the terms of use for SYMWAIR's website. Learn how these terms govern your experience on our Site.","og_url":"https:\/\/symwair.com\/cs\/podminky-pouziti\/","og_site_name":"Digitalization of Business Processes &amp; BPM Solution for Companies","article_modified_time":"2026-03-27T10:35:01+00:00","og_image":[{"width":512,"height":512,"url":"https:\/\/symwair.com\/wp-content\/uploads\/2025\/03\/cropped-symwair_logo.png","type":"image\/png"}],"twitter_card":"summary_large_image","twitter_misc":{"Odhadovan\u00e1 doba \u010dten\u00ed":"3 minuty"},"schema":{"@context":"https:\/\/schema.org","@graph":[{"@type":"WebPage","@id":"https:\/\/symwair.com\/terms-of-use\/","url":"https:\/\/symwair.com\/terms-of-use\/","name":"Podm\u00ednky pou\u017eit\u00ed: Va\u0161e pr\u00e1va a povinnosti - Digitalizace obchodn\u00edch proces\u016f a \u0159e\u0161en\u00ed BPM pro firmy","isPartOf":{"@id":"https:\/\/symwair.com\/#website"},"primaryImageOfPage":{"@id":"https:\/\/symwair.com\/terms-of-use\/#primaryimage"},"image":{"@id":"https:\/\/symwair.com\/terms-of-use\/#primaryimage"},"thumbnailUrl":"https:\/\/symwair.com\/wp-content\/uploads\/2025\/03\/cropped-symwair_logo.png","datePublished":"2025-03-20T18:04:56+00:00","dateModified":"2026-03-27T10:35:01+00:00","description":"Pochopte podm\u00ednky pou\u017e\u00edv\u00e1n\u00ed webov\u00fdch str\u00e1nek SYMWAIR. Zjist\u011bte, jak tyto podm\u00ednky upravuj\u00ed va\u0161e pou\u017e\u00edv\u00e1n\u00ed na\u0161ich str\u00e1nek.","breadcrumb":{"@id":"https:\/\/symwair.com\/terms-of-use\/#breadcrumb"},"inLanguage":"cs","potentialAction":[{"@type":"ReadAction","target":["https:\/\/symwair.com\/terms-of-use\/"]}]},{"@type":"ImageObject","inLanguage":"cs","@id":"https:\/\/symwair.com\/terms-of-use\/#primaryimage","url":"https:\/\/symwair.com\/wp-content\/uploads\/2025\/03\/cropped-symwair_logo.png","contentUrl":"https:\/\/symwair.com\/wp-content\/uploads\/2025\/03\/cropped-symwair_logo.png","width":512,"height":512,"caption":"symwair_logo.png"},{"@type":"BreadcrumbList","@id":"https:\/\/symwair.com\/terms-of-use\/#breadcrumb","itemListElement":[{"@type":"ListItem","position":1,"name":"Home","item":"https:\/\/symwair.com\/"},{"@type":"ListItem","position":2,"name":"Terms of Use"}]},{"@type":"WebSite","@id":"https:\/\/symwair.com\/#website","url":"https:\/\/symwair.com\/","name":"Smart Workflow Automatizace a inovace","description":"SYMWAIR","publisher":{"@id":"https:\/\/symwair.com\/#organization"},"alternateName":"SYMWAIR","potentialAction":[{"@type":"SearchAction","target":{"@type":"EntryPoint","urlTemplate":"https:\/\/symwair.com\/?s={search_term_string}"},"query-input":{"@type":"PropertyValueSpecification","valueRequired":true,"valueName":"search_term_string"}}],"inLanguage":"cs"},{"@type":"Organization","@id":"https:\/\/symwair.com\/#organization","name":"Symwair, s.r.o.","alternateName":"SYMWAIR","url":"https:\/\/symwair.com\/","logo":{"@type":"ImageObject","inLanguage":"cs","@id":"https:\/\/symwair.com\/#\/schema\/logo\/image\/","url":"https:\/\/symwair.com\/wp-content\/uploads\/2025\/03\/symwair_logo.png","contentUrl":"https:\/\/symwair.com\/wp-content\/uploads\/2025\/03\/symwair_logo.png","width":1000,"height":1000,"caption":"Symwair, s.r.o."},"image":{"@id":"https:\/\/symwair.com\/#\/schema\/logo\/image\/"}}]}},"_links":{"self":[{"href":"https:\/\/symwair.com\/cs\/wp-json\/wp\/v2\/pages\/133","targetHints":{"allow":["GET"]}}],"collection":[{"href":"https:\/\/symwair.com\/cs\/wp-json\/wp\/v2\/pages"}],"about":[{"href":"https:\/\/symwair.com\/cs\/wp-json\/wp\/v2\/types\/page"}],"author":[{"embeddable":true,"href":"https:\/\/symwair.com\/cs\/wp-json\/wp\/v2\/users\/1"}],"replies":[{"embeddable":true,"href":"https:\/\/symwair.com\/cs\/wp-json\/wp\/v2\/comments?post=133"}],"version-history":[{"count":3,"href":"https:\/\/symwair.com\/cs\/wp-json\/wp\/v2\/pages\/133\/revisions"}],"predecessor-version":[{"id":647,"href":"https:\/\/symwair.com\/cs\/wp-json\/wp\/v2\/pages\/133\/revisions\/647"}],"wp:featuredmedia":[{"embeddable":true,"href":"https:\/\/symwair.com\/cs\/wp-json\/wp\/v2\/media\/252"}],"wp:attachment":[{"href":"https:\/\/symwair.com\/cs\/wp-json\/wp\/v2\/media?parent=133"}],"curies":[{"name":"wp","href":"https:\/\/api.w.org\/{rel}","templated":true}]}}