{"id":3,"date":"2025-03-19T09:14:36","date_gmt":"2025-03-19T09:14:36","guid":{"rendered":"https:\/\/symwair.com\/?page_id=3"},"modified":"2025-05-23T19:42:21","modified_gmt":"2025-05-23T17:42:21","slug":"zasady-ochrany-osobnich-udaju","status":"publish","type":"page","link":"https:\/\/symwair.com\/cs\/privacy-policy\/","title":{"rendered":"Z\u00e1sady ochrany osobn\u00edch \u00fadaj\u016f"},"content":{"rendered":"<div class=\"wp-block-group has-global-padding is-layout-constrained wp-block-group-is-layout-constrained\">\n<p class=\"has-base-color has-text-color has-link-color wp-elements-95b4b731761a36ca4912f3aaffc48a27\">Ve spole\u010dnosti SYMWAIR se zavazujeme chr\u00e1nit va\u0161e osobn\u00ed \u00fadaje a respektovat va\u0161e soukrom\u00ed v souladu s obecn\u00fdm na\u0159\u00edzen\u00edm o ochran\u011b osobn\u00edch \u00fadaj\u016f (GDPR) a dal\u0161\u00edmi platn\u00fdmi z\u00e1kony EU o ochran\u011b \u00fadaj\u016f. Tyto z\u00e1sady ochrany osobn\u00edch \u00fadaj\u016f vysv\u011btluj\u00ed, jak shroma\u017e\u010fujeme, pou\u017e\u00edv\u00e1me a chr\u00e1n\u00edme va\u0161e osobn\u00ed \u00fadaje, kdy\u017e nav\u0161t\u00edv\u00edte na\u0161e webov\u00e9 str\u00e1nky nebo s n\u00e1mi komunikujete.<\/p>\n\n\n\n<h4 class=\"wp-block-heading has-base-color has-text-color has-link-color wp-elements-58c74779f5e3908fa09c155b26682632\"><strong>1. Informace, kter\u00e9 shroma\u017e\u010fujeme<\/strong><\/h4>\n\n\n\n<p class=\"has-base-color has-text-color has-link-color wp-elements-405040ef06b24825ac870030f02f3119\">Shroma\u017e\u010fujeme n\u00e1sleduj\u00edc\u00ed typy osobn\u00edch \u00fadaj\u016f:<\/p>\n\n\n\n<ul class=\"wp-block-list\">\n<li class=\"has-base-color has-text-color has-link-color wp-elements-7c19b9d8b6757ae7f91efae5827a4000\"><strong>Kontaktn\u00ed informace<\/strong>: Jm\u00e9no, e-mailov\u00e1 adresa, telefonn\u00ed \u010d\u00edslo a dal\u0161\u00ed \u00fadaje, kter\u00e9 n\u00e1m poskytnete, kdy\u017e n\u00e1s kontaktujete.<\/li>\n\n\n\n<li class=\"has-base-color has-text-color has-link-color wp-elements-e99d370227880d295894e80a70b0fbb3\"><strong>Technick\u00e9 \u00fadaje<\/strong>: IP adresa, typ prohl\u00ed\u017ee\u010de, typ za\u0159\u00edzen\u00ed, opera\u010dn\u00ed syst\u00e9m a \u00fadaje o pou\u017e\u00edv\u00e1n\u00ed shrom\u00e1\u017ed\u011bn\u00e9 prost\u0159ednictv\u00edm soubor\u016f cookie a podobn\u00fdch technologi\u00ed.<\/li>\n\n\n\n<li class=\"has-base-color has-text-color has-link-color wp-elements-4dbe9e016edd1b67f6a073f7070c78bb\"><strong>Obchodn\u00ed data<\/strong>: Informace souvisej\u00edc\u00ed s va\u0161imi obchodn\u00edmi dotazy, slu\u017ebami nebo produkty, o kter\u00e9 m\u00e1te z\u00e1jem.<\/li>\n<\/ul>\n\n\n\n<h4 class=\"wp-block-heading has-base-color has-text-color has-link-color wp-elements-529843ddb8ac21578374efc917b055a1\"><strong>2. Jak pou\u017e\u00edv\u00e1me va\u0161e \u00fadaje<\/strong><\/h4>\n\n\n\n<p class=\"has-base-color has-text-color has-link-color wp-elements-90fbb92835b47009cbd4dfed5775eab8\">Va\u0161e osobn\u00ed \u00fadaje pou\u017e\u00edv\u00e1me pro n\u00e1sleduj\u00edc\u00ed \u00fa\u010dely:<\/p>\n\n\n\n<ul class=\"wp-block-list\">\n<li class=\"has-base-color has-text-color has-link-color wp-elements-4797e14ef10cc0bb69a3c8d7a77f04db\">Abychom reagovali na va\u0161e dotazy a poskytovali slu\u017eby, kter\u00e9 po\u017eadujete.<\/li>\n\n\n\n<li class=\"has-base-color has-text-color has-link-color wp-elements-d69235a189890cb6cffa4715d29720a4\">Ke zlep\u0161en\u00ed na\u0161ich webov\u00fdch str\u00e1nek a slu\u017eeb prost\u0159ednictv\u00edm anal\u00fdzy u\u017eivatelsk\u00fdch interakc\u00ed.<\/li>\n\n\n\n<li class=\"has-base-color has-text-color has-link-color wp-elements-44620969601777b4649c05a6924ad37d\">Abychom v\u00e1m s va\u0161\u00edm souhlasem zas\u00edlali relevantn\u00ed sd\u011blen\u00ed a aktualizace t\u00fdkaj\u00edc\u00ed se na\u0161ich slu\u017eeb.<\/li>\n<\/ul>\n\n\n\n<h4 class=\"wp-block-heading has-base-color has-text-color has-link-color wp-elements-01fae8e07d7698cc3a89b234e82afb08\"><strong>3. Pr\u00e1vn\u00ed z\u00e1klad pro zpracov\u00e1n\u00ed<\/strong><\/h4>\n\n\n\n<p class=\"has-base-color has-text-color has-link-color wp-elements-5bb481b59524c50d3eb97c104c90b42d\">Va\u0161e osobn\u00ed \u00fadaje zpracov\u00e1v\u00e1me na z\u00e1klad\u011b n\u00e1sleduj\u00edc\u00edch pr\u00e1vn\u00edch d\u016fvod\u016f:<\/p>\n\n\n\n<ul class=\"wp-block-list\">\n<li class=\"has-base-color has-text-color has-link-color wp-elements-2e99897cdb14d15eb0bb553984391fc8\"><strong>Souhlas<\/strong>: Kdy\u017e poskytujete sv\u00e9 \u00fadaje, nap\u0159\u00edklad kdy\u017e se p\u0159ihl\u00e1s\u00edte k odb\u011bru na\u0161eho newsletteru nebo n\u00e1s p\u0159\u00edmo kontaktujete.<\/li>\n\n\n\n<li class=\"has-base-color has-text-color has-link-color wp-elements-eda60de551c94148b046cd45625b9efc\"><strong>Smluvn\u00ed nutnost<\/strong>: Kdy\u017e je zpracov\u00e1n\u00ed nezbytn\u00e9 pro pln\u011bn\u00ed smlouvy nebo pro proveden\u00ed krok\u016f p\u0159ed uzav\u0159en\u00edm smlouvy.<\/li>\n\n\n\n<li class=\"has-base-color has-text-color has-link-color wp-elements-fa8bae0ab2452958dc6ecb314ca89fc7\"><strong>Opr\u00e1vn\u011bn\u00e9 z\u00e1jmy<\/strong>: Pro \u00fa\u010dely, jako je zlep\u0161ov\u00e1n\u00ed na\u0161ich slu\u017eeb, podnik\u00e1n\u00ed a dodr\u017eov\u00e1n\u00ed pr\u00e1vn\u00edch p\u0159edpis\u016f.<\/li>\n<\/ul>\n\n\n\n<h4 class=\"wp-block-heading has-base-color has-text-color has-link-color wp-elements-1c7be1d188a9fca8bcf89d9e680cdaf2\"><strong>4. Sd\u00edlen\u00ed va\u0161ich dat<\/strong><\/h4>\n\n\n\n<p class=\"has-base-color has-text-color has-link-color wp-elements-7e3fe0394d7727996bab20986c3e716c\">Va\u0161e osobn\u00ed \u00fadaje neprod\u00e1v\u00e1me ani nepronaj\u00edm\u00e1me t\u0159et\u00edm stran\u00e1m. Va\u0161e \u00fadaje v\u0161ak m\u016f\u017eeme sd\u00edlet s:<\/p>\n\n\n\n<ul class=\"wp-block-list\">\n<li class=\"has-base-color has-text-color has-link-color wp-elements-1b995c180af68c74549771cddd240af9\"><strong>Poskytovatel\u00e9 slu\u017eeb<\/strong>: Dodavatel\u00e9 t\u0159et\u00edch stran, kte\u0159\u00ed n\u00e1m pom\u00e1haj\u00ed dod\u00e1vat slu\u017eby, jako je podpora IT nebo marketing.<\/li>\n\n\n\n<li class=\"has-base-color has-text-color has-link-color wp-elements-c2f37ff901249f2bde16e37c1d0887b2\"><strong>Soulad s pr\u00e1vn\u00edmi p\u0159edpisy<\/strong>: Pokud to vy\u017eaduje z\u00e1kon nebo jako odpov\u011b\u010f na pr\u00e1vn\u00ed po\u017eadavky.<\/li>\n<\/ul>\n\n\n\n<h4 class=\"wp-block-heading has-base-color has-text-color has-link-color wp-elements-1b62f77c9072857e975d9ee4e95a4e50\"><strong>5. Uchov\u00e1v\u00e1n\u00ed dat<\/strong><\/h4>\n\n\n\n<p class=\"has-base-color has-text-color has-link-color wp-elements-7257a7f1065da5df9c8ab273e0a9e01b\">Va\u0161e osobn\u00ed \u00fadaje uchov\u00e1v\u00e1me pouze po dobu nezbytn\u011b nutnou ke spln\u011bn\u00ed \u00fa\u010del\u016f uveden\u00fdch v t\u011bchto z\u00e1sad\u00e1ch a ke spln\u011bn\u00ed z\u00e1konn\u00fdch nebo smluvn\u00edch z\u00e1vazk\u016f.<\/p>\n\n\n\n<h4 class=\"wp-block-heading has-base-color has-text-color has-link-color wp-elements-8db1745bd78faeca305dd82657921ee9\"><strong>6. Va\u0161e pr\u00e1va<\/strong><\/h4>\n\n\n\n<p class=\"has-base-color has-text-color has-link-color wp-elements-5a0389b3e7cfd292df32cc1c7d315c24\">Jako rezident EU m\u00e1te podle GDPR n\u00e1sleduj\u00edc\u00ed pr\u00e1va:<\/p>\n\n\n\n<ul class=\"wp-block-list\">\n<li class=\"has-base-color has-text-color has-link-color wp-elements-cb71beb74801fa07596da2e2fe75c70c\"><strong>Pr\u00e1vo na p\u0159\u00edstup<\/strong>: M\u016f\u017eete po\u017e\u00e1dat o kopii sv\u00fdch osobn\u00edch \u00fadaj\u016f.<\/li>\n\n\n\n<li class=\"has-base-color has-text-color has-link-color wp-elements-1ba23c19417e7a78d09a33740ce3bb21\"><strong>Pr\u00e1vo na opravu<\/strong>: M\u016f\u017eete aktualizovat nebo opravit nep\u0159esn\u00e1 data.<\/li>\n\n\n\n<li class=\"has-base-color has-text-color has-link-color wp-elements-092c438521a33200183c487ae22810b3\"><strong>Pr\u00e1vo na vymaz\u00e1n\u00ed<\/strong>: M\u016f\u017eete po\u017e\u00e1dat o vymaz\u00e1n\u00ed sv\u00fdch osobn\u00edch \u00fadaj\u016f za ur\u010dit\u00fdch podm\u00ednek.<\/li>\n\n\n\n<li class=\"has-base-color has-text-color has-link-color wp-elements-05e41cd215cdba0993606635d7f04435\"><strong>Pr\u00e1vo na omezen\u00ed<\/strong>: V n\u011bkter\u00fdch p\u0159\u00edpadech m\u016f\u017eete po\u017e\u00e1dat o omezen\u00ed zpracov\u00e1n\u00ed.<\/li>\n\n\n\n<li class=\"has-base-color has-text-color has-link-color wp-elements-267e286a143b315bd9d3d072cb8f4ee5\"><strong>Pr\u00e1vo na p\u0159enositelnost \u00fadaj\u016f<\/strong>: M\u016f\u017eete si vy\u017e\u00e1dat sv\u00e1 data v p\u0159enosn\u00e9m form\u00e1tu.<\/li>\n\n\n\n<li class=\"has-base-color has-text-color has-link-color wp-elements-bddac000233c908d9bf7ad5e522a66f9\"><strong>Pr\u00e1vo na n\u00e1mitku<\/strong>: M\u016f\u017eete vzn\u00e9st n\u00e1mitku proti zpracov\u00e1n\u00ed zalo\u017een\u00e9mu na opr\u00e1vn\u011bn\u00fdch z\u00e1jmech.<\/li>\n<\/ul>\n\n\n\n<p class=\"has-base-color has-text-color has-link-color wp-elements-712a0a7d3d3d2d7f9bb31c44d03c942e\">Tato pr\u00e1va m\u016f\u017eete uplatnit tak, \u017ee n\u00e1s kontaktujete pomoc\u00ed n\u00ed\u017ee uveden\u00fdch \u00fadaj\u016f.<\/p>\n\n\n\n<h4 class=\"wp-block-heading has-base-color has-text-color has-link-color wp-elements-d01013125f1ebf8751efa04d504fc136\"><strong>7. Bezpe\u010dnost<\/strong><\/h4>\n\n\n\n<p class=\"has-base-color has-text-color has-link-color wp-elements-3403cc15f910f15e2d55e4184ce6a6ce\">Zav\u00e1d\u00edme vhodn\u00e1 technick\u00e1 a organiza\u010dn\u00ed opat\u0159en\u00ed k ochran\u011b va\u0161ich osobn\u00edch \u00fadaj\u016f p\u0159ed neopr\u00e1vn\u011bn\u00fdm p\u0159\u00edstupem, ztr\u00e1tou nebo zm\u011bnou.<\/p>\n\n\n\n<h4 class=\"wp-block-heading has-base-color has-text-color has-link-color wp-elements-639ef616d32e7480b4ca2cc1bfc4b1fe\"><strong>8. Zm\u011bny t\u011bchto z\u00e1sad<\/strong><\/h4>\n\n\n\n<p class=\"has-base-color has-text-color has-link-color wp-elements-07767525f941c64f7f83be998114bdbb\">Tyto Z\u00e1sady ochrany osobn\u00edch \u00fadaj\u016f m\u016f\u017eeme \u010das od \u010dasu aktualizovat. Ve\u0161ker\u00e9 zm\u011bny budou zve\u0159ejn\u011bny na t\u00e9to str\u00e1nce s aktualizovan\u00fdm datem \u00fa\u010dinnosti.<\/p>\n\n\n\n<h4 class=\"wp-block-heading has-base-color has-text-color has-link-color wp-elements-d189d7b6821d5f7cfab04a2780f80eac\"><strong>9. Kontaktujte n\u00e1s<\/strong><\/h4>\n\n\n\n<p class=\"has-base-color has-text-color has-link-color wp-elements-b24bea16a20fa9b90049ebfd18f71b3f\">M\u00e1te-li jak\u00e9koli dotazy nebo obavy t\u00fdkaj\u00edc\u00ed se t\u011bchto Z\u00e1sad ochrany osobn\u00edch \u00fadaj\u016f nebo toho, jak nakl\u00e1d\u00e1me s va\u0161imi osobn\u00edmi \u00fadaji, kontaktujte n\u00e1s na adrese: symwairoffice(at)gmail.com<\/p>\n<\/div>\n\n\n\n<p><\/p>","protected":false},"excerpt":{"rendered":"<p>At SYMWAIR, we are committed to protecting your personal data and respecting your privacy in accordance with the General Data Protection Regulation (GDPR) and other applicable EU data protection laws. This Privacy Policy explains how we collect, use, and safeguard your personal information when you visit our website or interact with us. 1. Information We [&hellip;]<\/p>\n","protected":false},"author":1,"featured_media":252,"parent":0,"menu_order":0,"comment_status":"closed","ping_status":"open","template":"","meta":{"footnotes":""},"class_list":["post-3","page","type-page","status-publish","has-post-thumbnail","hentry"],"yoast_head":"<!-- This site is optimized with the Yoast SEO plugin v27.5 - https:\/\/yoast.com\/product\/yoast-seo-wordpress\/ -->\n<title>Privacy Policy - Digitalization of Business Processes &amp; BPM Solution for Companies<\/title>\n<meta name=\"description\" content=\"Read our Privacy Policy to understand how we collect, use, and protect your personal data in compliance with GDPR and EU privacy laws. Your privacy is our priority.\" \/>\n<meta name=\"robots\" content=\"index, follow, max-snippet:-1, max-image-preview:large, max-video-preview:-1\" \/>\n<link rel=\"canonical\" href=\"https:\/\/symwair.com\/cs\/zasady-ochrany-osobnich-udaju\/\" \/>\n<meta property=\"og:locale\" content=\"cs_CZ\" \/>\n<meta property=\"og:type\" content=\"article\" \/>\n<meta property=\"og:title\" content=\"Privacy Policy - Digitalization of Business Processes &amp; BPM Solution for Companies\" \/>\n<meta property=\"og:description\" content=\"Read our Privacy Policy to understand how we collect, use, and protect your personal data in compliance with GDPR and EU privacy laws. Your privacy is our priority.\" \/>\n<meta property=\"og:url\" content=\"https:\/\/symwair.com\/cs\/zasady-ochrany-osobnich-udaju\/\" \/>\n<meta property=\"og:site_name\" content=\"Digitalization of Business Processes &amp; BPM Solution for Companies\" \/>\n<meta property=\"article:modified_time\" content=\"2025-05-23T17:42:21+00:00\" \/>\n<meta property=\"og:image\" content=\"https:\/\/symwair.com\/wp-content\/uploads\/2025\/03\/3in1-netgrif.png\" \/>\n\t<meta property=\"og:image:width\" content=\"1366\" \/>\n\t<meta property=\"og:image:height\" content=\"768\" \/>\n\t<meta property=\"og:image:type\" content=\"image\/png\" \/>\n<meta name=\"twitter:card\" content=\"summary_large_image\" \/>\n<meta name=\"twitter:label1\" content=\"Odhadovan\u00e1 doba \u010dten\u00ed\" \/>\n\t<meta name=\"twitter:data1\" content=\"3 minuty\" \/>\n<script type=\"application\/ld+json\" class=\"yoast-schema-graph\">{\"@context\":\"https:\\\/\\\/schema.org\",\"@graph\":[{\"@type\":\"WebPage\",\"@id\":\"https:\\\/\\\/symwair.com\\\/privacy-policy\\\/\",\"url\":\"https:\\\/\\\/symwair.com\\\/privacy-policy\\\/\",\"name\":\"Privacy Policy - Digitalization of Business Processes &amp; BPM Solution for Companies\",\"isPartOf\":{\"@id\":\"https:\\\/\\\/symwair.com\\\/#website\"},\"primaryImageOfPage\":{\"@id\":\"https:\\\/\\\/symwair.com\\\/privacy-policy\\\/#primaryimage\"},\"image\":{\"@id\":\"https:\\\/\\\/symwair.com\\\/privacy-policy\\\/#primaryimage\"},\"thumbnailUrl\":\"https:\\\/\\\/symwair.com\\\/wp-content\\\/uploads\\\/2025\\\/03\\\/cropped-symwair_logo.png\",\"datePublished\":\"2025-03-19T09:14:36+00:00\",\"dateModified\":\"2025-05-23T17:42:21+00:00\",\"description\":\"Read our Privacy Policy to understand how we collect, use, and protect your personal data in compliance with GDPR and EU privacy laws. Your privacy is our priority.\",\"breadcrumb\":{\"@id\":\"https:\\\/\\\/symwair.com\\\/privacy-policy\\\/#breadcrumb\"},\"inLanguage\":\"cs\",\"potentialAction\":[{\"@type\":\"ReadAction\",\"target\":[\"https:\\\/\\\/symwair.com\\\/privacy-policy\\\/\"]}]},{\"@type\":\"ImageObject\",\"inLanguage\":\"cs\",\"@id\":\"https:\\\/\\\/symwair.com\\\/privacy-policy\\\/#primaryimage\",\"url\":\"https:\\\/\\\/symwair.com\\\/wp-content\\\/uploads\\\/2025\\\/03\\\/cropped-symwair_logo.png\",\"contentUrl\":\"https:\\\/\\\/symwair.com\\\/wp-content\\\/uploads\\\/2025\\\/03\\\/cropped-symwair_logo.png\",\"width\":512,\"height\":512,\"caption\":\"symwair_logo.png\"},{\"@type\":\"BreadcrumbList\",\"@id\":\"https:\\\/\\\/symwair.com\\\/privacy-policy\\\/#breadcrumb\",\"itemListElement\":[{\"@type\":\"ListItem\",\"position\":1,\"name\":\"Home\",\"item\":\"https:\\\/\\\/symwair.com\\\/\"},{\"@type\":\"ListItem\",\"position\":2,\"name\":\"Privacy Policy\"}]},{\"@type\":\"WebSite\",\"@id\":\"https:\\\/\\\/symwair.com\\\/#website\",\"url\":\"https:\\\/\\\/symwair.com\\\/\",\"name\":\"Smart Workflow Automation & Innovation\",\"description\":\"SYMWAIR\",\"publisher\":{\"@id\":\"https:\\\/\\\/symwair.com\\\/#organization\"},\"alternateName\":\"SYMWAIR\",\"potentialAction\":[{\"@type\":\"SearchAction\",\"target\":{\"@type\":\"EntryPoint\",\"urlTemplate\":\"https:\\\/\\\/symwair.com\\\/?s={search_term_string}\"},\"query-input\":{\"@type\":\"PropertyValueSpecification\",\"valueRequired\":true,\"valueName\":\"search_term_string\"}}],\"inLanguage\":\"cs\"},{\"@type\":\"Organization\",\"@id\":\"https:\\\/\\\/symwair.com\\\/#organization\",\"name\":\"Symwair, s.r.o.\",\"alternateName\":\"SYMWAIR\",\"url\":\"https:\\\/\\\/symwair.com\\\/\",\"logo\":{\"@type\":\"ImageObject\",\"inLanguage\":\"cs\",\"@id\":\"https:\\\/\\\/symwair.com\\\/#\\\/schema\\\/logo\\\/image\\\/\",\"url\":\"https:\\\/\\\/symwair.com\\\/wp-content\\\/uploads\\\/2025\\\/03\\\/symwair_logo.png\",\"contentUrl\":\"https:\\\/\\\/symwair.com\\\/wp-content\\\/uploads\\\/2025\\\/03\\\/symwair_logo.png\",\"width\":1000,\"height\":1000,\"caption\":\"Symwair, s.r.o.\"},\"image\":{\"@id\":\"https:\\\/\\\/symwair.com\\\/#\\\/schema\\\/logo\\\/image\\\/\"}}]}<\/script>\n<!-- \/ Yoast SEO plugin. -->","yoast_head_json":{"title":"Z\u00e1sady ochrany osobn\u00edch \u00fadaj\u016f - Digitalizace obchodn\u00edch proces\u016f a BPM \u0159e\u0161en\u00ed pro firmy","description":"P\u0159e\u010dt\u011bte si na\u0161e Z\u00e1sady ochrany osobn\u00edch \u00fadaj\u016f, abyste pochopili, jak shroma\u017e\u010fujeme, pou\u017e\u00edv\u00e1me a chr\u00e1n\u00edme va\u0161e osobn\u00ed \u00fadaje v souladu s GDPR a z\u00e1kony EU na ochranu soukrom\u00ed. Va\u0161e soukrom\u00ed je na\u0161\u00ed prioritou.","robots":{"index":"index","follow":"follow","max-snippet":"max-snippet:-1","max-image-preview":"max-image-preview:large","max-video-preview":"max-video-preview:-1"},"canonical":"https:\/\/symwair.com\/cs\/zasady-ochrany-osobnich-udaju\/","og_locale":"cs_CZ","og_type":"article","og_title":"Privacy Policy - Digitalization of Business Processes &amp; BPM Solution for Companies","og_description":"Read our Privacy Policy to understand how we collect, use, and protect your personal data in compliance with GDPR and EU privacy laws. Your privacy is our priority.","og_url":"https:\/\/symwair.com\/cs\/zasady-ochrany-osobnich-udaju\/","og_site_name":"Digitalization of Business Processes &amp; BPM Solution for Companies","article_modified_time":"2025-05-23T17:42:21+00:00","og_image":[{"width":1366,"height":768,"url":"https:\/\/symwair.com\/wp-content\/uploads\/2025\/03\/3in1-netgrif.png","type":"image\/png"}],"twitter_card":"summary_large_image","twitter_misc":{"Odhadovan\u00e1 doba \u010dten\u00ed":"3 minuty"},"schema":{"@context":"https:\/\/schema.org","@graph":[{"@type":"WebPage","@id":"https:\/\/symwair.com\/privacy-policy\/","url":"https:\/\/symwair.com\/privacy-policy\/","name":"Z\u00e1sady ochrany osobn\u00edch \u00fadaj\u016f - Digitalizace obchodn\u00edch proces\u016f a BPM \u0159e\u0161en\u00ed pro firmy","isPartOf":{"@id":"https:\/\/symwair.com\/#website"},"primaryImageOfPage":{"@id":"https:\/\/symwair.com\/privacy-policy\/#primaryimage"},"image":{"@id":"https:\/\/symwair.com\/privacy-policy\/#primaryimage"},"thumbnailUrl":"https:\/\/symwair.com\/wp-content\/uploads\/2025\/03\/cropped-symwair_logo.png","datePublished":"2025-03-19T09:14:36+00:00","dateModified":"2025-05-23T17:42:21+00:00","description":"P\u0159e\u010dt\u011bte si na\u0161e Z\u00e1sady ochrany osobn\u00edch \u00fadaj\u016f, abyste pochopili, jak shroma\u017e\u010fujeme, pou\u017e\u00edv\u00e1me a chr\u00e1n\u00edme va\u0161e osobn\u00ed \u00fadaje v souladu s GDPR a z\u00e1kony EU na ochranu soukrom\u00ed. Va\u0161e soukrom\u00ed je na\u0161\u00ed prioritou.","breadcrumb":{"@id":"https:\/\/symwair.com\/privacy-policy\/#breadcrumb"},"inLanguage":"cs","potentialAction":[{"@type":"ReadAction","target":["https:\/\/symwair.com\/privacy-policy\/"]}]},{"@type":"ImageObject","inLanguage":"cs","@id":"https:\/\/symwair.com\/privacy-policy\/#primaryimage","url":"https:\/\/symwair.com\/wp-content\/uploads\/2025\/03\/cropped-symwair_logo.png","contentUrl":"https:\/\/symwair.com\/wp-content\/uploads\/2025\/03\/cropped-symwair_logo.png","width":512,"height":512,"caption":"symwair_logo.png"},{"@type":"BreadcrumbList","@id":"https:\/\/symwair.com\/privacy-policy\/#breadcrumb","itemListElement":[{"@type":"ListItem","position":1,"name":"Home","item":"https:\/\/symwair.com\/"},{"@type":"ListItem","position":2,"name":"Privacy Policy"}]},{"@type":"WebSite","@id":"https:\/\/symwair.com\/#website","url":"https:\/\/symwair.com\/","name":"Smart Workflow Automatizace a inovace","description":"SYMWAIR","publisher":{"@id":"https:\/\/symwair.com\/#organization"},"alternateName":"SYMWAIR","potentialAction":[{"@type":"SearchAction","target":{"@type":"EntryPoint","urlTemplate":"https:\/\/symwair.com\/?s={search_term_string}"},"query-input":{"@type":"PropertyValueSpecification","valueRequired":true,"valueName":"search_term_string"}}],"inLanguage":"cs"},{"@type":"Organization","@id":"https:\/\/symwair.com\/#organization","name":"Symwair, s.r.o.","alternateName":"SYMWAIR","url":"https:\/\/symwair.com\/","logo":{"@type":"ImageObject","inLanguage":"cs","@id":"https:\/\/symwair.com\/#\/schema\/logo\/image\/","url":"https:\/\/symwair.com\/wp-content\/uploads\/2025\/03\/symwair_logo.png","contentUrl":"https:\/\/symwair.com\/wp-content\/uploads\/2025\/03\/symwair_logo.png","width":1000,"height":1000,"caption":"Symwair, s.r.o."},"image":{"@id":"https:\/\/symwair.com\/#\/schema\/logo\/image\/"}}]}},"_links":{"self":[{"href":"https:\/\/symwair.com\/cs\/wp-json\/wp\/v2\/pages\/3","targetHints":{"allow":["GET"]}}],"collection":[{"href":"https:\/\/symwair.com\/cs\/wp-json\/wp\/v2\/pages"}],"about":[{"href":"https:\/\/symwair.com\/cs\/wp-json\/wp\/v2\/types\/page"}],"author":[{"embeddable":true,"href":"https:\/\/symwair.com\/cs\/wp-json\/wp\/v2\/users\/1"}],"replies":[{"embeddable":true,"href":"https:\/\/symwair.com\/cs\/wp-json\/wp\/v2\/comments?post=3"}],"version-history":[{"count":1,"href":"https:\/\/symwair.com\/cs\/wp-json\/wp\/v2\/pages\/3\/revisions"}],"predecessor-version":[{"id":131,"href":"https:\/\/symwair.com\/cs\/wp-json\/wp\/v2\/pages\/3\/revisions\/131"}],"wp:featuredmedia":[{"embeddable":true,"href":"https:\/\/symwair.com\/cs\/wp-json\/wp\/v2\/media\/252"}],"wp:attachment":[{"href":"https:\/\/symwair.com\/cs\/wp-json\/wp\/v2\/media?parent=3"}],"curies":[{"name":"wp","href":"https:\/\/api.w.org\/{rel}","templated":true}]}}