{"id":133,"date":"2025-03-20T18:04:56","date_gmt":"2025-03-20T18:04:56","guid":{"rendered":"https:\/\/symwair.com\/?page_id=133"},"modified":"2026-03-27T11:35:01","modified_gmt":"2026-03-27T10:35:01","slug":"nutzungsbedingungen","status":"publish","type":"page","link":"https:\/\/symwair.com\/de\/terms-of-use\/","title":{"rendered":"Nutzungsbedingungen"},"content":{"rendered":"<div class=\"wp-block-group has-global-padding is-layout-constrained wp-block-group-is-layout-constrained\">\n<h4 class=\"wp-block-heading has-base-color has-text-color has-link-color wp-elements-8410c29562dbdcba4ea33939a5f8f6f3\">1. <strong>Einf\u00fchrung<\/strong> <\/h4>\n\n\n\n<p class=\"has-base-color has-text-color has-link-color wp-elements-5e901612d0b5a781bc65c237323d2ae9\">Diese Nutzungsbedingungen regeln die Nutzung der Website unter <strong>symwair.com<\/strong> (die \u201eSite\u201c), betrieben von <strong>SYMWAIR<\/strong>Durch den Zugriff auf oder die Nutzung der Website erkl\u00e4ren Sie sich mit diesen Bedingungen einverstanden. Wenn Sie diesen Bedingungen nicht zustimmen, sollten Sie die Website nicht nutzen.<\/p>\n\n\n\n<h4 class=\"wp-block-heading has-base-color has-text-color has-link-color wp-elements-efcfd88ffb8ccbb06a355c553908fafd\">2. <strong>Definitionen<\/strong><\/h4>\n\n\n\n<ol class=\"wp-block-list\">\n<li><\/li>\n<\/ol>\n\n\n\n<ul class=\"wp-block-list\">\n<li class=\"has-base-color has-text-color has-link-color wp-elements-5e2d39b4cc00334e7476ee7dfe5940a6\"><strong>&quot;Benutzer&quot;<\/strong>: Jede Person, die auf die Site zugreift oder sie nutzt.<\/li>\n\n\n\n<li class=\"has-base-color has-text-color has-link-color wp-elements-1926b4ab2c83ebbfa693a1ac34c26590\"><strong>&quot;Service&quot;<\/strong>: Bezieht sich auf alle auf der Site angebotenen Dienste, einschlie\u00dflich, aber nicht beschr\u00e4nkt auf Beratung, Software und Kundensupportdienste.<\/li>\n\n\n\n<li class=\"has-base-color has-text-color has-link-color wp-elements-13d849b0a1a3e9069de476b1ba1f822f\"><strong>&quot;Inhalt&quot;<\/strong>: Umfasst alle Texte, Grafiken, Bilder, Videos und sonstigen Materialien, die auf der Site verf\u00fcgbar sind.<\/li>\n<\/ul>\n\n\n\n<h4 class=\"wp-block-heading has-base-color has-text-color has-link-color wp-elements-f8b538b91405ec971929c1a6d49314ee\"><strong>3. Annahme der Bedingungen<\/strong> <\/h4>\n\n\n\n<p class=\"has-base-color has-text-color has-link-color wp-elements-3383068a9c5d26a24c22210ba1fe8f9f\">Indem Sie auf die Site zugreifen oder sie verwenden, erkl\u00e4ren Sie sich mit diesen Bedingungen und allen geltenden Gesetzen und Vorschriften einverstanden, einschlie\u00dflich der EU-Datenschutzgesetze, der Gesetze zum geistigen Eigentum und der Gesetze, die den Online-Handel regeln.<\/p>\n\n\n\n<h4 class=\"wp-block-heading has-base-color has-text-color has-link-color wp-elements-d0b4dc8fd469946914f4984bef93ff66\"><strong>4. Nutzung der Website<\/strong> <\/h4>\n\n\n\n<p class=\"has-base-color has-text-color has-link-color wp-elements-a4e15431d23167ffbd1699c4b49b5507\">Sie d\u00fcrfen die Site nur f\u00fcr rechtm\u00e4\u00dfige Zwecke nutzen und verpflichten sich, keine Aktivit\u00e4ten durchzuf\u00fchren, die:<\/p>\n\n\n\n<ul class=\"wp-block-list\">\n<li class=\"has-base-color has-text-color has-link-color wp-elements-c398fbaf8b97e63b7d918ca172a603b7\">Versto\u00df gegen lokale, nationale oder internationale Gesetze oder Vorschriften.<\/li>\n\n\n\n<li class=\"has-base-color has-text-color has-link-color wp-elements-731e7e318f66c33d7a153ed15079c4dd\">Die Site besch\u00e4digen, deaktivieren, \u00fcberlasten oder beeintr\u00e4chtigen.<\/li>\n\n\n\n<li class=\"has-base-color has-text-color has-link-color wp-elements-7404d421a56451ed3bd3f31d87ae48d0\">Verletzen Sie die geistigen Eigentumsrechte von SYMWAIR oder Dritten.<\/li>\n<\/ul>\n\n\n\n<h4 class=\"wp-block-heading has-base-color has-text-color has-link-color wp-elements-8aaaf40650604d41204af01b4df5202a\"><strong>5. Kontoregistrierung<\/strong> <\/h4>\n\n\n\n<p class=\"has-base-color has-text-color has-link-color wp-elements-bda96a8c1e43c54c36831eb98f2bc354\">Um auf bestimmte Dienste der Website zugreifen zu k\u00f6nnen, m\u00fcssen Sie sich m\u00f6glicherweise registrieren. Sie verpflichten sich, bei der Registrierung korrekte, vollst\u00e4ndige und aktuelle Angaben zu machen. Sie sind f\u00fcr die Vertraulichkeit Ihrer Kontoinformationen verantwortlich.<\/p>\n\n\n\n<h4 class=\"wp-block-heading has-base-color has-text-color has-link-color wp-elements-4811d7d63daaff5f8afb1e2f0ec484e5\"><strong>6. Privatsph\u00e4re und Datenschutz<\/strong> <\/h4>\n\n\n\n<p class=\"has-base-color has-text-color has-link-color wp-elements-1034eba5d01eb16601e13c3a1b150474\">SYMWAIR respektiert Ihre Privatsph\u00e4re. Ihre Nutzung der Website unterliegt au\u00dferdem unseren <strong>Datenschutzrichtlinie<\/strong>, in der erl\u00e4utert wird, wie wir Ihre personenbezogenen Daten in \u00dcbereinstimmung mit den <strong>Datenschutz-Grundverordnung (DSGVO)<\/strong>.<\/p>\n\n\n\n<ul class=\"wp-block-list\">\n<li class=\"has-base-color has-text-color has-link-color wp-elements-02ae176ac628580dd9cf1746ef5f827d\"><strong>Verantwortlicher<\/strong>: SYMWAIR ist der Datenverantwortliche f\u00fcr die Verarbeitung Ihrer personenbezogenen Daten.<\/li>\n\n\n\n<li class=\"has-base-color has-text-color has-link-color wp-elements-d454f7a1ab1fd2f9604e80bd1618609a\"><strong>Ihre Rechte<\/strong>: Sie haben das Recht, auf Ihre personenbezogenen Daten zuzugreifen, sie zu korrigieren, zu l\u00f6schen und deren Verarbeitung einzuschr\u00e4nken, wie in der Datenschutzrichtlinie beschrieben.<\/li>\n<\/ul>\n\n\n\n<h4 class=\"wp-block-heading has-base-color has-text-color has-link-color wp-elements-24f98bed0139a854da67bb7308149b62\"><strong>7. Cookies<\/strong> <\/h4>\n\n\n\n<p class=\"has-base-color has-text-color has-link-color wp-elements-694f4d2976a9f53252e5bf4a9fad73cf\">Durch die Nutzung der Website stimmen Sie unserer Verwendung von Cookies zu, wie in unserer <strong>Cookie-Richtlinie<\/strong>Sie k\u00f6nnen Ihre Cookie-Einstellungen in Ihren Browsereinstellungen verwalten.<\/p>\n\n\n\n<h4 class=\"wp-block-heading has-base-color has-text-color has-link-color wp-elements-b58cf480b157929d9bc08f246ebfb9b4\"><strong>8. Geistiges Eigentum<\/strong> <\/h4>\n\n\n\n<p class=\"has-base-color has-text-color has-link-color wp-elements-923caa1312a9eabf59c0b82a932b8f72\">Alle Inhalte der Website sind Eigentum von SYMWAIR oder seinen Lizenzgebern und durch Urheberrechte, Markenrechte und andere Gesetze zum Schutz geistigen Eigentums gesch\u00fctzt. Sie d\u00fcrfen die Inhalte ohne ausdr\u00fcckliche Genehmigung von SYMWAIR nicht f\u00fcr kommerzielle Zwecke verwenden.<\/p>\n\n\n\n<h4 class=\"wp-block-heading has-base-color has-text-color has-link-color wp-elements-4d10d9ae6988d240e97295be3c4f456c\"><strong>9. Links zu Drittanbietern<\/strong> <\/h4>\n\n\n\n<p class=\"has-base-color has-text-color has-link-color wp-elements-d048d23b9f8a19746c8d13e7733295ea\">Die Website kann Links zu Websites Dritter enthalten. SYMWAIR kontrolliert oder unterst\u00fctzt diese Websites nicht und ist nicht f\u00fcr deren Inhalt oder Praktiken verantwortlich. Der Besuch von Websites Dritter erfolgt auf eigene Gefahr.<\/p>\n\n\n\n<h4 class=\"wp-block-heading has-base-color has-text-color has-link-color wp-elements-3d059f794d7cbda60f0ceb6418cad8b9\"><strong>10. Haftungsausschluss und Haftungsbeschr\u00e4nkung<\/strong><\/h4>\n\n\n\n<ul class=\"wp-block-list\">\n<li class=\"has-base-color has-text-color has-link-color wp-elements-f4fa893894ca99ea58645c9388aaa55b\">Die Site und Dienste werden \u201ewie besehen\u201c ohne jegliche ausdr\u00fcckliche oder stillschweigende Garantie jeglicher Art bereitgestellt, einschlie\u00dflich, aber nicht beschr\u00e4nkt auf die Richtigkeit oder Vollst\u00e4ndigkeit der Inhalte oder Dienste.<\/li>\n\n\n\n<li class=\"has-base-color has-text-color has-link-color wp-elements-74a9aca6ac2d125c4d342d0437348dc1\">SYMWAIR haftet nicht f\u00fcr Sch\u00e4den, Verluste oder Kosten, die aus der Nutzung oder der Unm\u00f6glichkeit der Nutzung der Site entstehen, es sei denn, dies ist durch geltendes Recht vorgeschrieben.<\/li>\n<\/ul>\n\n\n\n<h4 class=\"wp-block-heading has-base-color has-text-color has-link-color wp-elements-540a2a2eb5993af6cf04c093dda89d8e\"><strong>11. Geltendes Recht<\/strong> <\/h4>\n\n\n\n<p class=\"has-base-color has-text-color has-link-color wp-elements-9730cab7d0a1d5d25960ed1216970049\">Diese Bedingungen unterliegen den Gesetzen der Europ\u00e4ischen Union und den Gesetzen des Landes, in dem SYMWAIR seinen Sitz hat, und werden gem\u00e4\u00df diesen Gesetzen ausgelegt, ohne R\u00fccksicht auf Kollisionsnormen.<\/p>\n\n\n\n<h4 class=\"wp-block-heading has-base-color has-text-color has-link-color wp-elements-f0850f6d01ff4bb7f0c07dd507ca268d\"><strong>12. Streitbeilegung<\/strong> <\/h4>\n\n\n\n<p class=\"has-base-color has-text-color has-link-color wp-elements-369612d513274a400f414fffa1bf5c97\">S\u00e4mtliche Streitigkeiten, die sich aus diesen Bedingungen ergeben oder damit in Zusammenhang stehen, unterliegen der ausschlie\u00dflichen Zust\u00e4ndigkeit der Gerichte des Landes, in dem SYMWAIR seinen Sitz hat, sofern nicht durch zwingendes EU-Recht etwas anderes bestimmt ist.<\/p>\n\n\n\n<h4 class=\"wp-block-heading has-base-color has-text-color has-link-color wp-elements-5157a1fd122e3b363cbae4705252cfa3\"><strong>13. \u00c4nderungen<\/strong> <\/h4>\n\n\n\n<p class=\"has-base-color has-text-color has-link-color wp-elements-1318746ae800bc9c25cd79278ce99f64\">SYMWAIR beh\u00e4lt sich das Recht vor, diese Bedingungen jederzeit zu \u00e4ndern. Alle \u00c4nderungen werden auf dieser Seite mit dem aktualisierten \u00dcberarbeitungsdatum ver\u00f6ffentlicht. Wir empfehlen Ihnen, diese Bedingungen regelm\u00e4\u00dfig zu \u00fcberpr\u00fcfen.<\/p>\n\n\n\n<h4 class=\"wp-block-heading has-base-color has-text-color has-link-color wp-elements-45617667ec6af0a268fd15d55a08d5a1\"><strong>14. Kontaktinformationen<\/strong> <\/h4>\n\n\n\n<p class=\"has-base-color has-text-color has-link-color wp-elements-c3982ac8570eacfb182a1b4e7c0af0b1\">Wenn Sie Fragen oder Bedenken bez\u00fcglich dieser Bedingungen haben, kontaktieren Sie uns bitte unter:<\/p>\n\n\n\n<ul class=\"wp-block-list\">\n<li class=\"has-base-color has-text-color has-link-color wp-elements-fdab59b518994f6932593cd791a0c3bf\">E-Mail: symwairoffice(at)gmail.com<\/li>\n\n\n\n<li class=\"has-base-color has-text-color has-link-color wp-elements-5904a7863aa321b8e26be8e6cb5e4997\">Adresse: SYMWAIR sro, Cintorinska 2368\/22, SK \u2013 811 08 Bratislava<\/li>\n<\/ul>\n<\/div>\n\n\n\n<p><\/p>","protected":false},"excerpt":{"rendered":"<p>1. Introduction These Terms of Use govern the use of the website located at symwair.com (the &#8220;Site&#8221;), operated by SYMWAIR. By accessing or using the Site, you agree to comply with and be bound by these Terms. If you do not agree to these Terms, you should not use the Site. 2. Definitions 3. Acceptance [&hellip;]<\/p>\n","protected":false},"author":1,"featured_media":252,"parent":0,"menu_order":0,"comment_status":"closed","ping_status":"closed","template":"","meta":{"footnotes":""},"class_list":["post-133","page","type-page","status-publish","has-post-thumbnail","hentry"],"yoast_head":"<!-- This site is optimized with the Yoast SEO plugin v27.5 - https:\/\/yoast.com\/product\/yoast-seo-wordpress\/ -->\n<title>Terms of Use: Your Rights and Responsibilities - Digitalization of Business Processes &amp; BPM Solution for Companies<\/title>\n<meta name=\"description\" content=\"Understand the terms of use for SYMWAIR&#039;s website. Learn how these terms govern your experience on our Site.\" \/>\n<meta name=\"robots\" content=\"index, follow, max-snippet:-1, max-image-preview:large, max-video-preview:-1\" \/>\n<link rel=\"canonical\" href=\"https:\/\/symwair.com\/de\/nutzungsbedingungen\/\" \/>\n<meta property=\"og:locale\" content=\"de_DE\" \/>\n<meta property=\"og:type\" content=\"article\" \/>\n<meta property=\"og:title\" content=\"Terms of Use: Your Rights and Responsibilities - Digitalization of Business Processes &amp; BPM Solution for Companies\" \/>\n<meta property=\"og:description\" content=\"Understand the terms of use for SYMWAIR&#039;s website. Learn how these terms govern your experience on our Site.\" \/>\n<meta property=\"og:url\" content=\"https:\/\/symwair.com\/de\/nutzungsbedingungen\/\" \/>\n<meta property=\"og:site_name\" content=\"Digitalization of Business Processes &amp; BPM Solution for Companies\" \/>\n<meta property=\"article:modified_time\" content=\"2026-03-27T10:35:01+00:00\" \/>\n<meta property=\"og:image\" content=\"https:\/\/symwair.com\/wp-content\/uploads\/2025\/03\/cropped-symwair_logo.png\" \/>\n\t<meta property=\"og:image:width\" content=\"512\" \/>\n\t<meta property=\"og:image:height\" content=\"512\" \/>\n\t<meta property=\"og:image:type\" content=\"image\/png\" \/>\n<meta name=\"twitter:card\" content=\"summary_large_image\" \/>\n<meta name=\"twitter:label1\" content=\"Gesch\u00e4tzte Lesezeit\" \/>\n\t<meta name=\"twitter:data1\" content=\"3\u00a0Minuten\" \/>\n<script type=\"application\/ld+json\" class=\"yoast-schema-graph\">{\"@context\":\"https:\\\/\\\/schema.org\",\"@graph\":[{\"@type\":\"WebPage\",\"@id\":\"https:\\\/\\\/symwair.com\\\/terms-of-use\\\/\",\"url\":\"https:\\\/\\\/symwair.com\\\/terms-of-use\\\/\",\"name\":\"Terms of Use: Your Rights and Responsibilities - Digitalization of Business Processes &amp; BPM Solution for Companies\",\"isPartOf\":{\"@id\":\"https:\\\/\\\/symwair.com\\\/#website\"},\"primaryImageOfPage\":{\"@id\":\"https:\\\/\\\/symwair.com\\\/terms-of-use\\\/#primaryimage\"},\"image\":{\"@id\":\"https:\\\/\\\/symwair.com\\\/terms-of-use\\\/#primaryimage\"},\"thumbnailUrl\":\"https:\\\/\\\/symwair.com\\\/wp-content\\\/uploads\\\/2025\\\/03\\\/cropped-symwair_logo.png\",\"datePublished\":\"2025-03-20T18:04:56+00:00\",\"dateModified\":\"2026-03-27T10:35:01+00:00\",\"description\":\"Understand the terms of use for SYMWAIR's website. Learn how these terms govern your experience on our Site.\",\"breadcrumb\":{\"@id\":\"https:\\\/\\\/symwair.com\\\/terms-of-use\\\/#breadcrumb\"},\"inLanguage\":\"de\",\"potentialAction\":[{\"@type\":\"ReadAction\",\"target\":[\"https:\\\/\\\/symwair.com\\\/terms-of-use\\\/\"]}]},{\"@type\":\"ImageObject\",\"inLanguage\":\"de\",\"@id\":\"https:\\\/\\\/symwair.com\\\/terms-of-use\\\/#primaryimage\",\"url\":\"https:\\\/\\\/symwair.com\\\/wp-content\\\/uploads\\\/2025\\\/03\\\/cropped-symwair_logo.png\",\"contentUrl\":\"https:\\\/\\\/symwair.com\\\/wp-content\\\/uploads\\\/2025\\\/03\\\/cropped-symwair_logo.png\",\"width\":512,\"height\":512,\"caption\":\"symwair_logo.png\"},{\"@type\":\"BreadcrumbList\",\"@id\":\"https:\\\/\\\/symwair.com\\\/terms-of-use\\\/#breadcrumb\",\"itemListElement\":[{\"@type\":\"ListItem\",\"position\":1,\"name\":\"Home\",\"item\":\"https:\\\/\\\/symwair.com\\\/\"},{\"@type\":\"ListItem\",\"position\":2,\"name\":\"Terms of Use\"}]},{\"@type\":\"WebSite\",\"@id\":\"https:\\\/\\\/symwair.com\\\/#website\",\"url\":\"https:\\\/\\\/symwair.com\\\/\",\"name\":\"Smart Workflow Automation & Innovation\",\"description\":\"SYMWAIR\",\"publisher\":{\"@id\":\"https:\\\/\\\/symwair.com\\\/#organization\"},\"alternateName\":\"SYMWAIR\",\"potentialAction\":[{\"@type\":\"SearchAction\",\"target\":{\"@type\":\"EntryPoint\",\"urlTemplate\":\"https:\\\/\\\/symwair.com\\\/?s={search_term_string}\"},\"query-input\":{\"@type\":\"PropertyValueSpecification\",\"valueRequired\":true,\"valueName\":\"search_term_string\"}}],\"inLanguage\":\"de\"},{\"@type\":\"Organization\",\"@id\":\"https:\\\/\\\/symwair.com\\\/#organization\",\"name\":\"Symwair, s.r.o.\",\"alternateName\":\"SYMWAIR\",\"url\":\"https:\\\/\\\/symwair.com\\\/\",\"logo\":{\"@type\":\"ImageObject\",\"inLanguage\":\"de\",\"@id\":\"https:\\\/\\\/symwair.com\\\/#\\\/schema\\\/logo\\\/image\\\/\",\"url\":\"https:\\\/\\\/symwair.com\\\/wp-content\\\/uploads\\\/2025\\\/03\\\/symwair_logo.png\",\"contentUrl\":\"https:\\\/\\\/symwair.com\\\/wp-content\\\/uploads\\\/2025\\\/03\\\/symwair_logo.png\",\"width\":1000,\"height\":1000,\"caption\":\"Symwair, s.r.o.\"},\"image\":{\"@id\":\"https:\\\/\\\/symwair.com\\\/#\\\/schema\\\/logo\\\/image\\\/\"}}]}<\/script>\n<!-- \/ Yoast SEO plugin. -->","yoast_head_json":{"title":"Nutzungsbedingungen: Ihre Rechte und Pflichten \u2013 Digitalisierung von Gesch\u00e4ftsprozessen &amp; BPM-L\u00f6sung f\u00fcr Unternehmen","description":"Machen Sie sich mit den Nutzungsbedingungen der SYMWAIR-Website vertraut. Erfahren Sie, wie diese Bedingungen Ihre Nutzung unserer Website regeln.","robots":{"index":"index","follow":"follow","max-snippet":"max-snippet:-1","max-image-preview":"max-image-preview:large","max-video-preview":"max-video-preview:-1"},"canonical":"https:\/\/symwair.com\/de\/nutzungsbedingungen\/","og_locale":"de_DE","og_type":"article","og_title":"Terms of Use: Your Rights and Responsibilities - Digitalization of Business Processes &amp; BPM Solution for Companies","og_description":"Understand the terms of use for SYMWAIR's website. Learn how these terms govern your experience on our Site.","og_url":"https:\/\/symwair.com\/de\/nutzungsbedingungen\/","og_site_name":"Digitalization of Business Processes &amp; BPM Solution for Companies","article_modified_time":"2026-03-27T10:35:01+00:00","og_image":[{"width":512,"height":512,"url":"https:\/\/symwair.com\/wp-content\/uploads\/2025\/03\/cropped-symwair_logo.png","type":"image\/png"}],"twitter_card":"summary_large_image","twitter_misc":{"Gesch\u00e4tzte Lesezeit":"3\u00a0Minuten"},"schema":{"@context":"https:\/\/schema.org","@graph":[{"@type":"WebPage","@id":"https:\/\/symwair.com\/terms-of-use\/","url":"https:\/\/symwair.com\/terms-of-use\/","name":"Nutzungsbedingungen: Ihre Rechte und Pflichten \u2013 Digitalisierung von Gesch\u00e4ftsprozessen &amp; BPM-L\u00f6sung f\u00fcr Unternehmen","isPartOf":{"@id":"https:\/\/symwair.com\/#website"},"primaryImageOfPage":{"@id":"https:\/\/symwair.com\/terms-of-use\/#primaryimage"},"image":{"@id":"https:\/\/symwair.com\/terms-of-use\/#primaryimage"},"thumbnailUrl":"https:\/\/symwair.com\/wp-content\/uploads\/2025\/03\/cropped-symwair_logo.png","datePublished":"2025-03-20T18:04:56+00:00","dateModified":"2026-03-27T10:35:01+00:00","description":"Machen Sie sich mit den Nutzungsbedingungen der SYMWAIR-Website vertraut. Erfahren Sie, wie diese Bedingungen Ihre Nutzung unserer Website regeln.","breadcrumb":{"@id":"https:\/\/symwair.com\/terms-of-use\/#breadcrumb"},"inLanguage":"de","potentialAction":[{"@type":"ReadAction","target":["https:\/\/symwair.com\/terms-of-use\/"]}]},{"@type":"ImageObject","inLanguage":"de","@id":"https:\/\/symwair.com\/terms-of-use\/#primaryimage","url":"https:\/\/symwair.com\/wp-content\/uploads\/2025\/03\/cropped-symwair_logo.png","contentUrl":"https:\/\/symwair.com\/wp-content\/uploads\/2025\/03\/cropped-symwair_logo.png","width":512,"height":512,"caption":"symwair_logo.png"},{"@type":"BreadcrumbList","@id":"https:\/\/symwair.com\/terms-of-use\/#breadcrumb","itemListElement":[{"@type":"ListItem","position":1,"name":"Home","item":"https:\/\/symwair.com\/"},{"@type":"ListItem","position":2,"name":"Terms of Use"}]},{"@type":"WebSite","@id":"https:\/\/symwair.com\/#website","url":"https:\/\/symwair.com\/","name":"Intelligente Workflow-Automatisierung und Innovation","description":"SYMWAIR","publisher":{"@id":"https:\/\/symwair.com\/#organization"},"alternateName":"SYMWAIR","potentialAction":[{"@type":"SearchAction","target":{"@type":"EntryPoint","urlTemplate":"https:\/\/symwair.com\/?s={search_term_string}"},"query-input":{"@type":"PropertyValueSpecification","valueRequired":true,"valueName":"search_term_string"}}],"inLanguage":"de"},{"@type":"Organization","@id":"https:\/\/symwair.com\/#organization","name":"Symwair, s.r.o.","alternateName":"SYMWAIR","url":"https:\/\/symwair.com\/","logo":{"@type":"ImageObject","inLanguage":"de","@id":"https:\/\/symwair.com\/#\/schema\/logo\/image\/","url":"https:\/\/symwair.com\/wp-content\/uploads\/2025\/03\/symwair_logo.png","contentUrl":"https:\/\/symwair.com\/wp-content\/uploads\/2025\/03\/symwair_logo.png","width":1000,"height":1000,"caption":"Symwair, s.r.o."},"image":{"@id":"https:\/\/symwair.com\/#\/schema\/logo\/image\/"}}]}},"_links":{"self":[{"href":"https:\/\/symwair.com\/de\/wp-json\/wp\/v2\/pages\/133","targetHints":{"allow":["GET"]}}],"collection":[{"href":"https:\/\/symwair.com\/de\/wp-json\/wp\/v2\/pages"}],"about":[{"href":"https:\/\/symwair.com\/de\/wp-json\/wp\/v2\/types\/page"}],"author":[{"embeddable":true,"href":"https:\/\/symwair.com\/de\/wp-json\/wp\/v2\/users\/1"}],"replies":[{"embeddable":true,"href":"https:\/\/symwair.com\/de\/wp-json\/wp\/v2\/comments?post=133"}],"version-history":[{"count":3,"href":"https:\/\/symwair.com\/de\/wp-json\/wp\/v2\/pages\/133\/revisions"}],"predecessor-version":[{"id":647,"href":"https:\/\/symwair.com\/de\/wp-json\/wp\/v2\/pages\/133\/revisions\/647"}],"wp:featuredmedia":[{"embeddable":true,"href":"https:\/\/symwair.com\/de\/wp-json\/wp\/v2\/media\/252"}],"wp:attachment":[{"href":"https:\/\/symwair.com\/de\/wp-json\/wp\/v2\/media?parent=133"}],"curies":[{"name":"wp","href":"https:\/\/api.w.org\/{rel}","templated":true}]}}