{"id":3,"date":"2025-03-19T09:14:36","date_gmt":"2025-03-19T09:14:36","guid":{"rendered":"https:\/\/symwair.com\/?page_id=3"},"modified":"2025-05-23T19:42:21","modified_gmt":"2025-05-23T17:42:21","slug":"datenschutzrichtlinie","status":"publish","type":"page","link":"https:\/\/symwair.com\/de\/privacy-policy\/","title":{"rendered":"Datenschutzrichtlinie"},"content":{"rendered":"<div class=\"wp-block-group has-global-padding is-layout-constrained wp-block-group-is-layout-constrained\">\n<p class=\"has-base-color has-text-color has-link-color wp-elements-95b4b731761a36ca4912f3aaffc48a27\">Bei SYMWAIR verpflichten wir uns, Ihre personenbezogenen Daten zu sch\u00fctzen und Ihre Privatsph\u00e4re gem\u00e4\u00df der Datenschutz-Grundverordnung (DSGVO) und anderen geltenden EU-Datenschutzgesetzen zu respektieren. Diese Datenschutzrichtlinie erl\u00e4utert, wie wir Ihre personenbezogenen Daten erheben, verwenden und sch\u00fctzen, wenn Sie unsere Website besuchen oder mit uns interagieren.<\/p>\n\n\n\n<h4 class=\"wp-block-heading has-base-color has-text-color has-link-color wp-elements-58c74779f5e3908fa09c155b26682632\"><strong>1. Von uns erfasste Informationen<\/strong><\/h4>\n\n\n\n<p class=\"has-base-color has-text-color has-link-color wp-elements-405040ef06b24825ac870030f02f3119\">Wir erheben die folgenden Arten personenbezogener Daten:<\/p>\n\n\n\n<ul class=\"wp-block-list\">\n<li class=\"has-base-color has-text-color has-link-color wp-elements-7c19b9d8b6757ae7f91efae5827a4000\"><strong>Kontaktinformationen<\/strong>: Name, E-Mail-Adresse, Telefonnummer und andere Angaben, die Sie bei der Kontaktaufnahme mit uns machen.<\/li>\n\n\n\n<li class=\"has-base-color has-text-color has-link-color wp-elements-e99d370227880d295894e80a70b0fbb3\"><strong>Technische Daten<\/strong>: IP-Adresse, Browsertyp, Ger\u00e4tetyp, Betriebssystem und Nutzungsdaten, die \u00fcber Cookies und \u00e4hnliche Technologien erfasst werden.<\/li>\n\n\n\n<li class=\"has-base-color has-text-color has-link-color wp-elements-4dbe9e016edd1b67f6a073f7070c78bb\"><strong>Gesch\u00e4ftsdaten<\/strong>: Informationen zu Ihren Gesch\u00e4ftsanfragen, Dienstleistungen oder Produkten, an denen Sie interessiert sind.<\/li>\n<\/ul>\n\n\n\n<h4 class=\"wp-block-heading has-base-color has-text-color has-link-color wp-elements-529843ddb8ac21578374efc917b055a1\"><strong>2. Wie wir Ihre Daten verwenden<\/strong><\/h4>\n\n\n\n<p class=\"has-base-color has-text-color has-link-color wp-elements-90fbb92835b47009cbd4dfed5775eab8\">Wir verwenden Ihre personenbezogenen Daten f\u00fcr folgende Zwecke:<\/p>\n\n\n\n<ul class=\"wp-block-list\">\n<li class=\"has-base-color has-text-color has-link-color wp-elements-4797e14ef10cc0bb69a3c8d7a77f04db\">Um auf Ihre Anfragen zu antworten und die von Ihnen angeforderten Dienste bereitzustellen.<\/li>\n\n\n\n<li class=\"has-base-color has-text-color has-link-color wp-elements-d69235a189890cb6cffa4715d29720a4\">Um unsere Website und Dienste durch die Analyse von Benutzerinteraktionen zu verbessern.<\/li>\n\n\n\n<li class=\"has-base-color has-text-color has-link-color wp-elements-44620969601777b4649c05a6924ad37d\">Um Ihnen mit Ihrer Zustimmung relevante Mitteilungen und Updates zu unseren Diensten zu senden.<\/li>\n<\/ul>\n\n\n\n<h4 class=\"wp-block-heading has-base-color has-text-color has-link-color wp-elements-01fae8e07d7698cc3a89b234e82afb08\"><strong>3. Rechtsgrundlage der Verarbeitung<\/strong><\/h4>\n\n\n\n<p class=\"has-base-color has-text-color has-link-color wp-elements-5bb481b59524c50d3eb97c104c90b42d\">Wir verarbeiten Ihre personenbezogenen Daten auf Grundlage folgender Rechtsgrundlagen:<\/p>\n\n\n\n<ul class=\"wp-block-list\">\n<li class=\"has-base-color has-text-color has-link-color wp-elements-2e99897cdb14d15eb0bb553984391fc8\"><strong>Zustimmung<\/strong>: Wenn Sie Ihre Daten angeben, z. B. wenn Sie unseren Newsletter abonnieren oder direkt Kontakt mit uns aufnehmen.<\/li>\n\n\n\n<li class=\"has-base-color has-text-color has-link-color wp-elements-eda60de551c94148b046cd45625b9efc\"><strong>Vertragsnotwendigkeit<\/strong>: Wenn die Verarbeitung f\u00fcr die Erf\u00fcllung eines Vertrags oder zur Durchf\u00fchrung vorvertraglicher Ma\u00dfnahmen erforderlich ist.<\/li>\n\n\n\n<li class=\"has-base-color has-text-color has-link-color wp-elements-fa8bae0ab2452958dc6ecb314ca89fc7\"><strong>Berechtigte Interessen<\/strong>: F\u00fcr Zwecke wie die Verbesserung unserer Dienste, die Durchf\u00fchrung von Gesch\u00e4ften und die Einhaltung gesetzlicher Vorschriften.<\/li>\n<\/ul>\n\n\n\n<h4 class=\"wp-block-heading has-base-color has-text-color has-link-color wp-elements-1c7be1d188a9fca8bcf89d9e680cdaf2\"><strong>4. Weitergabe Ihrer Daten<\/strong><\/h4>\n\n\n\n<p class=\"has-base-color has-text-color has-link-color wp-elements-7e3fe0394d7727996bab20986c3e716c\">Wir verkaufen oder vermieten Ihre personenbezogenen Daten nicht an Dritte. Wir k\u00f6nnen Ihre Daten jedoch weitergeben an:<\/p>\n\n\n\n<ul class=\"wp-block-list\">\n<li class=\"has-base-color has-text-color has-link-color wp-elements-1b995c180af68c74549771cddd240af9\"><strong>Dienstanbieter<\/strong>: Drittanbieter, die uns bei der Bereitstellung von Diensten wie IT-Support oder Marketing unterst\u00fctzen.<\/li>\n\n\n\n<li class=\"has-base-color has-text-color has-link-color wp-elements-c2f37ff901249f2bde16e37c1d0887b2\"><strong>Einhaltung gesetzlicher Vorschriften<\/strong>: Wenn gesetzlich vorgeschrieben oder als Reaktion auf rechtliche Anfragen.<\/li>\n<\/ul>\n\n\n\n<h4 class=\"wp-block-heading has-base-color has-text-color has-link-color wp-elements-1b62f77c9072857e975d9ee4e95a4e50\"><strong>5. Datenspeicherung<\/strong><\/h4>\n\n\n\n<p class=\"has-base-color has-text-color has-link-color wp-elements-7257a7f1065da5df9c8ab273e0a9e01b\">Wir bewahren Ihre personenbezogenen Daten nur so lange auf, wie dies zur Erf\u00fcllung der in dieser Richtlinie dargelegten Zwecke und zur Einhaltung gesetzlicher oder vertraglicher Verpflichtungen erforderlich ist.<\/p>\n\n\n\n<h4 class=\"wp-block-heading has-base-color has-text-color has-link-color wp-elements-8db1745bd78faeca305dd82657921ee9\"><strong>6. Ihre Rechte<\/strong><\/h4>\n\n\n\n<p class=\"has-base-color has-text-color has-link-color wp-elements-5a0389b3e7cfd292df32cc1c7d315c24\">Als Einwohner der EU haben Sie gem\u00e4\u00df der DSGVO folgende Rechte:<\/p>\n\n\n\n<ul class=\"wp-block-list\">\n<li class=\"has-base-color has-text-color has-link-color wp-elements-cb71beb74801fa07596da2e2fe75c70c\"><strong>Auskunftsrecht<\/strong>: Sie k\u00f6nnen eine Kopie Ihrer personenbezogenen Daten anfordern.<\/li>\n\n\n\n<li class=\"has-base-color has-text-color has-link-color wp-elements-1ba23c19417e7a78d09a33740ce3bb21\"><strong>Recht auf Berichtigung<\/strong>: Sie k\u00f6nnen ungenaue Daten aktualisieren oder korrigieren.<\/li>\n\n\n\n<li class=\"has-base-color has-text-color has-link-color wp-elements-092c438521a33200183c487ae22810b3\"><strong>Recht auf L\u00f6schung<\/strong>: Sie k\u00f6nnen unter bestimmten Voraussetzungen die L\u00f6schung Ihrer personenbezogenen Daten verlangen.<\/li>\n\n\n\n<li class=\"has-base-color has-text-color has-link-color wp-elements-05e41cd215cdba0993606635d7f04435\"><strong>Recht auf Einschr\u00e4nkung<\/strong>: Sie k\u00f6nnen in einigen F\u00e4llen die Einschr\u00e4nkung der Verarbeitung verlangen.<\/li>\n\n\n\n<li class=\"has-base-color has-text-color has-link-color wp-elements-267e286a143b315bd9d3d072cb8f4ee5\"><strong>Recht auf Daten\u00fcbertragbarkeit<\/strong>: Sie k\u00f6nnen Ihre Daten in einem portablen Format anfordern.<\/li>\n\n\n\n<li class=\"has-base-color has-text-color has-link-color wp-elements-bddac000233c908d9bf7ad5e522a66f9\"><strong>Widerspruchsrecht<\/strong>: Sie k\u00f6nnen der Verarbeitung auf Grundlage berechtigter Interessen widersprechen.<\/li>\n<\/ul>\n\n\n\n<p class=\"has-base-color has-text-color has-link-color wp-elements-712a0a7d3d3d2d7f9bb31c44d03c942e\">Sie k\u00f6nnen diese Rechte aus\u00fcben, indem Sie uns \u00fcber die unten angegebenen Kontaktdaten kontaktieren.<\/p>\n\n\n\n<h4 class=\"wp-block-heading has-base-color has-text-color has-link-color wp-elements-d01013125f1ebf8751efa04d504fc136\"><strong>7. Sicherheit<\/strong><\/h4>\n\n\n\n<p class=\"has-base-color has-text-color has-link-color wp-elements-3403cc15f910f15e2d55e4184ce6a6ce\">Wir ergreifen geeignete technische und organisatorische Ma\u00dfnahmen, um Ihre personenbezogenen Daten vor unberechtigtem Zugriff, Verlust oder Ver\u00e4nderung zu sch\u00fctzen.<\/p>\n\n\n\n<h4 class=\"wp-block-heading has-base-color has-text-color has-link-color wp-elements-639ef616d32e7480b4ca2cc1bfc4b1fe\"><strong>8. \u00c4nderungen dieser Richtlinie<\/strong><\/h4>\n\n\n\n<p class=\"has-base-color has-text-color has-link-color wp-elements-07767525f941c64f7f83be998114bdbb\">Wir behalten uns das Recht vor, diese Datenschutzrichtlinie gelegentlich zu aktualisieren. Alle \u00c4nderungen werden auf dieser Seite mit dem aktualisierten Datum des Inkrafttretens ver\u00f6ffentlicht.<\/p>\n\n\n\n<h4 class=\"wp-block-heading has-base-color has-text-color has-link-color wp-elements-d189d7b6821d5f7cfab04a2780f80eac\"><strong>9. Kontakt<\/strong><\/h4>\n\n\n\n<p class=\"has-base-color has-text-color has-link-color wp-elements-b24bea16a20fa9b90049ebfd18f71b3f\">Wenn Sie Fragen oder Bedenken zu dieser Datenschutzrichtlinie oder zum Umgang mit Ihren personenbezogenen Daten haben, kontaktieren Sie uns bitte unter: symwairoffice(at)gmail.com<\/p>\n<\/div>\n\n\n\n<p><\/p>","protected":false},"excerpt":{"rendered":"<p>At SYMWAIR, we are committed to protecting your personal data and respecting your privacy in accordance with the General Data Protection Regulation (GDPR) and other applicable EU data protection laws. This Privacy Policy explains how we collect, use, and safeguard your personal information when you visit our website or interact with us. 1. Information We [&hellip;]<\/p>\n","protected":false},"author":1,"featured_media":252,"parent":0,"menu_order":0,"comment_status":"closed","ping_status":"open","template":"","meta":{"footnotes":""},"class_list":["post-3","page","type-page","status-publish","has-post-thumbnail","hentry"],"yoast_head":"<!-- This site is optimized with the Yoast SEO plugin v27.5 - https:\/\/yoast.com\/product\/yoast-seo-wordpress\/ -->\n<title>Privacy Policy - Digitalization of Business Processes &amp; BPM Solution for Companies<\/title>\n<meta name=\"description\" content=\"Read our Privacy Policy to understand how we collect, use, and protect your personal data in compliance with GDPR and EU privacy laws. Your privacy is our priority.\" \/>\n<meta name=\"robots\" content=\"index, follow, max-snippet:-1, max-image-preview:large, max-video-preview:-1\" \/>\n<link rel=\"canonical\" href=\"https:\/\/symwair.com\/de\/datenschutzrichtlinie\/\" \/>\n<meta property=\"og:locale\" content=\"de_DE\" \/>\n<meta property=\"og:type\" content=\"article\" \/>\n<meta property=\"og:title\" content=\"Privacy Policy - Digitalization of Business Processes &amp; BPM Solution for Companies\" \/>\n<meta property=\"og:description\" content=\"Read our Privacy Policy to understand how we collect, use, and protect your personal data in compliance with GDPR and EU privacy laws. Your privacy is our priority.\" \/>\n<meta property=\"og:url\" content=\"https:\/\/symwair.com\/de\/datenschutzrichtlinie\/\" \/>\n<meta property=\"og:site_name\" content=\"Digitalization of Business Processes &amp; BPM Solution for Companies\" \/>\n<meta property=\"article:modified_time\" content=\"2025-05-23T17:42:21+00:00\" \/>\n<meta property=\"og:image\" content=\"https:\/\/symwair.com\/wp-content\/uploads\/2025\/03\/3in1-netgrif.png\" \/>\n\t<meta property=\"og:image:width\" content=\"1366\" \/>\n\t<meta property=\"og:image:height\" content=\"768\" \/>\n\t<meta property=\"og:image:type\" content=\"image\/png\" \/>\n<meta name=\"twitter:card\" content=\"summary_large_image\" \/>\n<meta name=\"twitter:label1\" content=\"Gesch\u00e4tzte Lesezeit\" \/>\n\t<meta name=\"twitter:data1\" content=\"3\u00a0Minuten\" \/>\n<script type=\"application\/ld+json\" class=\"yoast-schema-graph\">{\"@context\":\"https:\\\/\\\/schema.org\",\"@graph\":[{\"@type\":\"WebPage\",\"@id\":\"https:\\\/\\\/symwair.com\\\/privacy-policy\\\/\",\"url\":\"https:\\\/\\\/symwair.com\\\/privacy-policy\\\/\",\"name\":\"Privacy Policy - Digitalization of Business Processes &amp; BPM Solution for Companies\",\"isPartOf\":{\"@id\":\"https:\\\/\\\/symwair.com\\\/#website\"},\"primaryImageOfPage\":{\"@id\":\"https:\\\/\\\/symwair.com\\\/privacy-policy\\\/#primaryimage\"},\"image\":{\"@id\":\"https:\\\/\\\/symwair.com\\\/privacy-policy\\\/#primaryimage\"},\"thumbnailUrl\":\"https:\\\/\\\/symwair.com\\\/wp-content\\\/uploads\\\/2025\\\/03\\\/cropped-symwair_logo.png\",\"datePublished\":\"2025-03-19T09:14:36+00:00\",\"dateModified\":\"2025-05-23T17:42:21+00:00\",\"description\":\"Read our Privacy Policy to understand how we collect, use, and protect your personal data in compliance with GDPR and EU privacy laws. Your privacy is our priority.\",\"breadcrumb\":{\"@id\":\"https:\\\/\\\/symwair.com\\\/privacy-policy\\\/#breadcrumb\"},\"inLanguage\":\"de\",\"potentialAction\":[{\"@type\":\"ReadAction\",\"target\":[\"https:\\\/\\\/symwair.com\\\/privacy-policy\\\/\"]}]},{\"@type\":\"ImageObject\",\"inLanguage\":\"de\",\"@id\":\"https:\\\/\\\/symwair.com\\\/privacy-policy\\\/#primaryimage\",\"url\":\"https:\\\/\\\/symwair.com\\\/wp-content\\\/uploads\\\/2025\\\/03\\\/cropped-symwair_logo.png\",\"contentUrl\":\"https:\\\/\\\/symwair.com\\\/wp-content\\\/uploads\\\/2025\\\/03\\\/cropped-symwair_logo.png\",\"width\":512,\"height\":512,\"caption\":\"symwair_logo.png\"},{\"@type\":\"BreadcrumbList\",\"@id\":\"https:\\\/\\\/symwair.com\\\/privacy-policy\\\/#breadcrumb\",\"itemListElement\":[{\"@type\":\"ListItem\",\"position\":1,\"name\":\"Home\",\"item\":\"https:\\\/\\\/symwair.com\\\/\"},{\"@type\":\"ListItem\",\"position\":2,\"name\":\"Privacy Policy\"}]},{\"@type\":\"WebSite\",\"@id\":\"https:\\\/\\\/symwair.com\\\/#website\",\"url\":\"https:\\\/\\\/symwair.com\\\/\",\"name\":\"Smart Workflow Automation & Innovation\",\"description\":\"SYMWAIR\",\"publisher\":{\"@id\":\"https:\\\/\\\/symwair.com\\\/#organization\"},\"alternateName\":\"SYMWAIR\",\"potentialAction\":[{\"@type\":\"SearchAction\",\"target\":{\"@type\":\"EntryPoint\",\"urlTemplate\":\"https:\\\/\\\/symwair.com\\\/?s={search_term_string}\"},\"query-input\":{\"@type\":\"PropertyValueSpecification\",\"valueRequired\":true,\"valueName\":\"search_term_string\"}}],\"inLanguage\":\"de\"},{\"@type\":\"Organization\",\"@id\":\"https:\\\/\\\/symwair.com\\\/#organization\",\"name\":\"Symwair, s.r.o.\",\"alternateName\":\"SYMWAIR\",\"url\":\"https:\\\/\\\/symwair.com\\\/\",\"logo\":{\"@type\":\"ImageObject\",\"inLanguage\":\"de\",\"@id\":\"https:\\\/\\\/symwair.com\\\/#\\\/schema\\\/logo\\\/image\\\/\",\"url\":\"https:\\\/\\\/symwair.com\\\/wp-content\\\/uploads\\\/2025\\\/03\\\/symwair_logo.png\",\"contentUrl\":\"https:\\\/\\\/symwair.com\\\/wp-content\\\/uploads\\\/2025\\\/03\\\/symwair_logo.png\",\"width\":1000,\"height\":1000,\"caption\":\"Symwair, s.r.o.\"},\"image\":{\"@id\":\"https:\\\/\\\/symwair.com\\\/#\\\/schema\\\/logo\\\/image\\\/\"}}]}<\/script>\n<!-- \/ Yoast SEO plugin. -->","yoast_head_json":{"title":"Datenschutzrichtlinie \u2013 Digitalisierung von Gesch\u00e4ftsprozessen &amp; BPM-L\u00f6sung f\u00fcr Unternehmen","description":"Lesen Sie unsere Datenschutzrichtlinie, um zu erfahren, wie wir Ihre personenbezogenen Daten gem\u00e4\u00df DSGVO und EU-Datenschutzgesetzen erheben, verwenden und sch\u00fctzen. Ihre Privatsph\u00e4re hat f\u00fcr uns Priorit\u00e4t.","robots":{"index":"index","follow":"follow","max-snippet":"max-snippet:-1","max-image-preview":"max-image-preview:large","max-video-preview":"max-video-preview:-1"},"canonical":"https:\/\/symwair.com\/de\/datenschutzrichtlinie\/","og_locale":"de_DE","og_type":"article","og_title":"Privacy Policy - Digitalization of Business Processes &amp; BPM Solution for Companies","og_description":"Read our Privacy Policy to understand how we collect, use, and protect your personal data in compliance with GDPR and EU privacy laws. Your privacy is our priority.","og_url":"https:\/\/symwair.com\/de\/datenschutzrichtlinie\/","og_site_name":"Digitalization of Business Processes &amp; BPM Solution for Companies","article_modified_time":"2025-05-23T17:42:21+00:00","og_image":[{"width":1366,"height":768,"url":"https:\/\/symwair.com\/wp-content\/uploads\/2025\/03\/3in1-netgrif.png","type":"image\/png"}],"twitter_card":"summary_large_image","twitter_misc":{"Gesch\u00e4tzte Lesezeit":"3\u00a0Minuten"},"schema":{"@context":"https:\/\/schema.org","@graph":[{"@type":"WebPage","@id":"https:\/\/symwair.com\/privacy-policy\/","url":"https:\/\/symwair.com\/privacy-policy\/","name":"Datenschutzrichtlinie \u2013 Digitalisierung von Gesch\u00e4ftsprozessen &amp; BPM-L\u00f6sung f\u00fcr Unternehmen","isPartOf":{"@id":"https:\/\/symwair.com\/#website"},"primaryImageOfPage":{"@id":"https:\/\/symwair.com\/privacy-policy\/#primaryimage"},"image":{"@id":"https:\/\/symwair.com\/privacy-policy\/#primaryimage"},"thumbnailUrl":"https:\/\/symwair.com\/wp-content\/uploads\/2025\/03\/cropped-symwair_logo.png","datePublished":"2025-03-19T09:14:36+00:00","dateModified":"2025-05-23T17:42:21+00:00","description":"Lesen Sie unsere Datenschutzrichtlinie, um zu erfahren, wie wir Ihre personenbezogenen Daten gem\u00e4\u00df DSGVO und EU-Datenschutzgesetzen erheben, verwenden und sch\u00fctzen. Ihre Privatsph\u00e4re hat f\u00fcr uns Priorit\u00e4t.","breadcrumb":{"@id":"https:\/\/symwair.com\/privacy-policy\/#breadcrumb"},"inLanguage":"de","potentialAction":[{"@type":"ReadAction","target":["https:\/\/symwair.com\/privacy-policy\/"]}]},{"@type":"ImageObject","inLanguage":"de","@id":"https:\/\/symwair.com\/privacy-policy\/#primaryimage","url":"https:\/\/symwair.com\/wp-content\/uploads\/2025\/03\/cropped-symwair_logo.png","contentUrl":"https:\/\/symwair.com\/wp-content\/uploads\/2025\/03\/cropped-symwair_logo.png","width":512,"height":512,"caption":"symwair_logo.png"},{"@type":"BreadcrumbList","@id":"https:\/\/symwair.com\/privacy-policy\/#breadcrumb","itemListElement":[{"@type":"ListItem","position":1,"name":"Home","item":"https:\/\/symwair.com\/"},{"@type":"ListItem","position":2,"name":"Privacy Policy"}]},{"@type":"WebSite","@id":"https:\/\/symwair.com\/#website","url":"https:\/\/symwair.com\/","name":"Intelligente Workflow-Automatisierung und Innovation","description":"SYMWAIR","publisher":{"@id":"https:\/\/symwair.com\/#organization"},"alternateName":"SYMWAIR","potentialAction":[{"@type":"SearchAction","target":{"@type":"EntryPoint","urlTemplate":"https:\/\/symwair.com\/?s={search_term_string}"},"query-input":{"@type":"PropertyValueSpecification","valueRequired":true,"valueName":"search_term_string"}}],"inLanguage":"de"},{"@type":"Organization","@id":"https:\/\/symwair.com\/#organization","name":"Symwair, s.r.o.","alternateName":"SYMWAIR","url":"https:\/\/symwair.com\/","logo":{"@type":"ImageObject","inLanguage":"de","@id":"https:\/\/symwair.com\/#\/schema\/logo\/image\/","url":"https:\/\/symwair.com\/wp-content\/uploads\/2025\/03\/symwair_logo.png","contentUrl":"https:\/\/symwair.com\/wp-content\/uploads\/2025\/03\/symwair_logo.png","width":1000,"height":1000,"caption":"Symwair, s.r.o."},"image":{"@id":"https:\/\/symwair.com\/#\/schema\/logo\/image\/"}}]}},"_links":{"self":[{"href":"https:\/\/symwair.com\/de\/wp-json\/wp\/v2\/pages\/3","targetHints":{"allow":["GET"]}}],"collection":[{"href":"https:\/\/symwair.com\/de\/wp-json\/wp\/v2\/pages"}],"about":[{"href":"https:\/\/symwair.com\/de\/wp-json\/wp\/v2\/types\/page"}],"author":[{"embeddable":true,"href":"https:\/\/symwair.com\/de\/wp-json\/wp\/v2\/users\/1"}],"replies":[{"embeddable":true,"href":"https:\/\/symwair.com\/de\/wp-json\/wp\/v2\/comments?post=3"}],"version-history":[{"count":1,"href":"https:\/\/symwair.com\/de\/wp-json\/wp\/v2\/pages\/3\/revisions"}],"predecessor-version":[{"id":131,"href":"https:\/\/symwair.com\/de\/wp-json\/wp\/v2\/pages\/3\/revisions\/131"}],"wp:featuredmedia":[{"embeddable":true,"href":"https:\/\/symwair.com\/de\/wp-json\/wp\/v2\/media\/252"}],"wp:attachment":[{"href":"https:\/\/symwair.com\/de\/wp-json\/wp\/v2\/media?parent=3"}],"curies":[{"name":"wp","href":"https:\/\/api.w.org\/{rel}","templated":true}]}}