{"id":515,"date":"2025-05-03T20:55:18","date_gmt":"2025-05-03T18:55:18","guid":{"rendered":"https:\/\/symwair.com\/?page_id=515"},"modified":"2026-05-04T07:48:55","modified_gmt":"2026-05-04T05:48:55","slug":"uber-uns","status":"publish","type":"page","link":"https:\/\/symwair.com\/de\/about-us\/","title":{"rendered":"\u00dcber uns"},"content":{"rendered":"<div class=\"wp-block-columns is-layout-flex wp-container-core-columns-is-layout-28f84493 wp-block-columns-is-layout-flex\">\n<div class=\"wp-block-column is-layout-flow wp-block-column-is-layout-flow\" style=\"flex-basis:100%\">\n<main class=\"wp-block-group animated fadeInUp about-us-section is-layout-flow wp-container-core-group-is-layout-cc0d5a8c wp-block-group-is-layout-flow\" style=\"margin-top:0;margin-bottom:0;padding-top:0;padding-right:0;padding-bottom:0;padding-left:0\">\n<div class=\"wp-block-group alignfull has-large-font-size is-layout-grid wp-container-core-group-is-layout-f167b3ad wp-block-group-is-layout-grid\" style=\"padding-top:var(--wp--preset--spacing--30);padding-right:var(--wp--preset--spacing--40);padding-bottom:var(--wp--preset--spacing--30);padding-left:var(--wp--preset--spacing--40)\">\n<div class=\"wp-block-columns alignwide is-layout-flex wp-container-core-columns-is-layout-08c01c1c wp-block-columns-is-layout-flex\">\n<div class=\"wp-block-column is-layout-flow wp-block-column-is-layout-flow\" style=\"flex-basis:100%\">\n<p class=\"has-medium-font-size\"><bdo lang=\"en\" dir=\"ltr\">SYMWAIR wurde mit dem Ziel gegr\u00fcndet, <strong>Moderne L\u00f6sungen f\u00fcr die Automatisierung von Gesch\u00e4ftsprozessen<\/strong> und Digitalisierung durch low-code- und KI-Technologien.<\/bdo><\/p>\n\n\n\n<p class=\"has-medium-font-size\">Unser Team hat <strong>langj\u00e4hrige Erfahrung <\/strong>Wir liefern umfassende Softwarel\u00f6sungen f\u00fcr mittelst\u00e4ndische und gro\u00dfe Unternehmen. Unser Team besteht aus Experten, die nach ihrer T\u00e4tigkeit in multinationalen Konzernen oder der erfolgreichen Durchf\u00fchrung eigener Projekte beschlossen haben, sich auf die Beratung und Implementierung von L\u00f6sungen zu spezialisieren, die Unternehmen bei der effizienten, schnellen und zuverl\u00e4ssigen Digitalisierung ihrer Prozesse unterst\u00fctzen.<\/p>\n\n\n\n<p class=\"has-medium-font-size\">Dank unserer Expertise k\u00f6nnen wir E-Formulare, Aufgaben, Workflows und Anwendungen automatisieren und nahtlos in bestehende Unternehmenssoftware integrieren.<\/p>\n\n\n\n<p class=\"has-medium-font-size\">Wir unterst\u00fctzen Unternehmen bei der Optimierung von Prozessen, deren Digitalisierung bisher zu kostspielig oder zu komplex war. Dadurch erzielen wir messbare Ergebnisse und steigern ihr Wachstum und ihre Produktivit\u00e4t.<\/p>\n\n\n\n<p class=\"has-medium-font-size\">Unsere Mission ist es, L\u00f6sungen anzubieten, die<strong> intuitiv, flexibel und zug\u00e4nglich<\/strong>, Wir erm\u00f6glichen unseren Kunden, die Kontrolle \u00fcber ihre eigenen Prozesse zu \u00fcbernehmen, ohne ein neues IT-Team aufbauen zu m\u00fcssen.<\/p>\n\n\n\n<p class=\"has-medium-font-size\"><strong>Zuverl\u00e4ssigkeit, Innovation, <\/strong>und ein Schwerpunkt auf<strong> echte Wirkung <\/strong>sind die Kernwerte, die uns bei jedem Projekt leiten.<\/p>\n\n\n\n<p class=\"has-medium-font-size\">Wir freuen uns darauf, mit Ihnen zusammenzuarbeiten und Ihre Prozesse gemeinsam auf die n\u00e4chste Ebene zu heben. <\/p>\n<\/div>\n<\/div>\n<\/div>\n<\/main>\n<\/div>\n<\/div>\n\n\n\n<div class=\"wp-block-group animated fadeInUp team-section has-global-padding is-layout-constrained wp-container-core-group-is-layout-f6acdfd4 wp-block-group-is-layout-constrained\" style=\"margin-top:0;margin-bottom:0;padding-top:0;padding-right:20px;padding-bottom:0;padding-left:20px\">\n<h2 class=\"wp-block-heading has-text-align-center has-heading-text-color-color has-text-color has-link-color has-body-font-family wp-elements-d8dd1ffb2d8f09df7647b863b07eb329\" style=\"margin-bottom:0;font-size:clamp(20px, 1.25rem + ((1vw - 3.2px) * 1.176), 32px);font-style:normal;font-weight:700\">Unser gro\u00dfartiges Team<\/h2>\n<\/div>\n\n\n\n<div class=\"wp-block-group has-global-padding is-layout-constrained wp-block-group-is-layout-constrained\">\n<div class=\"wp-block-group animated fadeInUp faq-section has-global-padding is-layout-constrained wp-container-core-group-is-layout-3a5d0737 wp-block-group-is-layout-constrained\" style=\"margin-top:0;margin-bottom:0;padding-top:0;padding-right:20px;padding-bottom:0;padding-left:20px\">\n<div class=\"wp-block-group has-global-padding is-layout-constrained wp-container-core-group-is-layout-e4eaaeb1 wp-block-group-is-layout-constrained\">\n<h2 class=\"wp-block-heading has-text-align-center has-heading-text-color-color has-text-color has-link-color has-body-font-family wp-elements-c99f3f8b30d7975c4fe49e9effc1e07e\" style=\"font-size:clamp(20px, 1.25rem + ((1vw - 3.2px) * 1.176), 32px);font-style:normal;font-weight:600\">H\u00e4ufig gestellte Fragen<\/h2>\n<\/div>\n\n\n\n<div class=\"wp-block-group alignwide has-global-padding is-content-justification-center is-layout-constrained wp-block-group-is-layout-constrained\" id=\"faq\">\n<h2 class=\"wp-block-heading has-text-align-center has-x-large-font-size\" style=\"padding-top:var(--wp--preset--spacing--20);padding-bottom:var(--wp--preset--spacing--20)\">H\u00e4ufig gestellte Fragen<\/h2>\n\n\n\n<div class=\"wp-block-group has-medium-font-size is-layout-flow wp-container-core-group-is-layout-9b635ac4 wp-block-group-is-layout-flow\">\n<div class=\"wp-block-columns alignwide are-vertically-aligned-center is-layout-flex wp-container-core-columns-is-layout-967d05ff wp-block-columns-is-layout-flex\" style=\"margin-top:var(--wp--preset--spacing--40)\">\n<div class=\"wp-block-column is-vertically-aligned-center wow animate__animated animate__fadeInUp is-layout-flow wp-block-column-is-layout-flow\" style=\"flex-basis:100%\">\n<div class=\"wp-block-group has-global-padding is-layout-constrained wp-block-group-is-layout-constrained\" style=\"margin-top:0;margin-bottom:0;padding-top:0;padding-bottom:0\">\n<details class=\"wp-block-details has-border-radius has-primary-background-color has-background is-layout-flow wp-block-details-is-layout-flow\" style=\"padding-top:var(--wp--preset--spacing--10);padding-right:var(--wp--preset--spacing--10);padding-bottom:var(--wp--preset--spacing--10);padding-left:var(--wp--preset--spacing--10)\"><summary>Was bedeutet der Name \u201eSYMWAIR\u201c?<\/summary>\n<p><strong>SYMWAIR<\/strong> kann als ein Name interpretiert werden, der die Essenz unserer Mission und Werte verk\u00f6rpert:<\/p>\n\n\n\n<p><strong>SYM<\/strong> \u2013 Abk\u00fcrzung f\u00fcr <em>Synergie<\/em> oder <em>Symbiose<\/em>, steht f\u00fcr Zusammenarbeit, Integration und die nahtlose Verbindung zwischen Technologie und menschlicher Erkenntnis. Dies spiegelt unseren Wert wider f\u00fcr <strong>Inspirieren<\/strong> indem wir Teams und Unternehmen bef\u00e4higen, intelligenter zusammenzuarbeiten.<\/p>\n\n\n\n<p><strong>WAI<\/strong> \u2013 ruft hervor <em>Weg<\/em> oder <em>Intelligenz<\/em>, symbolisiert die intelligenten, effizienten und innovativen L\u00f6sungen, die wir anbieten. Dies steht im Einklang mit <strong>Innovation<\/strong>, da wir kontinuierlich neue Technologien und Ans\u00e4tze erforschen, um sinnvolle Automatisierung und intelligentere Prozesse zu erm\u00f6glichen.<\/p>\n\n\n\n<p><strong>R<\/strong> \u2013 steht f\u00fcr <em>Ergebnisse<\/em>, <em>echte Wirkung<\/em>, oder <em>Zuverl\u00e4ssigkeit<\/em>, was unser Engagement f\u00fcr konkrete Ergebnisse unterstreicht. Dies steht in direktem Zusammenhang mit <strong>Auswirkungen<\/strong>, da wir uns auf messbare Verbesserungen konzentrieren, die Arbeitsabl\u00e4ufe optimieren und f\u00fcr unsere Kunden einen echten Unterschied machen.<\/p>\n<\/details>\n\n\n\n<details class=\"wp-block-details has-border-radius has-primary-background-color has-background is-layout-flow wp-block-details-is-layout-flow\" style=\"padding-top:var(--wp--preset--spacing--10);padding-right:var(--wp--preset--spacing--10);padding-bottom:var(--wp--preset--spacing--10);padding-left:var(--wp--preset--spacing--10)\"><summary>Was unterscheidet SYMWAIR von anderen IT-Dienstleistern?<\/summary>\n<p><strong>KI-gesteuerte Low-Code-Automatisierung<\/strong><br>Im Gegensatz zu herk\u00f6mmlichen IT-Anbietern kombiniert SYMWAIR KI-Intelligenz mit low-code-Design und erm\u00f6glicht so eine schnellere Bereitstellung, einfachere Verwaltung und hochgradig anpassbare Arbeitsabl\u00e4ufe.<\/p>\n\n\n\n<p><strong>Bef\u00e4higen, nicht nur liefern<\/strong><br>Wir implementieren nicht nur L\u00f6sungen \u2013 wir bef\u00e4higen Ihre Teams, Ihre Prozesse unabh\u00e4ngig zu steuern, zu optimieren und weiterzuentwickeln und so die Abh\u00e4ngigkeit von Anbietern zu verringern.<\/p>\n\n\n\n<p><strong>Schnell, kosteng\u00fcnstig und skalierbar<\/strong><br>Unsere L\u00f6sungen sind darauf ausgelegt, einen schnellen ROI zu erzielen, ohne die hohen Kosten oder die Komplexit\u00e4t von legacy-Systemen, und lassen sich nahtlos mit dem Wachstum Ihres Unternehmens skalieren.<\/p>\n\n\n\n<p><strong>Messbare Auswirkungen auf das Gesch\u00e4ft<\/strong><br>Bei jedem SYMWAIR-Projekt stehen greifbare Ergebnisse im Vordergrund: verbesserte Betriebseffizienz, optimierte Arbeitsabl\u00e4ufe und messbare Leistungssteigerungen.<\/p>\n\n\n\n<p><strong>Branchen\u00fcbergreifend flexibel<\/strong><br>Von mittelst\u00e4ndischen Unternehmen bis hin zu Organisationen des \u00f6ffentlichen Sektors passen sich unsere L\u00f6sungen an die individuellen Bed\u00fcrfnisse an und gew\u00e4hrleisten gleichzeitig Sicherheit, Compliance und reibungslose Integration.<\/p>\n<\/details>\n\n\n\n<details class=\"wp-block-details has-border-radius has-primary-background-color has-background is-layout-flow wp-block-details-is-layout-flow\" style=\"padding-top:var(--wp--preset--spacing--10);padding-right:var(--wp--preset--spacing--10);padding-bottom:var(--wp--preset--spacing--10);padding-left:var(--wp--preset--spacing--10)\"><summary>Warum hat sich SYMWAIR f\u00fcr die Zusammenarbeit mit der Netgrif-Plattform entschieden?<\/summary>\n<p>Wir waren beeindruckt von der Entwicklungsgeschwindigkeit, der Flexibilit\u00e4t des einzigartigen Datenmodells und der M\u00f6glichkeit, Unternehmensanwendungen schnell und ohne den Aufwand der herk\u00f6mmlichen Softwareentwicklung bereitzustellen.<\/p>\n<\/details>\n\n\n\n<details class=\"wp-block-details has-border-radius has-primary-background-color has-background is-layout-flow wp-block-details-is-layout-flow\" style=\"padding-top:var(--wp--preset--spacing--10);padding-right:var(--wp--preset--spacing--10);padding-bottom:var(--wp--preset--spacing--10);padding-left:var(--wp--preset--spacing--10)\"><summary>Welche Arten von Prozessen k\u00f6nnen digitalisiert werden?<\/summary>\n<p>Praktisch jeder wiederholbare Gesch\u00e4ftsprozess \u2013 von internen Genehmigungsworkflows und HR-Onboarding bis hin zu Kundendienstaufgaben und der Einhaltung gesetzlicher Vorschriften \u2013 kann automatisiert und digitalisiert werden.<\/p>\n<\/details>\n\n\n\n<details class=\"wp-block-details has-border-radius has-primary-background-color has-background is-layout-flow wp-block-details-is-layout-flow\" style=\"padding-top:var(--wp--preset--spacing--10);padding-right:var(--wp--preset--spacing--10);padding-bottom:var(--wp--preset--spacing--10);padding-left:var(--wp--preset--spacing--10)\"><summary>Wie gehen Sie bei der Projektabwicklung vor?<\/summary>\n<p>Wir bieten <strong>End-to-End-Dienste<\/strong>: Prozessanalyse, Design, Modellierung, Implementierung, Test und Schulung. Unser beratender Ansatz stellt sicher, dass die L\u00f6sungen auf die Bed\u00fcrfnisse jedes Kunden zugeschnitten sind.<\/p>\n<\/details>\n\n\n\n<details class=\"wp-block-details has-border-radius has-primary-background-color has-background is-layout-flow wp-block-details-is-layout-flow\" style=\"padding-top:var(--wp--preset--spacing--10);padding-right:var(--wp--preset--spacing--10);padding-bottom:var(--wp--preset--spacing--10);padding-left:var(--wp--preset--spacing--10)\"><summary>K\u00f6nnen Sie sich in unsere bestehenden Systeme integrieren?<\/summary>\n<p>Ja. Wir unterst\u00fctzen die Integration \u00fcber REST-APIs und andere Standardprotokolle und erm\u00f6glichen so eine nahtlose Verbindung mit ERP-, CRM- und anderen Gesch\u00e4ftssystemen.<\/p>\n<\/details>\n\n\n\n<details class=\"wp-block-details has-border-radius has-primary-background-color has-background is-layout-flow wp-block-details-is-layout-flow\" style=\"padding-top:var(--wp--preset--spacing--10);padding-right:var(--wp--preset--spacing--10);padding-bottom:var(--wp--preset--spacing--10);padding-left:var(--wp--preset--spacing--10)\"><summary>M\u00fcssen wir ein internes IT-Team aufbauen?<\/summary>\n<p>Nein. Eine der St\u00e4rken der Plattform besteht darin, dass Gesch\u00e4ftsbenutzer Anwendungen nach der Bereitstellung verwalten und \u00e4ndern k\u00f6nnen, wodurch die Abh\u00e4ngigkeit von IT-Teams verringert wird.<\/p>\n<\/details>\n\n\n\n<details class=\"wp-block-details has-border-radius has-primary-background-color has-background is-layout-flow wp-block-details-is-layout-flow\" style=\"padding-top:var(--wp--preset--spacing--10);padding-right:var(--wp--preset--spacing--10);padding-bottom:var(--wp--preset--spacing--10);padding-left:var(--wp--preset--spacing--10)\"><summary>Ist low-code BPMN f\u00fcr KMUs oder nur f\u00fcr Gro\u00dfunternehmen kosteneffizient?<\/summary>\n<p>Netgrif eignet sich sowohl f\u00fcr KMU als auch f\u00fcr Gro\u00dfunternehmen. Dank der Lizenzierung und des schnellen Entwicklungsmodells ist es auch f\u00fcr Prozesse kosteng\u00fcnstig, deren Digitalisierung bisher zu teuer war.<\/p>\n<\/details>\n\n\n\n<details class=\"wp-block-details has-border-radius has-primary-background-color has-background is-layout-flow wp-block-details-is-layout-flow\" style=\"padding-top:var(--wp--preset--spacing--10);padding-right:var(--wp--preset--spacing--10);padding-bottom:var(--wp--preset--spacing--10);padding-left:var(--wp--preset--spacing--10)\"><summary>Wie hoch ist die typische Amortisierungszeit f\u00fcr eine Netgrif-basierte L\u00f6sung?<\/summary>\n<p>Je nach Komplexit\u00e4t k\u00f6nnen MVPs innerhalb von Wochen \u2013 manchmal sogar Tagen \u2013 geliefert werden, vollst\u00e4ndige L\u00f6sungen sind oft in weniger als drei Monaten verf\u00fcgbar.<\/p>\n<\/details>\n<\/div>\n<\/div>\n<\/div>\n<\/div>\n<\/div>\n<\/div>\n<\/div>\n\n\n\n<p><\/p>","protected":false},"excerpt":{"rendered":"<p>SYMWAIR was founded with the goal of delivering modern solutions for business process automation and digitalization through low-code and AI technologies. Our team has many years of experience delivering end-to-end software solutions for medium and large enterprises. We are a group of professionals who, after working in multinational corporations or running successful independent projects, decided [&hellip;]<\/p>\n","protected":false},"author":1,"featured_media":252,"parent":0,"menu_order":0,"comment_status":"closed","ping_status":"closed","template":"","meta":{"footnotes":""},"class_list":["post-515","page","type-page","status-publish","has-post-thumbnail","hentry"],"yoast_head":"<!-- This site is optimized with the Yoast SEO plugin v27.5 - https:\/\/yoast.com\/product\/yoast-seo-wordpress\/ -->\n<title>About Symwair: Revolutionizing Business Processes - Digitalization of Business Processes &amp; BPM Solution for Companies<\/title>\n<meta name=\"description\" content=\"Discover what SYMWAIR offers in business process automation and digitalization through low-code and AI technologies.\" \/>\n<meta name=\"robots\" content=\"index, follow, max-snippet:-1, max-image-preview:large, max-video-preview:-1\" \/>\n<link rel=\"canonical\" href=\"https:\/\/symwair.com\/de\/uber-uns\/\" \/>\n<meta property=\"og:locale\" content=\"de_DE\" \/>\n<meta property=\"og:type\" content=\"article\" \/>\n<meta property=\"og:title\" content=\"About Symwair: Revolutionizing Business Processes - Digitalization of Business Processes &amp; BPM Solution for Companies\" \/>\n<meta property=\"og:description\" content=\"Discover what SYMWAIR offers in business process automation and digitalization through low-code and AI technologies.\" \/>\n<meta property=\"og:url\" content=\"https:\/\/symwair.com\/de\/uber-uns\/\" \/>\n<meta property=\"og:site_name\" content=\"Digitalization of Business Processes &amp; BPM Solution for Companies\" \/>\n<meta property=\"article:modified_time\" content=\"2026-05-04T05:48:55+00:00\" \/>\n<meta property=\"og:image\" content=\"https:\/\/symwair.com\/wp-content\/uploads\/2025\/03\/cropped-symwair_logo.png\" \/>\n\t<meta property=\"og:image:width\" content=\"512\" \/>\n\t<meta property=\"og:image:height\" content=\"512\" \/>\n\t<meta property=\"og:image:type\" content=\"image\/png\" \/>\n<meta name=\"twitter:card\" content=\"summary_large_image\" \/>\n<meta name=\"twitter:label1\" content=\"Gesch\u00e4tzte Lesezeit\" \/>\n\t<meta name=\"twitter:data1\" content=\"4\u00a0Minuten\" \/>\n<script type=\"application\/ld+json\" class=\"yoast-schema-graph\">{\"@context\":\"https:\\\/\\\/schema.org\",\"@graph\":[{\"@type\":[\"WebPage\",\"AboutPage\"],\"@id\":\"https:\\\/\\\/symwair.com\\\/about-us\\\/\",\"url\":\"https:\\\/\\\/symwair.com\\\/about-us\\\/\",\"name\":\"About Symwair: Revolutionizing Business Processes - Digitalization of Business Processes &amp; BPM Solution for Companies\",\"isPartOf\":{\"@id\":\"https:\\\/\\\/symwair.com\\\/#website\"},\"primaryImageOfPage\":{\"@id\":\"https:\\\/\\\/symwair.com\\\/about-us\\\/#primaryimage\"},\"image\":{\"@id\":\"https:\\\/\\\/symwair.com\\\/about-us\\\/#primaryimage\"},\"thumbnailUrl\":\"https:\\\/\\\/symwair.com\\\/wp-content\\\/uploads\\\/2025\\\/03\\\/cropped-symwair_logo.png\",\"datePublished\":\"2025-05-03T18:55:18+00:00\",\"dateModified\":\"2026-05-04T05:48:55+00:00\",\"description\":\"Discover what SYMWAIR offers in business process automation and digitalization through low-code and AI technologies.\",\"breadcrumb\":{\"@id\":\"https:\\\/\\\/symwair.com\\\/about-us\\\/#breadcrumb\"},\"inLanguage\":\"de\",\"potentialAction\":[{\"@type\":\"ReadAction\",\"target\":[\"https:\\\/\\\/symwair.com\\\/about-us\\\/\"]}]},{\"@type\":\"ImageObject\",\"inLanguage\":\"de\",\"@id\":\"https:\\\/\\\/symwair.com\\\/about-us\\\/#primaryimage\",\"url\":\"https:\\\/\\\/symwair.com\\\/wp-content\\\/uploads\\\/2025\\\/03\\\/cropped-symwair_logo.png\",\"contentUrl\":\"https:\\\/\\\/symwair.com\\\/wp-content\\\/uploads\\\/2025\\\/03\\\/cropped-symwair_logo.png\",\"width\":512,\"height\":512,\"caption\":\"symwair_logo.png\"},{\"@type\":\"BreadcrumbList\",\"@id\":\"https:\\\/\\\/symwair.com\\\/about-us\\\/#breadcrumb\",\"itemListElement\":[{\"@type\":\"ListItem\",\"position\":1,\"name\":\"Home\",\"item\":\"https:\\\/\\\/symwair.com\\\/\"},{\"@type\":\"ListItem\",\"position\":2,\"name\":\"About Us\"}]},{\"@type\":\"WebSite\",\"@id\":\"https:\\\/\\\/symwair.com\\\/#website\",\"url\":\"https:\\\/\\\/symwair.com\\\/\",\"name\":\"Smart Workflow Automation & Innovation\",\"description\":\"SYMWAIR\",\"publisher\":{\"@id\":\"https:\\\/\\\/symwair.com\\\/#organization\"},\"alternateName\":\"SYMWAIR\",\"potentialAction\":[{\"@type\":\"SearchAction\",\"target\":{\"@type\":\"EntryPoint\",\"urlTemplate\":\"https:\\\/\\\/symwair.com\\\/?s={search_term_string}\"},\"query-input\":{\"@type\":\"PropertyValueSpecification\",\"valueRequired\":true,\"valueName\":\"search_term_string\"}}],\"inLanguage\":\"de\"},{\"@type\":\"Organization\",\"@id\":\"https:\\\/\\\/symwair.com\\\/#organization\",\"name\":\"Symwair, s.r.o.\",\"alternateName\":\"SYMWAIR\",\"url\":\"https:\\\/\\\/symwair.com\\\/\",\"logo\":{\"@type\":\"ImageObject\",\"inLanguage\":\"de\",\"@id\":\"https:\\\/\\\/symwair.com\\\/#\\\/schema\\\/logo\\\/image\\\/\",\"url\":\"https:\\\/\\\/symwair.com\\\/wp-content\\\/uploads\\\/2025\\\/03\\\/symwair_logo.png\",\"contentUrl\":\"https:\\\/\\\/symwair.com\\\/wp-content\\\/uploads\\\/2025\\\/03\\\/symwair_logo.png\",\"width\":1000,\"height\":1000,\"caption\":\"Symwair, s.r.o.\"},\"image\":{\"@id\":\"https:\\\/\\\/symwair.com\\\/#\\\/schema\\\/logo\\\/image\\\/\"}}]}<\/script>\n<!-- \/ Yoast SEO plugin. -->","yoast_head_json":{"title":"\u00dcber Symwair: Revolutionierung von Gesch\u00e4ftsprozessen \u2013 Digitalisierung von Gesch\u00e4ftsprozessen und BPM-L\u00f6sung f\u00fcr Unternehmen","description":"Entdecken Sie, was SYMWAIR im Bereich der Gesch\u00e4ftsprozessautomatisierung und Digitalisierung durch low-code- und KI-Technologien bietet.","robots":{"index":"index","follow":"follow","max-snippet":"max-snippet:-1","max-image-preview":"max-image-preview:large","max-video-preview":"max-video-preview:-1"},"canonical":"https:\/\/symwair.com\/de\/uber-uns\/","og_locale":"de_DE","og_type":"article","og_title":"About Symwair: Revolutionizing Business Processes - Digitalization of Business Processes &amp; BPM Solution for Companies","og_description":"Discover what SYMWAIR offers in business process automation and digitalization through low-code and AI technologies.","og_url":"https:\/\/symwair.com\/de\/uber-uns\/","og_site_name":"Digitalization of Business Processes &amp; BPM Solution for Companies","article_modified_time":"2026-05-04T05:48:55+00:00","og_image":[{"width":512,"height":512,"url":"https:\/\/symwair.com\/wp-content\/uploads\/2025\/03\/cropped-symwair_logo.png","type":"image\/png"}],"twitter_card":"summary_large_image","twitter_misc":{"Gesch\u00e4tzte Lesezeit":"4\u00a0Minuten"},"schema":{"@context":"https:\/\/schema.org","@graph":[{"@type":["WebPage","AboutPage"],"@id":"https:\/\/symwair.com\/about-us\/","url":"https:\/\/symwair.com\/about-us\/","name":"\u00dcber Symwair: Revolutionierung von Gesch\u00e4ftsprozessen \u2013 Digitalisierung von Gesch\u00e4ftsprozessen und BPM-L\u00f6sung f\u00fcr Unternehmen","isPartOf":{"@id":"https:\/\/symwair.com\/#website"},"primaryImageOfPage":{"@id":"https:\/\/symwair.com\/about-us\/#primaryimage"},"image":{"@id":"https:\/\/symwair.com\/about-us\/#primaryimage"},"thumbnailUrl":"https:\/\/symwair.com\/wp-content\/uploads\/2025\/03\/cropped-symwair_logo.png","datePublished":"2025-05-03T18:55:18+00:00","dateModified":"2026-05-04T05:48:55+00:00","description":"Entdecken Sie, was SYMWAIR im Bereich der Gesch\u00e4ftsprozessautomatisierung und Digitalisierung durch low-code- und KI-Technologien bietet.","breadcrumb":{"@id":"https:\/\/symwair.com\/about-us\/#breadcrumb"},"inLanguage":"de","potentialAction":[{"@type":"ReadAction","target":["https:\/\/symwair.com\/about-us\/"]}]},{"@type":"ImageObject","inLanguage":"de","@id":"https:\/\/symwair.com\/about-us\/#primaryimage","url":"https:\/\/symwair.com\/wp-content\/uploads\/2025\/03\/cropped-symwair_logo.png","contentUrl":"https:\/\/symwair.com\/wp-content\/uploads\/2025\/03\/cropped-symwair_logo.png","width":512,"height":512,"caption":"symwair_logo.png"},{"@type":"BreadcrumbList","@id":"https:\/\/symwair.com\/about-us\/#breadcrumb","itemListElement":[{"@type":"ListItem","position":1,"name":"Home","item":"https:\/\/symwair.com\/"},{"@type":"ListItem","position":2,"name":"About Us"}]},{"@type":"WebSite","@id":"https:\/\/symwair.com\/#website","url":"https:\/\/symwair.com\/","name":"Intelligente Workflow-Automatisierung und Innovation","description":"SYMWAIR","publisher":{"@id":"https:\/\/symwair.com\/#organization"},"alternateName":"SYMWAIR","potentialAction":[{"@type":"SearchAction","target":{"@type":"EntryPoint","urlTemplate":"https:\/\/symwair.com\/?s={search_term_string}"},"query-input":{"@type":"PropertyValueSpecification","valueRequired":true,"valueName":"search_term_string"}}],"inLanguage":"de"},{"@type":"Organization","@id":"https:\/\/symwair.com\/#organization","name":"Symwair, s.r.o.","alternateName":"SYMWAIR","url":"https:\/\/symwair.com\/","logo":{"@type":"ImageObject","inLanguage":"de","@id":"https:\/\/symwair.com\/#\/schema\/logo\/image\/","url":"https:\/\/symwair.com\/wp-content\/uploads\/2025\/03\/symwair_logo.png","contentUrl":"https:\/\/symwair.com\/wp-content\/uploads\/2025\/03\/symwair_logo.png","width":1000,"height":1000,"caption":"Symwair, s.r.o."},"image":{"@id":"https:\/\/symwair.com\/#\/schema\/logo\/image\/"}}]}},"_links":{"self":[{"href":"https:\/\/symwair.com\/de\/wp-json\/wp\/v2\/pages\/515","targetHints":{"allow":["GET"]}}],"collection":[{"href":"https:\/\/symwair.com\/de\/wp-json\/wp\/v2\/pages"}],"about":[{"href":"https:\/\/symwair.com\/de\/wp-json\/wp\/v2\/types\/page"}],"author":[{"embeddable":true,"href":"https:\/\/symwair.com\/de\/wp-json\/wp\/v2\/users\/1"}],"replies":[{"embeddable":true,"href":"https:\/\/symwair.com\/de\/wp-json\/wp\/v2\/comments?post=515"}],"version-history":[{"count":6,"href":"https:\/\/symwair.com\/de\/wp-json\/wp\/v2\/pages\/515\/revisions"}],"predecessor-version":[{"id":194432,"href":"https:\/\/symwair.com\/de\/wp-json\/wp\/v2\/pages\/515\/revisions\/194432"}],"wp:featuredmedia":[{"embeddable":true,"href":"https:\/\/symwair.com\/de\/wp-json\/wp\/v2\/media\/252"}],"wp:attachment":[{"href":"https:\/\/symwair.com\/de\/wp-json\/wp\/v2\/media?parent=515"}],"curies":[{"name":"wp","href":"https:\/\/api.w.org\/{rel}","templated":true}]}}