{"id":73,"date":"2025-03-19T23:20:27","date_gmt":"2025-03-19T23:20:27","guid":{"rendered":"https:\/\/symwair.com\/?page_id=73"},"modified":"2025-05-23T19:42:09","modified_gmt":"2025-05-23T17:42:09","slug":"kontakt","status":"publish","type":"page","link":"https:\/\/symwair.com\/de\/contact\/","title":{"rendered":"Kontakt"},"content":{"rendered":"\n<div class=\"wp-block-columns are-vertically-aligned-center is-layout-flex wp-container-core-columns-is-layout-28f84493 wp-block-columns-is-layout-flex\">\n<div class=\"wp-block-column is-vertically-aligned-center has-heading-text-color-background-color has-background has-global-padding is-content-justification-left is-layout-constrained wp-container-core-column-is-layout-12dd3699 wp-block-column-is-layout-constrained\" style=\"flex-basis:50%\">\n<div class=\"wp-block-group has-global-padding is-layout-constrained wp-block-group-is-layout-constrained\">\n<div class=\"wp-block-group alignfull has-global-padding is-layout-constrained wp-block-group-is-layout-constrained\">\n<div class=\"wp-block-columns is-layout-flex wp-container-core-columns-is-layout-28f84493 wp-block-columns-is-layout-flex\">\n<div class=\"wp-block-column is-vertically-aligned-stretch is-layout-flow wp-block-column-is-layout-flow\" style=\"flex-basis:100%\"><style id=\"wpforms-css-vars-65-block-42de15d1-3730-48a5-9ca9-0d964ccf3cea\">\n\t\t\t\t#wpforms-65.wpforms-block-42de15d1-3730-48a5-9ca9-0d964ccf3cea {\n\t\t\t\t--wpforms-field-border-style: dotted;\n--wpforms-button-background-color: #a13030;\n--wpforms-field-size-input-height: 43px;\n--wpforms-field-size-input-spacing: 15px;\n--wpforms-field-size-font-size: 16px;\n--wpforms-field-size-line-height: 19px;\n--wpforms-field-size-padding-h: 14px;\n--wpforms-field-size-checkbox-size: 16px;\n--wpforms-field-size-sublabel-spacing: 5px;\n--wpforms-field-size-icon-size: 1;\n--wpforms-label-size-font-size: 16px;\n--wpforms-label-size-line-height: 19px;\n--wpforms-label-size-sublabel-font-size: 14px;\n--wpforms-label-size-sublabel-line-height: 17px;\n--wpforms-button-size-font-size: 14px;\n--wpforms-button-size-height: 37px;\n--wpforms-button-size-padding-h: 15px;\n--wpforms-button-size-margin-top: 5px;\n\t\t\t}\n\t\t\t<\/style><div class=\"wpforms-container wpforms-container-full wpforms-block wpforms-block-42de15d1-3730-48a5-9ca9-0d964ccf3cea wpforms-render-modern\" id=\"wpforms-65\"><form id=\"wpforms-form-65\" class=\"wpforms-validate wpforms-form wpforms-ajax-form\" data-formid=\"65\" method=\"post\" enctype=\"multipart\/form-data\" action=\"\/de\/wp-json\/wp\/v2\/pages\/73\" data-token=\"19109db64c88030783f7c7eeb971aed7\" data-token-time=\"1778676552\"><noscript class=\"wpforms-error-noscript\">Bitte aktiviere JavaScript in deinem Browser, um dieses Formular fertigzustellen.<\/noscript><div id=\"wpforms-error-noscript\" style=\"display: none;\">Bitte aktiviere JavaScript in deinem Browser, um dieses Formular fertigzustellen.<\/div><div class=\"wpforms-field-container\"><div id=\"wpforms-65-field_1-container\" class=\"wpforms-field wpforms-field-name\" data-field-id=\"1\"><fieldset><legend class=\"wpforms-field-label\">Full Name <span class=\"wpforms-required-label\" aria-hidden=\"true\">*<\/span><\/legend><div class=\"wpforms-field-row wpforms-field-medium\"><div class=\"wpforms-field-row-block wpforms-first wpforms-one-half\"><input type=\"text\" id=\"wpforms-65-field_1\" class=\"wpforms-field-name-first wpforms-field-required\" name=\"wpforms[fields][1][first]\" aria-errormessage=\"wpforms-65-field_1-error\" required><label for=\"wpforms-65-field_1\" class=\"wpforms-field-sublabel after\">Vorname<\/label><\/div><div class=\"wpforms-field-row-block wpforms-one-half\"><input type=\"text\" id=\"wpforms-65-field_1-last\" class=\"wpforms-field-name-last wpforms-field-required\" name=\"wpforms[fields][1][last]\" aria-errormessage=\"wpforms-65-field_1-last-error\" required><label for=\"wpforms-65-field_1-last\" class=\"wpforms-field-sublabel after\">Nachname<\/label><\/div><\/div><\/fieldset><\/div><div id=\"wpforms-65-field_2-container\" class=\"wpforms-field wpforms-field-email\" data-field-id=\"2\"><label class=\"wpforms-field-label\" for=\"wpforms-65-field_2\">Email Address <span class=\"wpforms-required-label\" aria-hidden=\"true\">*<\/span><\/label><input type=\"email\" id=\"wpforms-65-field_2\" class=\"wpforms-field-medium wpforms-field-required\" name=\"wpforms[fields][2]\" spellcheck=\"false\" aria-errormessage=\"wpforms-65-field_2-error\" required><\/div>\t\t<div id=\"wpforms-65-field_5-container\"\n\t\t\tclass=\"wpforms-field wpforms-field-text\"\n\t\t\tdata-field-type=\"text\"\n\t\t\tdata-field-id=\"5\"\n\t\t\t>\n\t\t\t<label class=\"wpforms-field-label\" for=\"wpforms-65-field_5\" >Address Message Name<\/label>\n\t\t\t<input type=\"text\" id=\"wpforms-65-field_5\" class=\"wpforms-field-medium\" name=\"wpforms[fields][5]\" >\n\t\t<\/div>\n\t\t<div id=\"wpforms-65-field_3-container\" class=\"wpforms-field wpforms-field-textarea\" data-field-id=\"3\"><label class=\"wpforms-field-label\" for=\"wpforms-65-field_3\">Message <span class=\"wpforms-required-label\" aria-hidden=\"true\">*<\/span><\/label><textarea id=\"wpforms-65-field_3\" class=\"wpforms-field-medium wpforms-field-required\" name=\"wpforms[fields][3]\" aria-errormessage=\"wpforms-65-field_3-error\" required><\/textarea><\/div><div id=\"wpforms-65-field_4-container\" class=\"wpforms-field wpforms-field-checkbox\" data-field-id=\"4\"><fieldset><legend class=\"wpforms-field-label\">GDPR Agreement <span class=\"wpforms-required-label\" aria-hidden=\"true\">*<\/span><\/legend><ul id=\"wpforms-65-field_4\" class=\"wpforms-field-required\"><li class=\"choice-1 depth-1\"><input type=\"checkbox\" id=\"wpforms-65-field_4_1\" name=\"wpforms[fields][4][]\" value=\"I Agree\" aria-errormessage=\"wpforms-65-field_4_1-error\" aria-describedby=\"wpforms-65-field_4-description\" required ><label class=\"wpforms-field-label-inline\" for=\"wpforms-65-field_4_1\">I Agree<\/label><\/li><\/ul><div id=\"wpforms-65-field_4-description\" class=\"wpforms-field-description\">I agree to allow the processing of my personal data in accordance with the terms outlined in the Privacy Policy.<\/div><\/fieldset><\/div><script>\n\t\t\t\t( function() {\n\t\t\t\t\tconst style = document.createElement( 'style' );\n\t\t\t\t\tstyle.appendChild( document.createTextNode( '#wpforms-65-field_5-container { position: absolute !important; overflow: hidden !important; display: inline !important; height: 1px !important; width: 1px !important; z-index: -1000 !important; padding: 0 !important; } #wpforms-65-field_5-container input { visibility: hidden; } #wpforms-conversational-form-page #wpforms-65-field_5-container label { counter-increment: none; }' ) );\n\t\t\t\t\tdocument.head.appendChild( style );\n\t\t\t\t\tdocument.currentScript?.remove();\n\t\t\t\t} )();\n\t\t\t<\/script><\/div><!-- .wpforms-field-container --><div class=\"wpforms-recaptcha-container wpforms-is-recaptcha wpforms-is-recaptcha-type-v3\" ><input type=\"hidden\" name=\"wpforms[recaptcha]\" value=\"\"><\/div><div class=\"wpforms-submit-container\" ><input type=\"hidden\" name=\"wpforms[id]\" value=\"65\"><input type=\"hidden\" name=\"page_title\" value=\"\"><input type=\"hidden\" name=\"page_url\" value=\"https:\/\/symwair.com\/de\/wp-json\/wp\/v2\/pages\/73\"><input type=\"hidden\" name=\"url_referer\" value=\"\"><button type=\"submit\" name=\"wpforms[submit]\" id=\"wpforms-submit-65\" class=\"wpforms-submit\" data-alt-text=\"Sending...\" data-submit-text=\"Submit\" aria-live=\"assertive\" value=\"wpforms-submit\">Submit<\/button><img loading=\"lazy\" decoding=\"async\" src=\"https:\/\/symwair.com\/wp-content\/plugins\/wpforms-lite\/assets\/images\/submit-spin.svg\" class=\"wpforms-submit-spinner\" style=\"display: none;\" width=\"26\" height=\"26\" alt=\"Wird geladen\"><\/div><\/form><\/div>  <!-- .wpforms-container --><\/div>\n<\/div>\n<\/div>\n<\/div>\n<\/div>\n\n\n\n<div class=\"wp-block-column is-vertically-aligned-center has-link-color-background-color has-background has-small-font-size has-global-padding is-layout-constrained wp-container-core-column-is-layout-dffbd562 wp-block-column-is-layout-constrained\" style=\"padding-top:var(--wp--preset--spacing--30);padding-right:var(--wp--preset--spacing--30);padding-bottom:var(--wp--preset--spacing--30);padding-left:var(--wp--preset--spacing--30);flex-basis:50%\">\n<div class=\"wp-block-group alignfull has-global-padding is-layout-constrained wp-block-group-is-layout-constrained\">\n<p class=\"has-primary-color has-text-color has-link-color has-large-font-size wp-elements-55cfd66f088a64f52a8e6f10b344752f\"><strong>SYMWAIR<\/strong>, s. r. o.<\/p>\n\n\n\n<div class=\"wp-block-group is-vertical is-layout-flex wp-container-core-group-is-layout-fe9cc265 wp-block-group-is-layout-flex\">\n<p>Cintorinska 2368\/22<br>SK \u2013 811 08 Bratislava<\/p>\n\n\n\n<p>Company ID: 56702388<br>Tax ID: 2122408508<\/p>\n\n\n\n<p>IBAN: SK1609000000005227583952<br>BIC: GIBASKBX<\/p>\n<\/div>\n<\/div>\n<\/div>\n<\/div>\n","protected":false},"excerpt":{"rendered":"<p>SYMWAIR, sro Cintorinska 2368\/22SK \u2013 811 08 Bratislava Firmen-ID: 56702388Steuer-ID: 2122408508 IBAN: SK1609000000005227583952BIC: GIBASKBX<\/p>","protected":false},"author":1,"featured_media":252,"parent":0,"menu_order":0,"comment_status":"closed","ping_status":"closed","template":"","meta":{"footnotes":""},"class_list":["post-73","page","type-page","status-publish","has-post-thumbnail","hentry"],"yoast_head":"<!-- This site is optimized with the Yoast SEO plugin v27.5 - https:\/\/yoast.com\/product\/yoast-seo-wordpress\/ -->\n<title>Contact - Digitalization of Business Processes &amp; BPM Solution for Companies<\/title>\n<meta name=\"description\" content=\"Get in touch. Whether you have questions, need assistance, or want to explore our services, our team is ready to help.\" \/>\n<meta name=\"robots\" content=\"index, follow, max-snippet:-1, max-image-preview:large, max-video-preview:-1\" \/>\n<link rel=\"canonical\" href=\"https:\/\/symwair.com\/de\/kontakt\/\" \/>\n<meta property=\"og:locale\" content=\"de_DE\" \/>\n<meta property=\"og:type\" content=\"article\" \/>\n<meta property=\"og:title\" content=\"Contact - Digitalization of Business Processes &amp; BPM Solution for Companies\" \/>\n<meta property=\"og:description\" content=\"Get in touch. Whether you have questions, need assistance, or want to explore our services, our team is ready to help.\" \/>\n<meta property=\"og:url\" content=\"https:\/\/symwair.com\/de\/kontakt\/\" \/>\n<meta property=\"og:site_name\" content=\"Digitalization of Business Processes &amp; BPM Solution for Companies\" \/>\n<meta property=\"article:modified_time\" content=\"2025-05-23T17:42:09+00:00\" \/>\n<meta property=\"og:image\" content=\"https:\/\/symwair.com\/wp-content\/uploads\/2025\/03\/3in1-netgrif.png\" \/>\n\t<meta property=\"og:image:width\" content=\"1366\" \/>\n\t<meta property=\"og:image:height\" content=\"768\" \/>\n\t<meta property=\"og:image:type\" content=\"image\/png\" \/>\n<meta name=\"twitter:card\" content=\"summary_large_image\" \/>\n<meta name=\"twitter:label1\" content=\"Gesch\u00e4tzte Lesezeit\" \/>\n\t<meta name=\"twitter:data1\" content=\"1\u00a0Minute\" \/>\n<script type=\"application\/ld+json\" class=\"yoast-schema-graph\">{\"@context\":\"https:\\\/\\\/schema.org\",\"@graph\":[{\"@type\":\"WebPage\",\"@id\":\"https:\\\/\\\/symwair.com\\\/contact\\\/\",\"url\":\"https:\\\/\\\/symwair.com\\\/contact\\\/\",\"name\":\"Contact - Digitalization of Business Processes &amp; BPM Solution for Companies\",\"isPartOf\":{\"@id\":\"https:\\\/\\\/symwair.com\\\/#website\"},\"primaryImageOfPage\":{\"@id\":\"https:\\\/\\\/symwair.com\\\/contact\\\/#primaryimage\"},\"image\":{\"@id\":\"https:\\\/\\\/symwair.com\\\/contact\\\/#primaryimage\"},\"thumbnailUrl\":\"https:\\\/\\\/symwair.com\\\/wp-content\\\/uploads\\\/2025\\\/03\\\/cropped-symwair_logo.png\",\"datePublished\":\"2025-03-19T23:20:27+00:00\",\"dateModified\":\"2025-05-23T17:42:09+00:00\",\"description\":\"Get in touch. Whether you have questions, need assistance, or want to explore our services, our team is ready to help.\",\"breadcrumb\":{\"@id\":\"https:\\\/\\\/symwair.com\\\/contact\\\/#breadcrumb\"},\"inLanguage\":\"de\",\"potentialAction\":[{\"@type\":\"ReadAction\",\"target\":[\"https:\\\/\\\/symwair.com\\\/contact\\\/\"]}]},{\"@type\":\"ImageObject\",\"inLanguage\":\"de\",\"@id\":\"https:\\\/\\\/symwair.com\\\/contact\\\/#primaryimage\",\"url\":\"https:\\\/\\\/symwair.com\\\/wp-content\\\/uploads\\\/2025\\\/03\\\/cropped-symwair_logo.png\",\"contentUrl\":\"https:\\\/\\\/symwair.com\\\/wp-content\\\/uploads\\\/2025\\\/03\\\/cropped-symwair_logo.png\",\"width\":512,\"height\":512,\"caption\":\"symwair_logo.png\"},{\"@type\":\"BreadcrumbList\",\"@id\":\"https:\\\/\\\/symwair.com\\\/contact\\\/#breadcrumb\",\"itemListElement\":[{\"@type\":\"ListItem\",\"position\":1,\"name\":\"Home\",\"item\":\"https:\\\/\\\/symwair.com\\\/\"},{\"@type\":\"ListItem\",\"position\":2,\"name\":\"Contact\"}]},{\"@type\":\"WebSite\",\"@id\":\"https:\\\/\\\/symwair.com\\\/#website\",\"url\":\"https:\\\/\\\/symwair.com\\\/\",\"name\":\"Smart Workflow Automation & Innovation\",\"description\":\"SYMWAIR\",\"publisher\":{\"@id\":\"https:\\\/\\\/symwair.com\\\/#organization\"},\"alternateName\":\"SYMWAIR\",\"potentialAction\":[{\"@type\":\"SearchAction\",\"target\":{\"@type\":\"EntryPoint\",\"urlTemplate\":\"https:\\\/\\\/symwair.com\\\/?s={search_term_string}\"},\"query-input\":{\"@type\":\"PropertyValueSpecification\",\"valueRequired\":true,\"valueName\":\"search_term_string\"}}],\"inLanguage\":\"de\"},{\"@type\":\"Organization\",\"@id\":\"https:\\\/\\\/symwair.com\\\/#organization\",\"name\":\"Symwair, s.r.o.\",\"alternateName\":\"SYMWAIR\",\"url\":\"https:\\\/\\\/symwair.com\\\/\",\"logo\":{\"@type\":\"ImageObject\",\"inLanguage\":\"de\",\"@id\":\"https:\\\/\\\/symwair.com\\\/#\\\/schema\\\/logo\\\/image\\\/\",\"url\":\"https:\\\/\\\/symwair.com\\\/wp-content\\\/uploads\\\/2025\\\/03\\\/symwair_logo.png\",\"contentUrl\":\"https:\\\/\\\/symwair.com\\\/wp-content\\\/uploads\\\/2025\\\/03\\\/symwair_logo.png\",\"width\":1000,\"height\":1000,\"caption\":\"Symwair, s.r.o.\"},\"image\":{\"@id\":\"https:\\\/\\\/symwair.com\\\/#\\\/schema\\\/logo\\\/image\\\/\"}}]}<\/script>\n<!-- \/ Yoast SEO plugin. -->","yoast_head_json":{"title":"Kontakt \u2013 Digitalisierung von Gesch\u00e4ftsprozessen &amp; BPM-L\u00f6sung f\u00fcr Unternehmen","description":"Kontaktieren Sie uns. Egal, ob Sie Fragen haben, Hilfe ben\u00f6tigen oder unsere Dienstleistungen kennenlernen m\u00f6chten, unser Team hilft Ihnen gerne weiter.","robots":{"index":"index","follow":"follow","max-snippet":"max-snippet:-1","max-image-preview":"max-image-preview:large","max-video-preview":"max-video-preview:-1"},"canonical":"https:\/\/symwair.com\/de\/kontakt\/","og_locale":"de_DE","og_type":"article","og_title":"Contact - Digitalization of Business Processes &amp; BPM Solution for Companies","og_description":"Get in touch. Whether you have questions, need assistance, or want to explore our services, our team is ready to help.","og_url":"https:\/\/symwair.com\/de\/kontakt\/","og_site_name":"Digitalization of Business Processes &amp; BPM Solution for Companies","article_modified_time":"2025-05-23T17:42:09+00:00","og_image":[{"width":1366,"height":768,"url":"https:\/\/symwair.com\/wp-content\/uploads\/2025\/03\/3in1-netgrif.png","type":"image\/png"}],"twitter_card":"summary_large_image","twitter_misc":{"Gesch\u00e4tzte Lesezeit":"1\u00a0Minute"},"schema":{"@context":"https:\/\/schema.org","@graph":[{"@type":"WebPage","@id":"https:\/\/symwair.com\/contact\/","url":"https:\/\/symwair.com\/contact\/","name":"Kontakt \u2013 Digitalisierung von Gesch\u00e4ftsprozessen &amp; BPM-L\u00f6sung f\u00fcr Unternehmen","isPartOf":{"@id":"https:\/\/symwair.com\/#website"},"primaryImageOfPage":{"@id":"https:\/\/symwair.com\/contact\/#primaryimage"},"image":{"@id":"https:\/\/symwair.com\/contact\/#primaryimage"},"thumbnailUrl":"https:\/\/symwair.com\/wp-content\/uploads\/2025\/03\/cropped-symwair_logo.png","datePublished":"2025-03-19T23:20:27+00:00","dateModified":"2025-05-23T17:42:09+00:00","description":"Kontaktieren Sie uns. Egal, ob Sie Fragen haben, Hilfe ben\u00f6tigen oder unsere Dienstleistungen kennenlernen m\u00f6chten, unser Team hilft Ihnen gerne weiter.","breadcrumb":{"@id":"https:\/\/symwair.com\/contact\/#breadcrumb"},"inLanguage":"de","potentialAction":[{"@type":"ReadAction","target":["https:\/\/symwair.com\/contact\/"]}]},{"@type":"ImageObject","inLanguage":"de","@id":"https:\/\/symwair.com\/contact\/#primaryimage","url":"https:\/\/symwair.com\/wp-content\/uploads\/2025\/03\/cropped-symwair_logo.png","contentUrl":"https:\/\/symwair.com\/wp-content\/uploads\/2025\/03\/cropped-symwair_logo.png","width":512,"height":512,"caption":"symwair_logo.png"},{"@type":"BreadcrumbList","@id":"https:\/\/symwair.com\/contact\/#breadcrumb","itemListElement":[{"@type":"ListItem","position":1,"name":"Home","item":"https:\/\/symwair.com\/"},{"@type":"ListItem","position":2,"name":"Contact"}]},{"@type":"WebSite","@id":"https:\/\/symwair.com\/#website","url":"https:\/\/symwair.com\/","name":"Intelligente Workflow-Automatisierung und Innovation","description":"SYMWAIR","publisher":{"@id":"https:\/\/symwair.com\/#organization"},"alternateName":"SYMWAIR","potentialAction":[{"@type":"SearchAction","target":{"@type":"EntryPoint","urlTemplate":"https:\/\/symwair.com\/?s={search_term_string}"},"query-input":{"@type":"PropertyValueSpecification","valueRequired":true,"valueName":"search_term_string"}}],"inLanguage":"de"},{"@type":"Organization","@id":"https:\/\/symwair.com\/#organization","name":"Symwair, s.r.o.","alternateName":"SYMWAIR","url":"https:\/\/symwair.com\/","logo":{"@type":"ImageObject","inLanguage":"de","@id":"https:\/\/symwair.com\/#\/schema\/logo\/image\/","url":"https:\/\/symwair.com\/wp-content\/uploads\/2025\/03\/symwair_logo.png","contentUrl":"https:\/\/symwair.com\/wp-content\/uploads\/2025\/03\/symwair_logo.png","width":1000,"height":1000,"caption":"Symwair, s.r.o."},"image":{"@id":"https:\/\/symwair.com\/#\/schema\/logo\/image\/"}}]}},"_links":{"self":[{"href":"https:\/\/symwair.com\/de\/wp-json\/wp\/v2\/pages\/73","targetHints":{"allow":["GET"]}}],"collection":[{"href":"https:\/\/symwair.com\/de\/wp-json\/wp\/v2\/pages"}],"about":[{"href":"https:\/\/symwair.com\/de\/wp-json\/wp\/v2\/types\/page"}],"author":[{"embeddable":true,"href":"https:\/\/symwair.com\/de\/wp-json\/wp\/v2\/users\/1"}],"replies":[{"embeddable":true,"href":"https:\/\/symwair.com\/de\/wp-json\/wp\/v2\/comments?post=73"}],"version-history":[{"count":5,"href":"https:\/\/symwair.com\/de\/wp-json\/wp\/v2\/pages\/73\/revisions"}],"predecessor-version":[{"id":557,"href":"https:\/\/symwair.com\/de\/wp-json\/wp\/v2\/pages\/73\/revisions\/557"}],"wp:featuredmedia":[{"embeddable":true,"href":"https:\/\/symwair.com\/de\/wp-json\/wp\/v2\/media\/252"}],"wp:attachment":[{"href":"https:\/\/symwair.com\/de\/wp-json\/wp\/v2\/media?parent=73"}],"curies":[{"name":"wp","href":"https:\/\/api.w.org\/{rel}","templated":true}]}}