{"id":3,"date":"2025-03-19T09:14:36","date_gmt":"2025-03-19T09:14:36","guid":{"rendered":"https:\/\/symwair.com\/?page_id=3"},"modified":"2025-05-23T19:42:21","modified_gmt":"2025-05-23T17:42:21","slug":"zasady-ochrany-osobnych-udajov","status":"publish","type":"page","link":"https:\/\/symwair.com\/sk\/privacy-policy\/","title":{"rendered":"Z\u00e1sady ochrany osobn\u00fdch \u00fadajov"},"content":{"rendered":"<div class=\"wp-block-group has-global-padding is-layout-constrained wp-block-group-is-layout-constrained\">\n<p class=\"has-base-color has-text-color has-link-color wp-elements-95b4b731761a36ca4912f3aaffc48a27\">V SYMWAIR sme sa zaviazali chr\u00e1ni\u0165 va\u0161e osobn\u00e9 \u00fadaje a re\u0161pektova\u0165 va\u0161e s\u00fakromie v s\u00falade so v\u0161eobecn\u00fdm nariaden\u00edm o ochrane \u00fadajov (GDPR) a \u010fal\u0161\u00edmi platn\u00fdmi z\u00e1konmi E\u00da o ochrane \u00fadajov. Tieto z\u00e1sady ochrany osobn\u00fdch \u00fadajov vysvet\u013euj\u00fa, ako zhroma\u017e\u010fujeme, pou\u017e\u00edvame a chr\u00e1nime va\u0161e osobn\u00e9 \u00fadaje, ke\u010f nav\u0161t\u00edvite na\u0161u webov\u00fa str\u00e1nku alebo s nami komunikujete.<\/p>\n\n\n\n<h4 class=\"wp-block-heading has-base-color has-text-color has-link-color wp-elements-58c74779f5e3908fa09c155b26682632\"><strong>1. Inform\u00e1cie, ktor\u00e9 zhroma\u017e\u010fujeme<\/strong><\/h4>\n\n\n\n<p class=\"has-base-color has-text-color has-link-color wp-elements-405040ef06b24825ac870030f02f3119\">Zhroma\u017e\u010fujeme nasleduj\u00face typy osobn\u00fdch \u00fadajov:<\/p>\n\n\n\n<ul class=\"wp-block-list\">\n<li class=\"has-base-color has-text-color has-link-color wp-elements-7c19b9d8b6757ae7f91efae5827a4000\"><strong>Kontaktn\u00e9 inform\u00e1cie<\/strong>: Meno, e-mailov\u00e1 adresa, telef\u00f3nne \u010d\u00edslo a \u010fal\u0161ie podrobnosti, ktor\u00e9 n\u00e1m poskytnete, ke\u010f n\u00e1s budete kontaktova\u0165.<\/li>\n\n\n\n<li class=\"has-base-color has-text-color has-link-color wp-elements-e99d370227880d295894e80a70b0fbb3\"><strong>Technick\u00e9 \u00fadaje<\/strong>: IP adresa, typ prehliada\u010da, typ zariadenia, opera\u010dn\u00fd syst\u00e9m a \u00fadaje o pou\u017e\u00edvan\u00ed zhroma\u017eden\u00e9 prostredn\u00edctvom s\u00faborov cookie a podobn\u00fdch technol\u00f3gi\u00ed.<\/li>\n\n\n\n<li class=\"has-base-color has-text-color has-link-color wp-elements-4dbe9e016edd1b67f6a073f7070c78bb\"><strong>Obchodn\u00e9 \u00fadaje<\/strong>: Inform\u00e1cie s\u00favisiace s va\u0161imi obchodn\u00fdmi ot\u00e1zkami, slu\u017ebami alebo produktmi, o ktor\u00e9 m\u00e1te z\u00e1ujem.<\/li>\n<\/ul>\n\n\n\n<h4 class=\"wp-block-heading has-base-color has-text-color has-link-color wp-elements-529843ddb8ac21578374efc917b055a1\"><strong>2. Ako pou\u017e\u00edvame va\u0161e inform\u00e1cie<\/strong><\/h4>\n\n\n\n<p class=\"has-base-color has-text-color has-link-color wp-elements-90fbb92835b47009cbd4dfed5775eab8\">Va\u0161e osobn\u00e9 \u00fadaje pou\u017e\u00edvame na nasleduj\u00face \u00fa\u010dely:<\/p>\n\n\n\n<ul class=\"wp-block-list\">\n<li class=\"has-base-color has-text-color has-link-color wp-elements-4797e14ef10cc0bb69a3c8d7a77f04db\">Odpoveda\u0165 na va\u0161e ot\u00e1zky a poskytova\u0165 slu\u017eby, ktor\u00e9 po\u017eadujete.<\/li>\n\n\n\n<li class=\"has-base-color has-text-color has-link-color wp-elements-d69235a189890cb6cffa4715d29720a4\">Na zlep\u0161enie na\u0161ej webovej str\u00e1nky a slu\u017eieb prostredn\u00edctvom anal\u00fdzy interakci\u00ed pou\u017e\u00edvate\u013eov.<\/li>\n\n\n\n<li class=\"has-base-color has-text-color has-link-color wp-elements-44620969601777b4649c05a6924ad37d\">Aby sme v\u00e1m s va\u0161\u00edm s\u00fahlasom posielali relevantn\u00e9 ozn\u00e1menia a aktualiz\u00e1cie t\u00fdkaj\u00face sa na\u0161ich slu\u017eieb.<\/li>\n<\/ul>\n\n\n\n<h4 class=\"wp-block-heading has-base-color has-text-color has-link-color wp-elements-01fae8e07d7698cc3a89b234e82afb08\"><strong>3. Pr\u00e1vny z\u00e1klad pre spracovanie<\/strong><\/h4>\n\n\n\n<p class=\"has-base-color has-text-color has-link-color wp-elements-5bb481b59524c50d3eb97c104c90b42d\">Va\u0161e osobn\u00e9 \u00fadaje sprac\u00favame na z\u00e1klade nasleduj\u00facich pr\u00e1vnych z\u00e1kladov:<\/p>\n\n\n\n<ul class=\"wp-block-list\">\n<li class=\"has-base-color has-text-color has-link-color wp-elements-2e99897cdb14d15eb0bb553984391fc8\"><strong>S\u00fahlas<\/strong>: Ke\u010f poskytnete svoje inform\u00e1cie, ako napr\u00edklad prihl\u00e1senie sa na odber n\u00e1\u0161ho bulletinu alebo n\u00e1s priamo kontaktujete.<\/li>\n\n\n\n<li class=\"has-base-color has-text-color has-link-color wp-elements-eda60de551c94148b046cd45625b9efc\"><strong>Zmluvn\u00e1 nevyhnutnos\u0165<\/strong>: Ke\u010f je spracovanie nevyhnutn\u00e9 na plnenie zmluvy alebo na vykonanie krokov pred uzavret\u00edm zmluvy.<\/li>\n\n\n\n<li class=\"has-base-color has-text-color has-link-color wp-elements-fa8bae0ab2452958dc6ecb314ca89fc7\"><strong>Opr\u00e1vnen\u00e9 z\u00e1ujmy<\/strong>: Na \u00fa\u010dely, ako je zlep\u0161enie na\u0161ich slu\u017eieb, podnikanie a dodr\u017eiavanie pr\u00e1vnych predpisov.<\/li>\n<\/ul>\n\n\n\n<h4 class=\"wp-block-heading has-base-color has-text-color has-link-color wp-elements-1c7be1d188a9fca8bcf89d9e680cdaf2\"><strong>4. Zdie\u013eanie va\u0161ich \u00fadajov<\/strong><\/h4>\n\n\n\n<p class=\"has-base-color has-text-color has-link-color wp-elements-7e3fe0394d7727996bab20986c3e716c\">Va\u0161e osobn\u00e9 \u00fadaje nepred\u00e1vame ani neprenaj\u00edmame tret\u00edm stran\u00e1m. Va\u0161e \u00fadaje v\u0161ak m\u00f4\u017eeme zdie\u013ea\u0165 s:<\/p>\n\n\n\n<ul class=\"wp-block-list\">\n<li class=\"has-base-color has-text-color has-link-color wp-elements-1b995c180af68c74549771cddd240af9\"><strong>Poskytovatelia slu\u017eieb<\/strong>: Dod\u00e1vatelia tret\u00edch str\u00e1n, ktor\u00ed n\u00e1m pom\u00e1haj\u00fa poskytova\u0165 slu\u017eby, ako je podpora IT alebo marketing.<\/li>\n\n\n\n<li class=\"has-base-color has-text-color has-link-color wp-elements-c2f37ff901249f2bde16e37c1d0887b2\"><strong>S\u00falad s pr\u00e1vnymi predpismi<\/strong>: Ak to vy\u017eaduje z\u00e1kon alebo ako odpove\u010f na pr\u00e1vne po\u017eiadavky.<\/li>\n<\/ul>\n\n\n\n<h4 class=\"wp-block-heading has-base-color has-text-color has-link-color wp-elements-1b62f77c9072857e975d9ee4e95a4e50\"><strong>5. Uchov\u00e1vanie \u00fadajov<\/strong><\/h4>\n\n\n\n<p class=\"has-base-color has-text-color has-link-color wp-elements-7257a7f1065da5df9c8ab273e0a9e01b\">Va\u0161e osobn\u00e9 \u00fadaje uchov\u00e1vame len tak dlho, ako je to potrebn\u00e9 na splnenie \u00fa\u010delov uveden\u00fdch v t\u00fdchto z\u00e1sad\u00e1ch a na splnenie z\u00e1konn\u00fdch alebo zmluvn\u00fdch z\u00e1v\u00e4zkov.<\/p>\n\n\n\n<h4 class=\"wp-block-heading has-base-color has-text-color has-link-color wp-elements-8db1745bd78faeca305dd82657921ee9\"><strong>6. Va\u0161e pr\u00e1va<\/strong><\/h4>\n\n\n\n<p class=\"has-base-color has-text-color has-link-color wp-elements-5a0389b3e7cfd292df32cc1c7d315c24\">Ako rezident E\u00da m\u00e1te pod\u013ea GDPR nasleduj\u00face pr\u00e1va:<\/p>\n\n\n\n<ul class=\"wp-block-list\">\n<li class=\"has-base-color has-text-color has-link-color wp-elements-cb71beb74801fa07596da2e2fe75c70c\"><strong>Pr\u00e1vo na pr\u00edstup<\/strong>: M\u00f4\u017eete po\u017eiada\u0165 o k\u00f3piu svojich osobn\u00fdch \u00fadajov.<\/li>\n\n\n\n<li class=\"has-base-color has-text-color has-link-color wp-elements-1ba23c19417e7a78d09a33740ce3bb21\"><strong>Pr\u00e1vo na opravu<\/strong>: M\u00f4\u017eete aktualizova\u0165 alebo opravi\u0165 nepresn\u00e9 \u00fadaje.<\/li>\n\n\n\n<li class=\"has-base-color has-text-color has-link-color wp-elements-092c438521a33200183c487ae22810b3\"><strong>Pr\u00e1vo na vymazanie<\/strong>: M\u00f4\u017eete po\u017eiada\u0165 o vymazanie svojich osobn\u00fdch \u00fadajov za ur\u010dit\u00fdch podmienok.<\/li>\n\n\n\n<li class=\"has-base-color has-text-color has-link-color wp-elements-05e41cd215cdba0993606635d7f04435\"><strong>Pr\u00e1vo na obmedzenie<\/strong>: V niektor\u00fdch pr\u00edpadoch m\u00f4\u017eete po\u017eiada\u0165 o obmedzenie spracovania.<\/li>\n\n\n\n<li class=\"has-base-color has-text-color has-link-color wp-elements-267e286a143b315bd9d3d072cb8f4ee5\"><strong>Pr\u00e1vo na prenosnos\u0165 \u00fadajov<\/strong>: M\u00f4\u017eete po\u017eiada\u0165 o svoje \u00fadaje v prenosnom form\u00e1te.<\/li>\n\n\n\n<li class=\"has-base-color has-text-color has-link-color wp-elements-bddac000233c908d9bf7ad5e522a66f9\"><strong>Pr\u00e1vo namieta\u0165<\/strong>: M\u00f4\u017eete namieta\u0165 proti spracovaniu na z\u00e1klade opr\u00e1vnen\u00fdch z\u00e1ujmov.<\/li>\n<\/ul>\n\n\n\n<p class=\"has-base-color has-text-color has-link-color wp-elements-712a0a7d3d3d2d7f9bb31c44d03c942e\">Tieto pr\u00e1va m\u00f4\u017eete uplatni\u0165 tak, \u017ee n\u00e1s kontaktujete pomocou \u00fadajov uveden\u00fdch ni\u017e\u0161ie.<\/p>\n\n\n\n<h4 class=\"wp-block-heading has-base-color has-text-color has-link-color wp-elements-d01013125f1ebf8751efa04d504fc136\"><strong>7. Bezpe\u010dnos\u0165<\/strong><\/h4>\n\n\n\n<p class=\"has-base-color has-text-color has-link-color wp-elements-3403cc15f910f15e2d55e4184ce6a6ce\">Zav\u00e1dzame vhodn\u00e9 technick\u00e9 a organiza\u010dn\u00e9 opatrenia na ochranu va\u0161ich osobn\u00fdch \u00fadajov pred neopr\u00e1vnen\u00fdm pr\u00edstupom, stratou alebo zmenou.<\/p>\n\n\n\n<h4 class=\"wp-block-heading has-base-color has-text-color has-link-color wp-elements-639ef616d32e7480b4ca2cc1bfc4b1fe\"><strong>8. Zmeny t\u00fdchto z\u00e1sad<\/strong><\/h4>\n\n\n\n<p class=\"has-base-color has-text-color has-link-color wp-elements-07767525f941c64f7f83be998114bdbb\">Tieto Z\u00e1sady ochrany osobn\u00fdch \u00fadajov m\u00f4\u017eeme z \u010dasu na \u010das aktualizova\u0165. Ak\u00e9ko\u013evek zmeny bud\u00fa zverejnen\u00e9 na tejto str\u00e1nke s aktualizovan\u00fdm d\u00e1tumom \u00fa\u010dinnosti.<\/p>\n\n\n\n<h4 class=\"wp-block-heading has-base-color has-text-color has-link-color wp-elements-d189d7b6821d5f7cfab04a2780f80eac\"><strong>9. Kontaktujte n\u00e1s<\/strong><\/h4>\n\n\n\n<p class=\"has-base-color has-text-color has-link-color wp-elements-b24bea16a20fa9b90049ebfd18f71b3f\">Ak m\u00e1te ak\u00e9ko\u013evek ot\u00e1zky alebo obavy t\u00fdkaj\u00face sa t\u00fdchto Z\u00e1sad ochrany osobn\u00fdch \u00fadajov alebo toho, ako naklad\u00e1me s va\u0161imi osobn\u00fdmi \u00fadajmi, kontaktujte n\u00e1s na adrese: symwairoffice(at)gmail.com<\/p>\n<\/div>\n\n\n\n<p><\/p>","protected":false},"excerpt":{"rendered":"<p>At SYMWAIR, we are committed to protecting your personal data and respecting your privacy in accordance with the General Data Protection Regulation (GDPR) and other applicable EU data protection laws. This Privacy Policy explains how we collect, use, and safeguard your personal information when you visit our website or interact with us. 1. Information We [&hellip;]<\/p>\n","protected":false},"author":1,"featured_media":252,"parent":0,"menu_order":0,"comment_status":"closed","ping_status":"open","template":"","meta":{"footnotes":""},"class_list":["post-3","page","type-page","status-publish","has-post-thumbnail","hentry"],"yoast_head":"<!-- This site is optimized with the Yoast SEO plugin v27.5 - https:\/\/yoast.com\/product\/yoast-seo-wordpress\/ -->\n<title>Privacy Policy - Digitalization of Business Processes &amp; BPM Solution for Companies<\/title>\n<meta name=\"description\" content=\"Read our Privacy Policy to understand how we collect, use, and protect your personal data in compliance with GDPR and EU privacy laws. Your privacy is our priority.\" \/>\n<meta name=\"robots\" content=\"index, follow, max-snippet:-1, max-image-preview:large, max-video-preview:-1\" \/>\n<link rel=\"canonical\" href=\"https:\/\/symwair.com\/sk\/zasady-ochrany-osobnych-udajov\/\" \/>\n<meta property=\"og:locale\" content=\"sk_SK\" \/>\n<meta property=\"og:type\" content=\"article\" \/>\n<meta property=\"og:title\" content=\"Privacy Policy - Digitalization of Business Processes &amp; BPM Solution for Companies\" \/>\n<meta property=\"og:description\" content=\"Read our Privacy Policy to understand how we collect, use, and protect your personal data in compliance with GDPR and EU privacy laws. Your privacy is our priority.\" \/>\n<meta property=\"og:url\" content=\"https:\/\/symwair.com\/sk\/zasady-ochrany-osobnych-udajov\/\" \/>\n<meta property=\"og:site_name\" content=\"Digitalization of Business Processes &amp; BPM Solution for Companies\" \/>\n<meta property=\"article:modified_time\" content=\"2025-05-23T17:42:21+00:00\" \/>\n<meta property=\"og:image\" content=\"https:\/\/symwair.com\/wp-content\/uploads\/2025\/03\/3in1-netgrif.png\" \/>\n\t<meta property=\"og:image:width\" content=\"1366\" \/>\n\t<meta property=\"og:image:height\" content=\"768\" \/>\n\t<meta property=\"og:image:type\" content=\"image\/png\" \/>\n<meta name=\"twitter:card\" content=\"summary_large_image\" \/>\n<meta name=\"twitter:label1\" content=\"Predpokladan\u00fd \u010das \u010d\u00edtania\" \/>\n\t<meta name=\"twitter:data1\" content=\"3 min\u00faty\" \/>\n<script type=\"application\/ld+json\" class=\"yoast-schema-graph\">{\"@context\":\"https:\\\/\\\/schema.org\",\"@graph\":[{\"@type\":\"WebPage\",\"@id\":\"https:\\\/\\\/symwair.com\\\/privacy-policy\\\/\",\"url\":\"https:\\\/\\\/symwair.com\\\/privacy-policy\\\/\",\"name\":\"Privacy Policy - Digitalization of Business Processes &amp; BPM Solution for Companies\",\"isPartOf\":{\"@id\":\"https:\\\/\\\/symwair.com\\\/#website\"},\"primaryImageOfPage\":{\"@id\":\"https:\\\/\\\/symwair.com\\\/privacy-policy\\\/#primaryimage\"},\"image\":{\"@id\":\"https:\\\/\\\/symwair.com\\\/privacy-policy\\\/#primaryimage\"},\"thumbnailUrl\":\"https:\\\/\\\/symwair.com\\\/wp-content\\\/uploads\\\/2025\\\/03\\\/cropped-symwair_logo.png\",\"datePublished\":\"2025-03-19T09:14:36+00:00\",\"dateModified\":\"2025-05-23T17:42:21+00:00\",\"description\":\"Read our Privacy Policy to understand how we collect, use, and protect your personal data in compliance with GDPR and EU privacy laws. Your privacy is our priority.\",\"breadcrumb\":{\"@id\":\"https:\\\/\\\/symwair.com\\\/privacy-policy\\\/#breadcrumb\"},\"inLanguage\":\"sk-SK\",\"potentialAction\":[{\"@type\":\"ReadAction\",\"target\":[\"https:\\\/\\\/symwair.com\\\/privacy-policy\\\/\"]}]},{\"@type\":\"ImageObject\",\"inLanguage\":\"sk-SK\",\"@id\":\"https:\\\/\\\/symwair.com\\\/privacy-policy\\\/#primaryimage\",\"url\":\"https:\\\/\\\/symwair.com\\\/wp-content\\\/uploads\\\/2025\\\/03\\\/cropped-symwair_logo.png\",\"contentUrl\":\"https:\\\/\\\/symwair.com\\\/wp-content\\\/uploads\\\/2025\\\/03\\\/cropped-symwair_logo.png\",\"width\":512,\"height\":512,\"caption\":\"symwair_logo.png\"},{\"@type\":\"BreadcrumbList\",\"@id\":\"https:\\\/\\\/symwair.com\\\/privacy-policy\\\/#breadcrumb\",\"itemListElement\":[{\"@type\":\"ListItem\",\"position\":1,\"name\":\"Home\",\"item\":\"https:\\\/\\\/symwair.com\\\/\"},{\"@type\":\"ListItem\",\"position\":2,\"name\":\"Privacy Policy\"}]},{\"@type\":\"WebSite\",\"@id\":\"https:\\\/\\\/symwair.com\\\/#website\",\"url\":\"https:\\\/\\\/symwair.com\\\/\",\"name\":\"Smart Workflow Automation & Innovation\",\"description\":\"SYMWAIR\",\"publisher\":{\"@id\":\"https:\\\/\\\/symwair.com\\\/#organization\"},\"alternateName\":\"SYMWAIR\",\"potentialAction\":[{\"@type\":\"SearchAction\",\"target\":{\"@type\":\"EntryPoint\",\"urlTemplate\":\"https:\\\/\\\/symwair.com\\\/?s={search_term_string}\"},\"query-input\":{\"@type\":\"PropertyValueSpecification\",\"valueRequired\":true,\"valueName\":\"search_term_string\"}}],\"inLanguage\":\"sk-SK\"},{\"@type\":\"Organization\",\"@id\":\"https:\\\/\\\/symwair.com\\\/#organization\",\"name\":\"Symwair, s.r.o.\",\"alternateName\":\"SYMWAIR\",\"url\":\"https:\\\/\\\/symwair.com\\\/\",\"logo\":{\"@type\":\"ImageObject\",\"inLanguage\":\"sk-SK\",\"@id\":\"https:\\\/\\\/symwair.com\\\/#\\\/schema\\\/logo\\\/image\\\/\",\"url\":\"https:\\\/\\\/symwair.com\\\/wp-content\\\/uploads\\\/2025\\\/03\\\/symwair_logo.png\",\"contentUrl\":\"https:\\\/\\\/symwair.com\\\/wp-content\\\/uploads\\\/2025\\\/03\\\/symwair_logo.png\",\"width\":1000,\"height\":1000,\"caption\":\"Symwair, s.r.o.\"},\"image\":{\"@id\":\"https:\\\/\\\/symwair.com\\\/#\\\/schema\\\/logo\\\/image\\\/\"}}]}<\/script>\n<!-- \/ Yoast SEO plugin. -->","yoast_head_json":{"title":"Z\u00e1sady ochrany osobn\u00fdch \u00fadajov \u2013 Digitaliz\u00e1cia obchodn\u00fdch procesov a BPM rie\u0161enie pre spolo\u010dnosti","description":"Pre\u010d\u00edtajte si na\u0161e Z\u00e1sady ochrany osobn\u00fdch \u00fadajov, aby ste pochopili, ako zhroma\u017e\u010fujeme, pou\u017e\u00edvame a chr\u00e1nime va\u0161e osobn\u00e9 \u00fadaje v s\u00falade s GDPR a z\u00e1konmi E\u00da o ochrane osobn\u00fdch \u00fadajov. Va\u0161e s\u00fakromie je na\u0161ou prioritou.","robots":{"index":"index","follow":"follow","max-snippet":"max-snippet:-1","max-image-preview":"max-image-preview:large","max-video-preview":"max-video-preview:-1"},"canonical":"https:\/\/symwair.com\/sk\/zasady-ochrany-osobnych-udajov\/","og_locale":"sk_SK","og_type":"article","og_title":"Privacy Policy - Digitalization of Business Processes &amp; BPM Solution for Companies","og_description":"Read our Privacy Policy to understand how we collect, use, and protect your personal data in compliance with GDPR and EU privacy laws. Your privacy is our priority.","og_url":"https:\/\/symwair.com\/sk\/zasady-ochrany-osobnych-udajov\/","og_site_name":"Digitalization of Business Processes &amp; BPM Solution for Companies","article_modified_time":"2025-05-23T17:42:21+00:00","og_image":[{"width":1366,"height":768,"url":"https:\/\/symwair.com\/wp-content\/uploads\/2025\/03\/3in1-netgrif.png","type":"image\/png"}],"twitter_card":"summary_large_image","twitter_misc":{"Predpokladan\u00fd \u010das \u010d\u00edtania":"3 min\u00faty"},"schema":{"@context":"https:\/\/schema.org","@graph":[{"@type":"WebPage","@id":"https:\/\/symwair.com\/privacy-policy\/","url":"https:\/\/symwair.com\/privacy-policy\/","name":"Z\u00e1sady ochrany osobn\u00fdch \u00fadajov \u2013 Digitaliz\u00e1cia obchodn\u00fdch procesov a BPM rie\u0161enie pre spolo\u010dnosti","isPartOf":{"@id":"https:\/\/symwair.com\/#website"},"primaryImageOfPage":{"@id":"https:\/\/symwair.com\/privacy-policy\/#primaryimage"},"image":{"@id":"https:\/\/symwair.com\/privacy-policy\/#primaryimage"},"thumbnailUrl":"https:\/\/symwair.com\/wp-content\/uploads\/2025\/03\/cropped-symwair_logo.png","datePublished":"2025-03-19T09:14:36+00:00","dateModified":"2025-05-23T17:42:21+00:00","description":"Pre\u010d\u00edtajte si na\u0161e Z\u00e1sady ochrany osobn\u00fdch \u00fadajov, aby ste pochopili, ako zhroma\u017e\u010fujeme, pou\u017e\u00edvame a chr\u00e1nime va\u0161e osobn\u00e9 \u00fadaje v s\u00falade s GDPR a z\u00e1konmi E\u00da o ochrane osobn\u00fdch \u00fadajov. Va\u0161e s\u00fakromie je na\u0161ou prioritou.","breadcrumb":{"@id":"https:\/\/symwair.com\/privacy-policy\/#breadcrumb"},"inLanguage":"sk-SK","potentialAction":[{"@type":"ReadAction","target":["https:\/\/symwair.com\/privacy-policy\/"]}]},{"@type":"ImageObject","inLanguage":"sk-SK","@id":"https:\/\/symwair.com\/privacy-policy\/#primaryimage","url":"https:\/\/symwair.com\/wp-content\/uploads\/2025\/03\/cropped-symwair_logo.png","contentUrl":"https:\/\/symwair.com\/wp-content\/uploads\/2025\/03\/cropped-symwair_logo.png","width":512,"height":512,"caption":"symwair_logo.png"},{"@type":"BreadcrumbList","@id":"https:\/\/symwair.com\/privacy-policy\/#breadcrumb","itemListElement":[{"@type":"ListItem","position":1,"name":"Home","item":"https:\/\/symwair.com\/"},{"@type":"ListItem","position":2,"name":"Privacy Policy"}]},{"@type":"WebSite","@id":"https:\/\/symwair.com\/#website","url":"https:\/\/symwair.com\/","name":"Smart Workflow Automation &amp; Innovation","description":"SYMWAIR","publisher":{"@id":"https:\/\/symwair.com\/#organization"},"alternateName":"SYMWAIR","potentialAction":[{"@type":"SearchAction","target":{"@type":"EntryPoint","urlTemplate":"https:\/\/symwair.com\/?s={search_term_string}"},"query-input":{"@type":"PropertyValueSpecification","valueRequired":true,"valueName":"search_term_string"}}],"inLanguage":"sk-SK"},{"@type":"Organization","@id":"https:\/\/symwair.com\/#organization","name":"Symwair, s.r.o.","alternateName":"SYMWAIR","url":"https:\/\/symwair.com\/","logo":{"@type":"ImageObject","inLanguage":"sk-SK","@id":"https:\/\/symwair.com\/#\/schema\/logo\/image\/","url":"https:\/\/symwair.com\/wp-content\/uploads\/2025\/03\/symwair_logo.png","contentUrl":"https:\/\/symwair.com\/wp-content\/uploads\/2025\/03\/symwair_logo.png","width":1000,"height":1000,"caption":"Symwair, s.r.o."},"image":{"@id":"https:\/\/symwair.com\/#\/schema\/logo\/image\/"}}]}},"_links":{"self":[{"href":"https:\/\/symwair.com\/sk\/wp-json\/wp\/v2\/pages\/3","targetHints":{"allow":["GET"]}}],"collection":[{"href":"https:\/\/symwair.com\/sk\/wp-json\/wp\/v2\/pages"}],"about":[{"href":"https:\/\/symwair.com\/sk\/wp-json\/wp\/v2\/types\/page"}],"author":[{"embeddable":true,"href":"https:\/\/symwair.com\/sk\/wp-json\/wp\/v2\/users\/1"}],"replies":[{"embeddable":true,"href":"https:\/\/symwair.com\/sk\/wp-json\/wp\/v2\/comments?post=3"}],"version-history":[{"count":1,"href":"https:\/\/symwair.com\/sk\/wp-json\/wp\/v2\/pages\/3\/revisions"}],"predecessor-version":[{"id":131,"href":"https:\/\/symwair.com\/sk\/wp-json\/wp\/v2\/pages\/3\/revisions\/131"}],"wp:featuredmedia":[{"embeddable":true,"href":"https:\/\/symwair.com\/sk\/wp-json\/wp\/v2\/media\/252"}],"wp:attachment":[{"href":"https:\/\/symwair.com\/sk\/wp-json\/wp\/v2\/media?parent=3"}],"curies":[{"name":"pracovn\u00fd list","href":"https:\/\/api.w.org\/{rel}","templated":true}]}}