{"id":515,"date":"2025-05-03T20:55:18","date_gmt":"2025-05-03T18:55:18","guid":{"rendered":"https:\/\/symwair.com\/?page_id=515"},"modified":"2026-05-04T07:48:55","modified_gmt":"2026-05-04T05:48:55","slug":"o-nas","status":"publish","type":"page","link":"https:\/\/symwair.com\/sk\/about-us\/","title":{"rendered":"O n\u00e1s"},"content":{"rendered":"<div class=\"wp-block-columns is-layout-flex wp-container-core-columns-is-layout-28f84493 wp-block-columns-is-layout-flex\">\n<div class=\"wp-block-column is-layout-flow wp-block-column-is-layout-flow\" style=\"flex-basis:100%\">\n<main class=\"wp-block-group animated fadeInUp about-us-section is-layout-flow wp-container-core-group-is-layout-cc0d5a8c wp-block-group-is-layout-flow\" style=\"margin-top:0;margin-bottom:0;padding-top:0;padding-right:0;padding-bottom:0;padding-left:0\">\n<div class=\"wp-block-group alignfull has-large-font-size is-layout-grid wp-container-core-group-is-layout-f167b3ad wp-block-group-is-layout-grid\" style=\"padding-top:var(--wp--preset--spacing--30);padding-right:var(--wp--preset--spacing--40);padding-bottom:var(--wp--preset--spacing--30);padding-left:var(--wp--preset--spacing--40)\">\n<div class=\"wp-block-columns alignwide is-layout-flex wp-container-core-columns-is-layout-08c01c1c wp-block-columns-is-layout-flex\">\n<div class=\"wp-block-column is-layout-flow wp-block-column-is-layout-flow\" style=\"flex-basis:100%\">\n<p class=\"has-medium-font-size\"><bdo lang=\"en\" dir=\"ltr\">Spolo\u010dnos\u0165 SYMWAIR bola zalo\u017een\u00e1 s cie\u013eom poskytova\u0165 <strong>modern\u00e9 rie\u0161enia pre automatiz\u00e1ciu obchodn\u00fdch procesov<\/strong> a digitaliz\u00e1ciu prostredn\u00edctvom technol\u00f3gi\u00ed low-code a umelej inteligencie.<\/bdo><\/p>\n\n\n\n<p class=\"has-medium-font-size\">N\u00e1\u0161 t\u00edm m\u00e1 <strong>dlhoro\u010dn\u00e9 sk\u00fasenosti <\/strong>dod\u00e1vame komplexn\u00e9 softv\u00e9rov\u00e9 rie\u0161enia pre stredn\u00e9 a ve\u013ek\u00e9 podniky. Sme skupina profesion\u00e1lov, ktor\u00ed sa po pr\u00e1ci v nadn\u00e1rodn\u00fdch korpor\u00e1ci\u00e1ch alebo \u00faspe\u0161nom veden\u00ed nez\u00e1visl\u00fdch projektov rozhodli zamera\u0165 na poradenstvo a implement\u00e1ciu rie\u0161en\u00ed, ktor\u00e9 pom\u00e1haj\u00fa firm\u00e1m digitalizova\u0165 ich procesy efekt\u00edvne, r\u00fdchlo a spo\u013eahlivo.<\/p>\n\n\n\n<p class=\"has-medium-font-size\">V\u010faka na\u0161im odborn\u00fdm znalostiam dok\u00e1\u017eeme automatizova\u0165 elektronick\u00e9 formul\u00e1re, \u00falohy, pracovn\u00e9 postupy a aplik\u00e1cie a bezprobl\u00e9movo ich integrova\u0165 s existuj\u00facim podnikov\u00fdm softv\u00e9rom.<\/p>\n\n\n\n<p class=\"has-medium-font-size\">Pom\u00e1hame spolo\u010dnostiam optimalizova\u0165 procesy, ktor\u00fdch digitaliz\u00e1cia bola predt\u00fdm pr\u00edli\u0161 n\u00e1kladn\u00e1 alebo zlo\u017eit\u00e1, \u010d\u00edm dosahujeme merate\u013en\u00fd vplyv a podporujeme ich rast a produktivitu.<\/p>\n\n\n\n<p class=\"has-medium-font-size\">Na\u0161\u00edm poslan\u00edm je poskytova\u0165 rie\u0161enia, ktor\u00e9 s\u00fa<strong> intuit\u00edvne, flexibiln\u00e9 a pr\u00edstupn\u00e9<\/strong>, \u010do umo\u017e\u0148uje na\u0161im klientom prevzia\u0165 kontrolu nad vlastn\u00fdmi procesmi bez nutnosti budovania nov\u00e9ho IT t\u00edmu.<\/p>\n\n\n\n<p class=\"has-medium-font-size\"><strong>Spo\u013eahlivos\u0165, inov\u00e1cia, <\/strong>a zameranie na<strong> skuto\u010dn\u00fd vplyv <\/strong>s\u00fa z\u00e1kladn\u00e9 hodnoty, ktor\u00fdmi sa riadime v ka\u017edom projekte.<\/p>\n\n\n\n<p class=\"has-medium-font-size\">Te\u0161\u00edme sa na spolupr\u00e1cu a na spolo\u010dn\u00e9 posilnenie Va\u0161ich procesov na vy\u0161\u0161iu \u00farove\u0148. <\/p>\n<\/div>\n<\/div>\n<\/div>\n<\/main>\n<\/div>\n<\/div>\n\n\n\n<div class=\"wp-block-group animated fadeInUp team-section has-global-padding is-layout-constrained wp-container-core-group-is-layout-f6acdfd4 wp-block-group-is-layout-constrained\" style=\"margin-top:0;margin-bottom:0;padding-top:0;padding-right:20px;padding-bottom:0;padding-left:20px\">\n<h2 class=\"wp-block-heading has-text-align-center has-heading-text-color-color has-text-color has-link-color has-body-font-family wp-elements-d8dd1ffb2d8f09df7647b863b07eb329\" style=\"margin-bottom:0;font-size:clamp(20px, 1.25rem + ((1vw - 3.2px) * 1.176), 32px);font-style:normal;font-weight:700\">N\u00e1\u0161 \u00fa\u017easn\u00fd t\u00edm<\/h2>\n<\/div>\n\n\n\n<div class=\"wp-block-group has-global-padding is-layout-constrained wp-block-group-is-layout-constrained\">\n<div class=\"wp-block-group animated fadeInUp faq-section has-global-padding is-layout-constrained wp-container-core-group-is-layout-3a5d0737 wp-block-group-is-layout-constrained\" style=\"margin-top:0;margin-bottom:0;padding-top:0;padding-right:20px;padding-bottom:0;padding-left:20px\">\n<div class=\"wp-block-group has-global-padding is-layout-constrained wp-container-core-group-is-layout-e4eaaeb1 wp-block-group-is-layout-constrained\">\n<h2 class=\"wp-block-heading has-text-align-center has-heading-text-color-color has-text-color has-link-color has-body-font-family wp-elements-c99f3f8b30d7975c4fe49e9effc1e07e\" style=\"font-size:clamp(20px, 1.25rem + ((1vw - 3.2px) * 1.176), 32px);font-style:normal;font-weight:600\">\u010casto kladen\u00e9 ot\u00e1zky<\/h2>\n<\/div>\n\n\n\n<div class=\"wp-block-group alignwide has-global-padding is-content-justification-center is-layout-constrained wp-block-group-is-layout-constrained\" id=\"faq\">\n<h2 class=\"wp-block-heading has-text-align-center has-x-large-font-size\" style=\"padding-top:var(--wp--preset--spacing--20);padding-bottom:var(--wp--preset--spacing--20)\">\u010casto kladen\u00e9 ot\u00e1zky<\/h2>\n\n\n\n<div class=\"wp-block-group has-medium-font-size is-layout-flow wp-container-core-group-is-layout-9b635ac4 wp-block-group-is-layout-flow\">\n<div class=\"wp-block-columns alignwide are-vertically-aligned-center is-layout-flex wp-container-core-columns-is-layout-967d05ff wp-block-columns-is-layout-flex\" style=\"margin-top:var(--wp--preset--spacing--40)\">\n<div class=\"wp-block-column is-vertically-aligned-center wow animate__animated animate__fadeInUp is-layout-flow wp-block-column-is-layout-flow\" style=\"flex-basis:100%\">\n<div class=\"wp-block-group has-global-padding is-layout-constrained wp-block-group-is-layout-constrained\" style=\"margin-top:0;margin-bottom:0;padding-top:0;padding-bottom:0\">\n<details class=\"wp-block-details has-border-radius has-primary-background-color has-background is-layout-flow wp-block-details-is-layout-flow\" style=\"padding-top:var(--wp--preset--spacing--10);padding-right:var(--wp--preset--spacing--10);padding-bottom:var(--wp--preset--spacing--10);padding-left:var(--wp--preset--spacing--10)\"><summary>\u010co znamen\u00e1 n\u00e1zov \u201eSYMWAIR\u201c?<\/summary>\n<p><strong>SYMWAIR<\/strong> mo\u017eno interpretova\u0165 ako n\u00e1zov, ktor\u00fd steles\u0148uje podstatu n\u00e1\u0161ho poslania a hodn\u00f4t:<\/p>\n\n\n\n<p><strong>SYM<\/strong> \u2013 skratka pre <em>synergia<\/em> alebo <em>symbi\u00f3za<\/em>, \u010do predstavuje spolupr\u00e1cu, integr\u00e1ciu a bezprobl\u00e9mov\u00e9 prepojenie medzi technol\u00f3giou a \u013eudsk\u00fdmi poznatkami. To odr\u00e1\u017ea na\u0161u hodnotu <strong>In\u0161pirova\u0165<\/strong> t\u00fdm, \u017ee posiln\u00ed t\u00edmy a podniky, aby mohli spolupracova\u0165 inteligentnej\u0161ie.<\/p>\n\n\n\n<p><strong>WAI<\/strong> \u2013 evokuje <em>cesta<\/em> alebo <em>inteligencia<\/em>, \u010do symbolizuje inteligentn\u00e9, efekt\u00edvne a inovat\u00edvne rie\u0161enia, ktor\u00e9 poskytujeme. To je v s\u00falade s <strong>Inovova\u0165<\/strong>, preto\u017ee neust\u00e1le sk\u00famame nov\u00e9 technol\u00f3gie a pr\u00edstupy na dosiahnutie zmysluplnej automatiz\u00e1cie a inteligentnej\u0161\u00edch procesov.<\/p>\n\n\n\n<p><strong>R<\/strong> \u2013 znamen\u00e1 <em>v\u00fdsledky<\/em>, <em>skuto\u010dn\u00fd vplyv<\/em>, alebo <em>spo\u013eahlivos\u0165<\/em>, pri\u010dom zd\u00f4raz\u0148ujeme n\u00e1\u0161 z\u00e1v\u00e4zok k hmatate\u013en\u00fdm v\u00fdsledkom. Toto priamo s\u00favis\u00ed s <strong>Dopad<\/strong>, ke\u010f\u017ee sa zameriavame na merate\u013en\u00e9 zlep\u0161enia, ktor\u00e9 optimalizuj\u00fa pracovn\u00e9 postupy a prin\u00e1\u0161aj\u00fa skuto\u010dn\u00fd rozdiel pre na\u0161ich klientov.<\/p>\n<\/details>\n\n\n\n<details class=\"wp-block-details has-border-radius has-primary-background-color has-background is-layout-flow wp-block-details-is-layout-flow\" style=\"padding-top:var(--wp--preset--spacing--10);padding-right:var(--wp--preset--spacing--10);padding-bottom:var(--wp--preset--spacing--10);padding-left:var(--wp--preset--spacing--10)\"><summary>\u010c\u00edm sa SYMWAIR l\u00ed\u0161i od ostatn\u00fdch poskytovate\u013eov IT slu\u017eieb?<\/summary>\n<p><strong>Automatiz\u00e1cia s low-code a umelou inteligenciou<\/strong><br>Na rozdiel od tradi\u010dn\u00fdch poskytovate\u013eov IT slu\u017eieb, SYMWAIR kombinuje schopnosti umelej inteligencie s low-code dizajnom, \u010do umo\u017e\u0148uje r\u00fdchlej\u0161ie nasadenie, jednoduch\u0161iu spr\u00e1vu a vysoko prisp\u00f4sobiv\u00e9 pracovn\u00e9 postupy.<\/p>\n\n\n\n<p><strong>Posil\u0148ovanie, nielen dosahovanie v\u00fdsledkov<\/strong><br>Neimplementujeme len rie\u0161enia \u2013 umo\u017e\u0148ujeme Va\u0161im t\u00edmom nez\u00e1visle kontrolova\u0165, optimalizova\u0165 a vyv\u00edja\u0165 Va\u0161e procesy, \u010d\u00edm zni\u017eujeme z\u00e1vislos\u0165 od dod\u00e1vate\u013eov.<\/p>\n\n\n\n<p><strong>R\u00fdchle, cenovo v\u00fdhodn\u00e9 a \u0161k\u00e1lovate\u013en\u00e9<\/strong><br>Na\u0161e rie\u0161enia s\u00fa navrhnut\u00e9 tak, aby priniesli r\u00fdchlu n\u00e1vratnos\u0165 invest\u00edci\u00ed bez vysok\u00fdch n\u00e1kladov alebo zlo\u017eitosti legacy syst\u00e9mov a boli bezprobl\u00e9movo \u0161k\u00e1lovate\u013en\u00e9 s rastom v\u00e1\u0161ho podnikania.<\/p>\n\n\n\n<p><strong>Merate\u013en\u00fd vplyv na podnikanie<\/strong><br>Ka\u017ed\u00fd projekt SYMWAIR je zameran\u00fd na hmatate\u013en\u00e9 v\u00fdsledky: zlep\u0161enie prev\u00e1dzkovej efekt\u00edvnosti, zefekt\u00edvnenie pracovn\u00fdch postupov a merate\u013en\u00e9 zv\u00fd\u0161enie v\u00fdkonnosti.<\/p>\n\n\n\n<p><strong>Flexibiln\u00e9 naprie\u010d odvetviami<\/strong><br>Od stredne ve\u013ek\u00fdch podnikov a\u017e po organiz\u00e1cie verejn\u00e9ho sektora, na\u0161e rie\u0161enia sa prisp\u00f4sobuj\u00fa jedine\u010dn\u00fdm potreb\u00e1m a z\u00e1rove\u0148 zais\u0165uj\u00fa bezpe\u010dnos\u0165, s\u00falad s predpismi a bezprobl\u00e9mov\u00fa integr\u00e1ciu.<\/p>\n<\/details>\n\n\n\n<details class=\"wp-block-details has-border-radius has-primary-background-color has-background is-layout-flow wp-block-details-is-layout-flow\" style=\"padding-top:var(--wp--preset--spacing--10);padding-right:var(--wp--preset--spacing--10);padding-bottom:var(--wp--preset--spacing--10);padding-left:var(--wp--preset--spacing--10)\"><summary>Pre\u010do sa spolo\u010dnos\u0165 SYMWAIR rozhodla spolupracova\u0165 s platformou Netgrif?<\/summary>\n<p>Boli sme ohromen\u00ed r\u00fdchlos\u0165ou v\u00fdvoja, flexibilitou jedine\u010dn\u00e9ho d\u00e1tov\u00e9ho modelu a schopnos\u0165ou r\u00fdchlo dod\u00e1va\u0165 podnikov\u00e9 aplik\u00e1cie bez r\u00e9\u017eie tradi\u010dn\u00e9ho v\u00fdvoja softv\u00e9ru.<\/p>\n<\/details>\n\n\n\n<details class=\"wp-block-details has-border-radius has-primary-background-color has-background is-layout-flow wp-block-details-is-layout-flow\" style=\"padding-top:var(--wp--preset--spacing--10);padding-right:var(--wp--preset--spacing--10);padding-bottom:var(--wp--preset--spacing--10);padding-left:var(--wp--preset--spacing--10)\"><summary>Ak\u00e9 typy procesov je mo\u017en\u00e9 digitalizova\u0165?<\/summary>\n<p>Prakticky ak\u00fdko\u013evek opakovate\u013en\u00fd obchodn\u00fd proces \u2013 od intern\u00fdch schva\u013eovac\u00edch pracovn\u00fdch postupov a n\u00e1stupu do HR a\u017e po \u00falohy z\u00e1kazn\u00edckeho servisu a dodr\u017eiavanie predpisov \u2013 je mo\u017en\u00e9 automatizova\u0165 a digitalizova\u0165.<\/p>\n<\/details>\n\n\n\n<details class=\"wp-block-details has-border-radius has-primary-background-color has-background is-layout-flow wp-block-details-is-layout-flow\" style=\"padding-top:var(--wp--preset--spacing--10);padding-right:var(--wp--preset--spacing--10);padding-bottom:var(--wp--preset--spacing--10);padding-left:var(--wp--preset--spacing--10)\"><summary>Ak\u00fd je v\u00e1\u0161 pr\u00edstup k realiz\u00e1cii projektu?<\/summary>\n<p>Pon\u00fakame <strong>komplexn\u00e9 slu\u017eby<\/strong>: anal\u00fdza procesov, n\u00e1vrh, modelovanie, implement\u00e1cia, testovanie a \u0161kolenie. N\u00e1\u0161 konzulta\u010dn\u00fd pr\u00edstup zabezpe\u010duje, \u017ee rie\u0161enia s\u00fa prisp\u00f4soben\u00e9 potreb\u00e1m ka\u017ed\u00e9ho klienta.<\/p>\n<\/details>\n\n\n\n<details class=\"wp-block-details has-border-radius has-primary-background-color has-background is-layout-flow wp-block-details-is-layout-flow\" style=\"padding-top:var(--wp--preset--spacing--10);padding-right:var(--wp--preset--spacing--10);padding-bottom:var(--wp--preset--spacing--10);padding-left:var(--wp--preset--spacing--10)\"><summary>Viete sa integrova\u0165 s na\u0161imi existuj\u00facimi syst\u00e9mami?<\/summary>\n<p>\u00c1no. Podporujeme integr\u00e1ciu prostredn\u00edctvom REST API a in\u00fdch \u0161tandardn\u00fdch protokolov, \u010do umo\u017e\u0148uje bezprobl\u00e9mov\u00e9 prepojenie s ERP, CRM a in\u00fdmi obchodn\u00fdmi syst\u00e9mami.<\/p>\n<\/details>\n\n\n\n<details class=\"wp-block-details has-border-radius has-primary-background-color has-background is-layout-flow wp-block-details-is-layout-flow\" style=\"padding-top:var(--wp--preset--spacing--10);padding-right:var(--wp--preset--spacing--10);padding-bottom:var(--wp--preset--spacing--10);padding-left:var(--wp--preset--spacing--10)\"><summary>Potrebujeme si vybudova\u0165 intern\u00fd IT t\u00edm?<\/summary>\n<p>Nie. Jednou zo siln\u00fdch str\u00e1nok platformy je, \u017ee firemn\u00ed pou\u017e\u00edvatelia m\u00f4\u017eu spravova\u0165 a upravova\u0165 aplik\u00e1cie po nasaden\u00ed, \u010d\u00edm sa zni\u017euje z\u00e1vislos\u0165 od IT t\u00edmov.<\/p>\n<\/details>\n\n\n\n<details class=\"wp-block-details has-border-radius has-primary-background-color has-background is-layout-flow wp-block-details-is-layout-flow\" style=\"padding-top:var(--wp--preset--spacing--10);padding-right:var(--wp--preset--spacing--10);padding-bottom:var(--wp--preset--spacing--10);padding-left:var(--wp--preset--spacing--10)\"><summary>Je n\u00edzkok\u00f3dov\u00e1 BPMN n\u00e1kladovo efekt\u00edvna pre mal\u00e9 a stredn\u00e9 podniky alebo len pre ve\u013ek\u00e9 podniky?<\/summary>\n<p>Netgrif je vhodn\u00fd pre mal\u00e9 a stredn\u00e9 podniky aj ve\u013ek\u00e9 podniky. Jeho licencovanie a model r\u00fdchleho v\u00fdvoja ho robia n\u00e1kladovo efekt\u00edvnym aj pre procesy, ktor\u00fdch digitaliz\u00e1cia bola predt\u00fdm pr\u00edli\u0161 drah\u00e1.<\/p>\n<\/details>\n\n\n\n<details class=\"wp-block-details has-border-radius has-primary-background-color has-background is-layout-flow wp-block-details-is-layout-flow\" style=\"padding-top:var(--wp--preset--spacing--10);padding-right:var(--wp--preset--spacing--10);padding-bottom:var(--wp--preset--spacing--10);padding-left:var(--wp--preset--spacing--10)\"><summary>Ak\u00fd je typick\u00fd \u010das a hodnota pre rie\u0161enie zalo\u017een\u00e9 na platforme Netgrif?<\/summary>\n<p>V z\u00e1vislosti od zlo\u017eitosti m\u00f4\u017eu by\u0165 MVP dodan\u00e9 v priebehu nieko\u013ek\u00fdch t\u00fd\u017ed\u0148ov \u2013 niekedy dokonca dn\u00ed \u2013 pri\u010dom kompletn\u00e9 rie\u0161enia \u010dasto existuj\u00fa do 3 mesiacov.<\/p>\n<\/details>\n<\/div>\n<\/div>\n<\/div>\n<\/div>\n<\/div>\n<\/div>\n<\/div>\n\n\n\n<p><\/p>","protected":false},"excerpt":{"rendered":"<p>SYMWAIR was founded with the goal of delivering modern solutions for business process automation and digitalization through low-code and AI technologies. Our team has many years of experience delivering end-to-end software solutions for medium and large enterprises. We are a group of professionals who, after working in multinational corporations or running successful independent projects, decided [&hellip;]<\/p>\n","protected":false},"author":1,"featured_media":252,"parent":0,"menu_order":0,"comment_status":"closed","ping_status":"closed","template":"","meta":{"footnotes":""},"class_list":["post-515","page","type-page","status-publish","has-post-thumbnail","hentry"],"yoast_head":"<!-- This site is optimized with the Yoast SEO plugin v27.5 - https:\/\/yoast.com\/product\/yoast-seo-wordpress\/ -->\n<title>About Symwair: Revolutionizing Business Processes - Digitalization of Business Processes &amp; BPM Solution for Companies<\/title>\n<meta name=\"description\" content=\"Discover what SYMWAIR offers in business process automation and digitalization through low-code and AI technologies.\" \/>\n<meta name=\"robots\" content=\"index, follow, max-snippet:-1, max-image-preview:large, max-video-preview:-1\" \/>\n<link rel=\"canonical\" href=\"https:\/\/symwair.com\/sk\/o-nas\/\" \/>\n<meta property=\"og:locale\" content=\"sk_SK\" \/>\n<meta property=\"og:type\" content=\"article\" \/>\n<meta property=\"og:title\" content=\"About Symwair: Revolutionizing Business Processes - Digitalization of Business Processes &amp; BPM Solution for Companies\" \/>\n<meta property=\"og:description\" content=\"Discover what SYMWAIR offers in business process automation and digitalization through low-code and AI technologies.\" \/>\n<meta property=\"og:url\" content=\"https:\/\/symwair.com\/sk\/o-nas\/\" \/>\n<meta property=\"og:site_name\" content=\"Digitalization of Business Processes &amp; BPM Solution for Companies\" \/>\n<meta property=\"article:modified_time\" content=\"2026-05-04T05:48:55+00:00\" \/>\n<meta property=\"og:image\" content=\"https:\/\/symwair.com\/wp-content\/uploads\/2025\/03\/cropped-symwair_logo.png\" \/>\n\t<meta property=\"og:image:width\" content=\"512\" \/>\n\t<meta property=\"og:image:height\" content=\"512\" \/>\n\t<meta property=\"og:image:type\" content=\"image\/png\" \/>\n<meta name=\"twitter:card\" content=\"summary_large_image\" \/>\n<meta name=\"twitter:label1\" content=\"Predpokladan\u00fd \u010das \u010d\u00edtania\" \/>\n\t<meta name=\"twitter:data1\" content=\"4 min\u00faty\" \/>\n<script type=\"application\/ld+json\" class=\"yoast-schema-graph\">{\"@context\":\"https:\\\/\\\/schema.org\",\"@graph\":[{\"@type\":[\"WebPage\",\"AboutPage\"],\"@id\":\"https:\\\/\\\/symwair.com\\\/about-us\\\/\",\"url\":\"https:\\\/\\\/symwair.com\\\/about-us\\\/\",\"name\":\"About Symwair: Revolutionizing Business Processes - Digitalization of Business Processes &amp; BPM Solution for Companies\",\"isPartOf\":{\"@id\":\"https:\\\/\\\/symwair.com\\\/#website\"},\"primaryImageOfPage\":{\"@id\":\"https:\\\/\\\/symwair.com\\\/about-us\\\/#primaryimage\"},\"image\":{\"@id\":\"https:\\\/\\\/symwair.com\\\/about-us\\\/#primaryimage\"},\"thumbnailUrl\":\"https:\\\/\\\/symwair.com\\\/wp-content\\\/uploads\\\/2025\\\/03\\\/cropped-symwair_logo.png\",\"datePublished\":\"2025-05-03T18:55:18+00:00\",\"dateModified\":\"2026-05-04T05:48:55+00:00\",\"description\":\"Discover what SYMWAIR offers in business process automation and digitalization through low-code and AI technologies.\",\"breadcrumb\":{\"@id\":\"https:\\\/\\\/symwair.com\\\/about-us\\\/#breadcrumb\"},\"inLanguage\":\"sk-SK\",\"potentialAction\":[{\"@type\":\"ReadAction\",\"target\":[\"https:\\\/\\\/symwair.com\\\/about-us\\\/\"]}]},{\"@type\":\"ImageObject\",\"inLanguage\":\"sk-SK\",\"@id\":\"https:\\\/\\\/symwair.com\\\/about-us\\\/#primaryimage\",\"url\":\"https:\\\/\\\/symwair.com\\\/wp-content\\\/uploads\\\/2025\\\/03\\\/cropped-symwair_logo.png\",\"contentUrl\":\"https:\\\/\\\/symwair.com\\\/wp-content\\\/uploads\\\/2025\\\/03\\\/cropped-symwair_logo.png\",\"width\":512,\"height\":512,\"caption\":\"symwair_logo.png\"},{\"@type\":\"BreadcrumbList\",\"@id\":\"https:\\\/\\\/symwair.com\\\/about-us\\\/#breadcrumb\",\"itemListElement\":[{\"@type\":\"ListItem\",\"position\":1,\"name\":\"Home\",\"item\":\"https:\\\/\\\/symwair.com\\\/\"},{\"@type\":\"ListItem\",\"position\":2,\"name\":\"About Us\"}]},{\"@type\":\"WebSite\",\"@id\":\"https:\\\/\\\/symwair.com\\\/#website\",\"url\":\"https:\\\/\\\/symwair.com\\\/\",\"name\":\"Smart Workflow Automation & Innovation\",\"description\":\"SYMWAIR\",\"publisher\":{\"@id\":\"https:\\\/\\\/symwair.com\\\/#organization\"},\"alternateName\":\"SYMWAIR\",\"potentialAction\":[{\"@type\":\"SearchAction\",\"target\":{\"@type\":\"EntryPoint\",\"urlTemplate\":\"https:\\\/\\\/symwair.com\\\/?s={search_term_string}\"},\"query-input\":{\"@type\":\"PropertyValueSpecification\",\"valueRequired\":true,\"valueName\":\"search_term_string\"}}],\"inLanguage\":\"sk-SK\"},{\"@type\":\"Organization\",\"@id\":\"https:\\\/\\\/symwair.com\\\/#organization\",\"name\":\"Symwair, s.r.o.\",\"alternateName\":\"SYMWAIR\",\"url\":\"https:\\\/\\\/symwair.com\\\/\",\"logo\":{\"@type\":\"ImageObject\",\"inLanguage\":\"sk-SK\",\"@id\":\"https:\\\/\\\/symwair.com\\\/#\\\/schema\\\/logo\\\/image\\\/\",\"url\":\"https:\\\/\\\/symwair.com\\\/wp-content\\\/uploads\\\/2025\\\/03\\\/symwair_logo.png\",\"contentUrl\":\"https:\\\/\\\/symwair.com\\\/wp-content\\\/uploads\\\/2025\\\/03\\\/symwair_logo.png\",\"width\":1000,\"height\":1000,\"caption\":\"Symwair, s.r.o.\"},\"image\":{\"@id\":\"https:\\\/\\\/symwair.com\\\/#\\\/schema\\\/logo\\\/image\\\/\"}}]}<\/script>\n<!-- \/ Yoast SEO plugin. -->","yoast_head_json":{"title":"O spolo\u010dnosti Symwair: Revol\u00facia v obchodn\u00fdch procesoch - Digitaliz\u00e1cia obchodn\u00fdch procesov a BPM rie\u0161enie pre spolo\u010dnosti","description":"Objavte, \u010do spolo\u010dnos\u0165 SYMWAIR pon\u00faka v oblasti automatiz\u00e1cie obchodn\u00fdch procesov a digitaliz\u00e1cie prostredn\u00edctvom technol\u00f3gi\u00ed low-code a umelej inteligencie.","robots":{"index":"index","follow":"follow","max-snippet":"max-snippet:-1","max-image-preview":"max-image-preview:large","max-video-preview":"max-video-preview:-1"},"canonical":"https:\/\/symwair.com\/sk\/o-nas\/","og_locale":"sk_SK","og_type":"article","og_title":"About Symwair: Revolutionizing Business Processes - Digitalization of Business Processes &amp; BPM Solution for Companies","og_description":"Discover what SYMWAIR offers in business process automation and digitalization through low-code and AI technologies.","og_url":"https:\/\/symwair.com\/sk\/o-nas\/","og_site_name":"Digitalization of Business Processes &amp; BPM Solution for Companies","article_modified_time":"2026-05-04T05:48:55+00:00","og_image":[{"width":512,"height":512,"url":"https:\/\/symwair.com\/wp-content\/uploads\/2025\/03\/cropped-symwair_logo.png","type":"image\/png"}],"twitter_card":"summary_large_image","twitter_misc":{"Predpokladan\u00fd \u010das \u010d\u00edtania":"4 min\u00faty"},"schema":{"@context":"https:\/\/schema.org","@graph":[{"@type":["WebPage","AboutPage"],"@id":"https:\/\/symwair.com\/about-us\/","url":"https:\/\/symwair.com\/about-us\/","name":"O spolo\u010dnosti Symwair: Revol\u00facia v obchodn\u00fdch procesoch - Digitaliz\u00e1cia obchodn\u00fdch procesov a BPM rie\u0161enie pre spolo\u010dnosti","isPartOf":{"@id":"https:\/\/symwair.com\/#website"},"primaryImageOfPage":{"@id":"https:\/\/symwair.com\/about-us\/#primaryimage"},"image":{"@id":"https:\/\/symwair.com\/about-us\/#primaryimage"},"thumbnailUrl":"https:\/\/symwair.com\/wp-content\/uploads\/2025\/03\/cropped-symwair_logo.png","datePublished":"2025-05-03T18:55:18+00:00","dateModified":"2026-05-04T05:48:55+00:00","description":"Objavte, \u010do spolo\u010dnos\u0165 SYMWAIR pon\u00faka v oblasti automatiz\u00e1cie obchodn\u00fdch procesov a digitaliz\u00e1cie prostredn\u00edctvom technol\u00f3gi\u00ed low-code a umelej inteligencie.","breadcrumb":{"@id":"https:\/\/symwair.com\/about-us\/#breadcrumb"},"inLanguage":"sk-SK","potentialAction":[{"@type":"ReadAction","target":["https:\/\/symwair.com\/about-us\/"]}]},{"@type":"ImageObject","inLanguage":"sk-SK","@id":"https:\/\/symwair.com\/about-us\/#primaryimage","url":"https:\/\/symwair.com\/wp-content\/uploads\/2025\/03\/cropped-symwair_logo.png","contentUrl":"https:\/\/symwair.com\/wp-content\/uploads\/2025\/03\/cropped-symwair_logo.png","width":512,"height":512,"caption":"symwair_logo.png"},{"@type":"BreadcrumbList","@id":"https:\/\/symwair.com\/about-us\/#breadcrumb","itemListElement":[{"@type":"ListItem","position":1,"name":"Home","item":"https:\/\/symwair.com\/"},{"@type":"ListItem","position":2,"name":"About Us"}]},{"@type":"WebSite","@id":"https:\/\/symwair.com\/#website","url":"https:\/\/symwair.com\/","name":"Smart Workflow Automation &amp; Innovation","description":"SYMWAIR","publisher":{"@id":"https:\/\/symwair.com\/#organization"},"alternateName":"SYMWAIR","potentialAction":[{"@type":"SearchAction","target":{"@type":"EntryPoint","urlTemplate":"https:\/\/symwair.com\/?s={search_term_string}"},"query-input":{"@type":"PropertyValueSpecification","valueRequired":true,"valueName":"search_term_string"}}],"inLanguage":"sk-SK"},{"@type":"Organization","@id":"https:\/\/symwair.com\/#organization","name":"Symwair, s.r.o.","alternateName":"SYMWAIR","url":"https:\/\/symwair.com\/","logo":{"@type":"ImageObject","inLanguage":"sk-SK","@id":"https:\/\/symwair.com\/#\/schema\/logo\/image\/","url":"https:\/\/symwair.com\/wp-content\/uploads\/2025\/03\/symwair_logo.png","contentUrl":"https:\/\/symwair.com\/wp-content\/uploads\/2025\/03\/symwair_logo.png","width":1000,"height":1000,"caption":"Symwair, s.r.o."},"image":{"@id":"https:\/\/symwair.com\/#\/schema\/logo\/image\/"}}]}},"_links":{"self":[{"href":"https:\/\/symwair.com\/sk\/wp-json\/wp\/v2\/pages\/515","targetHints":{"allow":["GET"]}}],"collection":[{"href":"https:\/\/symwair.com\/sk\/wp-json\/wp\/v2\/pages"}],"about":[{"href":"https:\/\/symwair.com\/sk\/wp-json\/wp\/v2\/types\/page"}],"author":[{"embeddable":true,"href":"https:\/\/symwair.com\/sk\/wp-json\/wp\/v2\/users\/1"}],"replies":[{"embeddable":true,"href":"https:\/\/symwair.com\/sk\/wp-json\/wp\/v2\/comments?post=515"}],"version-history":[{"count":6,"href":"https:\/\/symwair.com\/sk\/wp-json\/wp\/v2\/pages\/515\/revisions"}],"predecessor-version":[{"id":194432,"href":"https:\/\/symwair.com\/sk\/wp-json\/wp\/v2\/pages\/515\/revisions\/194432"}],"wp:featuredmedia":[{"embeddable":true,"href":"https:\/\/symwair.com\/sk\/wp-json\/wp\/v2\/media\/252"}],"wp:attachment":[{"href":"https:\/\/symwair.com\/sk\/wp-json\/wp\/v2\/media?parent=515"}],"curies":[{"name":"pracovn\u00fd list","href":"https:\/\/api.w.org\/{rel}","templated":true}]}}